{"id":7723,"date":"2026-03-25T12:38:45","date_gmt":"2026-03-25T11:38:45","guid":{"rendered":"https:\/\/vienna.wordcamp.org\/2026\/?page_id=7723"},"modified":"2026-03-26T14:02:54","modified_gmt":"2026-03-26T13:02:54","slug":"invoice","status":"publish","type":"page","link":"https:\/\/vienna.wordcamp.org\/2026\/invoice\/","title":{"rendered":"Rechnung"},"content":{"rendered":"\n<div class=\"wp-block-group is-content-justification-right is-nowrap is-layout-flex wp-container-core-group-is-layout-6685062c wp-block-group-is-layout-flex\" style=\"margin-bottom:var(--wp--preset--spacing--50)\">\n<figure class=\"wp-block-image size-full is-resized is-style-default\"><img loading=\"lazy\" decoding=\"async\" width=\"80\" height=\"80\" src=\"https:\/\/vienna.wordcamp.org\/2026\/files\/2025\/11\/invader.png\" alt=\"\" class=\"wp-image-5399\" style=\"width:30px\" \/><\/figure>\n\n\n\n<p class=\"has-medium-font-size wp-block-paragraph\" style=\"border-bottom-color:var(--wp--preset--color--accent-2);border-bottom-style:dotted\"><strong>Deutsch<\/strong> \/ <a href=\"https:\/\/vienna.wordcamp.org\/en\/invoice\/\" data-type=\"page\" data-id=\"7716\">English<\/a><\/p>\n<\/div>\n\n\n\n<p class=\"wp-block-paragraph\">Wenn du eine Rechnung f\u00fcr dein WordCamp Vienna-Ticket brauchst, vor allem, wenn du ein Unternehmen oder Selbstst\u00e4ndiger bist und die Kosten geltend machen musst, melde dich einfach.<\/p>\n\n\n\n<p class=\"wp-block-paragraph\">Bitte beachte: F\u00fcr Tickets zu allen WordCamps gibt&#8217;s keine Mehrwertsteuer auf den Rechnungen. Die kannst du also nicht zur\u00fcckfordern.<\/p>\n\n\n\n<h2 class=\"wp-block-heading\">Kreuze das K\u00e4stchen an<\/h2>\n\n\n\n<p class=\"wp-block-paragraph\">Wenn du willst, dass das System deine Rechnung automatisch erstellt, dann kreuze einfach das K\u00e4stchen an.<\/p>\n\n\n\n<p class=\"wp-block-paragraph\">Das K\u00e4stchen findest du unten auf der zweiten Seite des Formulars. Es ist kurz bevor du deine Zahlungsmethode ausw\u00e4hlst, wie du auf dem Beispielbild sehen kannst.<\/p>\n\n\n\n<figure class=\"wp-block-image size-full\"><img loading=\"lazy\" decoding=\"async\" width=\"652\" height=\"438\" src=\"https:\/\/vienna.wordcamp.org\/2026\/files\/2026\/03\/wcvie-tickets-checkout.png\" alt=\"\" class=\"wp-image-7717\" srcset=\"https:\/\/vienna.wordcamp.org\/2026\/files\/2026\/03\/wcvie-tickets-checkout.png 652w, https:\/\/vienna.wordcamp.org\/2026\/files\/2026\/03\/wcvie-tickets-checkout-300x202.png 300w, https:\/\/vienna.wordcamp.org\/2026\/files\/2026\/03\/wcvie-tickets-checkout-447x300.png 447w\" sizes=\"auto, (max-width: 652px) 100vw, 652px\" \/><\/figure>\n\n\n\n<p class=\"wp-block-paragraph\">Wenn du das K\u00e4stchen anklickst, werden die Felder aktiviert. Dann kannst du deinen Namen, deine Adresse, deine E-Mail-Adresse und deine Steuernummer eingeben.<\/p>\n\n\n\n<p class=\"wp-block-paragraph\">WICHTIG: Die Rechnung wird an die E-Mail-Adresse geschickt, die du als Firmen-E-Mail angegeben hast. Bitte sicher dir, dass du da auch Zugriff auf hast.<\/p>\n\n\n\n<h2 class=\"wp-block-heading\">Was, wenn du es vergessen hast?<\/h2>\n\n\n\n<p class=\"wp-block-paragraph\">Wenn du die Box nicht angeklickt hast und eine automatische Rechnung brauchst, <a href=\"https:\/\/vienna.wordcamp.org\/2026\/contact\/\" data-type=\"page\" data-id=\"228\">melde dich einfach bei uns<\/a>. Wir schicken dir dann eine manuelle Rechnung, aber du musst uns deine E-Mail-Adresse und deine vollst\u00e4ndigen Steuerdetails geben.<\/p>\n\n\n\n<p class=\"wp-block-paragraph\">Aber bitte beachte, dass wir keine Garantie f\u00fcr eine sofortige Reaktion geben k\u00f6nnen. Die Rechnung wird am Tag erstellt, an dem wir sie erstellen, nicht am Tag, an dem du den Kauf get\u00e4tigt hast.<\/p>\n","protected":false},"excerpt":{"rendered":"<p>Deutsch \/ English Wenn du eine Rechnung f\u00fcr dein WordCamp Vienna-Ticket brauchst, vor allem, wenn du ein Unternehmen oder Selbstst\u00e4ndiger bist und die Kosten geltend machen musst, melde dich einfach. Bitte beachte: F\u00fcr Tickets zu allen WordCamps gibt&#8217;s keine Mehrwertsteuer auf den Rechnungen. Die kannst du also nicht zur\u00fcckfordern. Kreuze das K\u00e4stchen an Wenn du [&hellip;]<\/p>\n","protected":false},"author":12536008,"featured_media":0,"parent":0,"menu_order":0,"comment_status":"closed","ping_status":"closed","template":"","meta":{"_crdt_document":"","jetpack_post_was_ever_published":false,"footnotes":""},"class_list":["post-7723","page","type-page","status-publish","hentry"],"jetpack_sharing_enabled":true,"_links":{"self":[{"href":"https:\/\/vienna.wordcamp.org\/2026\/wp-json\/wp\/v2\/pages\/7723","targetHints":{"allow":["GET"]}}],"collection":[{"href":"https:\/\/vienna.wordcamp.org\/2026\/wp-json\/wp\/v2\/pages"}],"about":[{"href":"https:\/\/vienna.wordcamp.org\/2026\/wp-json\/wp\/v2\/types\/page"}],"author":[{"embeddable":true,"href":"https:\/\/vienna.wordcamp.org\/2026\/wp-json\/wp\/v2\/users\/12536008"}],"replies":[{"embeddable":true,"href":"https:\/\/vienna.wordcamp.org\/2026\/wp-json\/wp\/v2\/comments?post=7723"}],"version-history":[{"count":2,"href":"https:\/\/vienna.wordcamp.org\/2026\/wp-json\/wp\/v2\/pages\/7723\/revisions"}],"predecessor-version":[{"id":7783,"href":"https:\/\/vienna.wordcamp.org\/2026\/wp-json\/wp\/v2\/pages\/7723\/revisions\/7783"}],"wp:attachment":[{"href":"https:\/\/vienna.wordcamp.org\/2026\/wp-json\/wp\/v2\/media?parent=7723"}],"curies":[{"name":"wp","href":"https:\/\/api.w.org\/{rel}","templated":true}]}}