{"id":5320,"date":"2025-11-09T10:43:18","date_gmt":"2025-11-09T09:43:18","guid":{"rendered":"https:\/\/vienna.wordcamp.org\/2026\/?page_id=5320"},"modified":"2026-04-01T19:11:58","modified_gmt":"2026-04-01T17:11:58","slug":"volunteering","status":"publish","type":"page","link":"https:\/\/vienna.wordcamp.org\/2026\/volunteering\/","title":{"rendered":"Freiwillige"},"content":{"rendered":"\n<p class=\"wp-block-paragraph\">Freiwillige*<em>r Helfer*<\/em>in beim WordCamp Vienna zu sein, ist eine lohnende und erf\u00fcllende Erfahrung.<\/p>\n\n\n\n<p class=\"wp-block-paragraph\">Es gibt euch die M\u00f6glichkeit, mit Teilnehmer<em>innen aus der ganzen Welt ins Gespr\u00e4ch zu kommen und euch auszutauschen. Gleichzeitig k\u00f6nnt ihr die Redner<\/em>innen und Organisator*innen bei ihrer Arbeit tatkr\u00e4ftig unterst\u00fctzen.<\/p>\n\n\n\n<p class=\"wp-block-paragraph\">Die Unterst\u00fctzung durch freiwillige Helfer*innen ist von unsch\u00e4tzbarem Wert \u2013 ohne euch w\u00e4re der Erfolg des WordCamp Vienna in dieser Form nicht m\u00f6glich.<\/p>\n\n\n\n<figure class=\"wp-block-image size-large\"><img loading=\"lazy\" decoding=\"async\" width=\"1024\" height=\"683\" src=\"https:\/\/vienna.wordcamp.org\/2026\/files\/2025\/11\/wcvienna2025-06357-scaled-1-1024x683.jpg\" alt=\"\" class=\"wp-image-5325\" srcset=\"https:\/\/vienna.wordcamp.org\/2026\/files\/2025\/11\/wcvienna2025-06357-scaled-1-1024x683.jpg 1024w, https:\/\/vienna.wordcamp.org\/2026\/files\/2025\/11\/wcvienna2025-06357-scaled-1-300x200.jpg 300w, https:\/\/vienna.wordcamp.org\/2026\/files\/2025\/11\/wcvienna2025-06357-scaled-1-768x512.jpg 768w, https:\/\/vienna.wordcamp.org\/2026\/files\/2025\/11\/wcvienna2025-06357-scaled-1-450x300.jpg 450w, https:\/\/vienna.wordcamp.org\/2026\/files\/2025\/11\/wcvienna2025-06357-scaled-1-1536x1024.jpg 1536w, https:\/\/vienna.wordcamp.org\/2026\/files\/2025\/11\/wcvienna2025-06357-scaled-1-2048x1366.jpg 2048w\" sizes=\"auto, (max-width: 1024px) 100vw, 1024px\" \/><figcaption class=\"wp-element-caption\">Photos by Davide Bressan<\/figcaption><\/figure>\n\n\n\n<section class=\"wp-block-group alignfull has-base-color has-accent-1-background-color has-text-color has-background has-link-color wp-elements-066f40202302d6e7ec15dbc251781516 has-global-padding is-layout-constrained wp-container-core-group-is-layout-39a1337b wp-block-group-is-layout-constrained\" style=\"padding-top:var(--wp--preset--spacing--50);padding-bottom:var(--wp--preset--spacing--50)\">\n<h2 class=\"wp-block-heading has-text-align-center has-base-color has-text-color has-link-color wp-elements-75836721902357f25d117d01d82c0bb8\">Danke an alle Freiwilligen!<\/h2>\n\n\n\n<p class=\"has-text-align-center wp-block-paragraph\">Lerne unsere Volunteers kennen, deren Zeit, Energie und Engagement <strong>WordCamp Vienna 2026<\/strong> m\u00f6glich machen. Von der Planung und Koordination bis hin zur Unterst\u00fctzung vor Ort leisten sie einen wichtigen Beitrag dazu, dass alles reibungslos abl\u00e4uft.<\/p>\n\n\n\t\t<div id=\"tix-attendees\">\n\t\t\t<ul class=\"tix-attendee-list tix-columns-1\">\n\t\t\t\t<li><img alt='' src='https:\/\/secure.gravatar.com\/avatar\/d052a13b379fc51bc490e86b73093a220bd23bc461ed4d37d589950ba76a83ad?s=96&#038;d=mm&#038;r=g' srcset='https:\/\/secure.gravatar.com\/avatar\/d052a13b379fc51bc490e86b73093a220bd23bc461ed4d37d589950ba76a83ad?s=192&#038;d=mm&#038;r=g 2x' class='avatar avatar-96 photo' height='96' width='96' \/>\n\t\t\t\t\t\t<div class=\"tix-field tix-attendee-name\">\n\t\t\t\t\t\t\t<span class=\"tix-first\">Anna<\/span> <span class=\"tix-last\">Pelz<\/span>\t\t\t\t\t\t<\/div>\n\n\t\t\t\t\t\t\n\t\t\t\t\t\t<\/li><li><img alt='' src='https:\/\/secure.gravatar.com\/avatar\/41890ff90b230db92977955b8291fde1c249e639e04d2ddde886f393b157190d?s=96&#038;d=mm&#038;r=g' srcset='https:\/\/secure.gravatar.com\/avatar\/41890ff90b230db92977955b8291fde1c249e639e04d2ddde886f393b157190d?s=192&#038;d=mm&#038;r=g 2x' class='avatar avatar-96 photo' height='96' width='96' \/>\n\t\t\t\t\t\t<div class=\"tix-field tix-attendee-name\">\n\t\t\t\t\t\t\t<span class=\"tix-first\">Bridget<\/span> <span class=\"tix-last\">Job<\/span>\t\t\t\t\t\t<\/div>\n\n\t\t\t\t\t\t\n\t\t\t\t\t\t<\/li><li><img alt='' src='https:\/\/secure.gravatar.com\/avatar\/910b8010a35a86821d0b90d645374f5ae484513f2c195818e4c54bc0175d12e1?s=96&#038;d=mm&#038;r=g' srcset='https:\/\/secure.gravatar.com\/avatar\/910b8010a35a86821d0b90d645374f5ae484513f2c195818e4c54bc0175d12e1?s=192&#038;d=mm&#038;r=g 2x' class='avatar avatar-96 photo' height='96' width='96' \/>\n\t\t\t\t\t\t<div class=\"tix-field tix-attendee-name\">\n\t\t\t\t\t\t\t<span class=\"tix-first\">Christoph<\/span> <span class=\"tix-last\">Daum<\/span>\t\t\t\t\t\t<\/div>\n\n\t\t\t\t\t\t\n\t\t\t\t\t\t<\/li><li><img alt='' src='https:\/\/secure.gravatar.com\/avatar\/6333510ad66567bfcc3059b78127d8ceacada3eab951cee77fa8d16456e493ef?s=96&#038;d=mm&#038;r=g' srcset='https:\/\/secure.gravatar.com\/avatar\/6333510ad66567bfcc3059b78127d8ceacada3eab951cee77fa8d16456e493ef?s=192&#038;d=mm&#038;r=g 2x' class='avatar avatar-96 photo' height='96' width='96' \/>\n\t\t\t\t\t\t<div class=\"tix-field tix-attendee-name\">\n\t\t\t\t\t\t\t<span class=\"tix-first\">Dominik<\/span> <span class=\"tix-last\">Wanke<\/span>\t\t\t\t\t\t<\/div>\n\n\t\t\t\t\t\t\n\t\t\t\t\t\t<\/li><li><img alt='' src='https:\/\/secure.gravatar.com\/avatar\/abecff651b20f19136f0f5defedd9f70404aff0f53bb1b033e97a54d045085e0?s=96&#038;d=mm&#038;r=g' srcset='https:\/\/secure.gravatar.com\/avatar\/abecff651b20f19136f0f5defedd9f70404aff0f53bb1b033e97a54d045085e0?s=192&#038;d=mm&#038;r=g 2x' class='avatar avatar-96 photo' height='96' width='96' \/>\n\t\t\t\t\t\t<div class=\"tix-field tix-attendee-name\">\n\t\t\t\t\t\t\t<span class=\"tix-first\">Eric<\/span> <span class=\"tix-last\">Nguyen<\/span>\t\t\t\t\t\t<\/div>\n\n\t\t\t\t\t\t\n\t\t\t\t\t\t<\/li><li><img alt='' src='https:\/\/secure.gravatar.com\/avatar\/6bfa25b7bdce0a52d2bfa88f7531b22faae4f87172c40ec0c06648ee20c9ab41?s=96&#038;d=mm&#038;r=g' srcset='https:\/\/secure.gravatar.com\/avatar\/6bfa25b7bdce0a52d2bfa88f7531b22faae4f87172c40ec0c06648ee20c9ab41?s=192&#038;d=mm&#038;r=g 2x' class='avatar avatar-96 photo' height='96' width='96' \/>\n\t\t\t\t\t\t<div class=\"tix-field tix-attendee-name\">\n\t\t\t\t\t\t\t<span class=\"tix-first\">Esad<\/span> <span class=\"tix-last\">Malkanovic<\/span>\t\t\t\t\t\t<\/div>\n\n\t\t\t\t\t\t\n\t\t\t\t\t\t<\/li><li><img alt='' src='https:\/\/secure.gravatar.com\/avatar\/b61f65a2cf96f65309faee4e6e3ecc1d3c2ed2aa1be632cb21557050e1efc289?s=96&#038;d=mm&#038;r=g' srcset='https:\/\/secure.gravatar.com\/avatar\/b61f65a2cf96f65309faee4e6e3ecc1d3c2ed2aa1be632cb21557050e1efc289?s=192&#038;d=mm&#038;r=g 2x' class='avatar avatar-96 photo' height='96' width='96' \/>\n\t\t\t\t\t\t<div class=\"tix-field tix-attendee-name\">\n\t\t\t\t\t\t\t<span class=\"tix-first\">Francis<\/span> <span class=\"tix-last\">Akoji<\/span>\t\t\t\t\t\t<\/div>\n\n\t\t\t\t\t\t\n\t\t\t\t\t\t<\/li><li><img alt='' src='https:\/\/secure.gravatar.com\/avatar\/9f918cdcc2380fc7fbba5d47995aac128b7fa32efd0a59a969cd15e79c340c19?s=96&#038;d=mm&#038;r=g' srcset='https:\/\/secure.gravatar.com\/avatar\/9f918cdcc2380fc7fbba5d47995aac128b7fa32efd0a59a969cd15e79c340c19?s=192&#038;d=mm&#038;r=g 2x' class='avatar avatar-96 photo' height='96' width='96' \/>\n\t\t\t\t\t\t<div class=\"tix-field tix-attendee-name\">\n\t\t\t\t\t\t\t<span class=\"tix-first\">Frank<\/span> <span class=\"tix-last\">Remmy<\/span>\t\t\t\t\t\t<\/div>\n\n\t\t\t\t\t\t\n\t\t\t\t\t\t<\/li><li><img alt='' src='https:\/\/secure.gravatar.com\/avatar\/23f5ade36eae545225c045f8d27a63fad8aca78b138d5d89e78bfbfbec0d28d5?s=96&#038;d=mm&#038;r=g' srcset='https:\/\/secure.gravatar.com\/avatar\/23f5ade36eae545225c045f8d27a63fad8aca78b138d5d89e78bfbfbec0d28d5?s=192&#038;d=mm&#038;r=g 2x' class='avatar avatar-96 photo' height='96' width='96' \/>\n\t\t\t\t\t\t<div class=\"tix-field tix-attendee-name\">\n\t\t\t\t\t\t\t<span class=\"tix-first\">Gregor<\/span> <span class=\"tix-last\">Kleczkowski<\/span>\t\t\t\t\t\t<\/div>\n\n\t\t\t\t\t\t\n\t\t\t\t\t\t<\/li><li><img alt='' src='https:\/\/secure.gravatar.com\/avatar\/1ca6b90349e5b2573a1a52aa54cca134de48ddf376d7158c66c8f1f4c949c764?s=96&#038;d=mm&#038;r=g' srcset='https:\/\/secure.gravatar.com\/avatar\/1ca6b90349e5b2573a1a52aa54cca134de48ddf376d7158c66c8f1f4c949c764?s=192&#038;d=mm&#038;r=g 2x' class='avatar avatar-96 photo' height='96' width='96' \/>\n\t\t\t\t\t\t<div class=\"tix-field tix-attendee-name\">\n\t\t\t\t\t\t\t<span class=\"tix-first\">Jesus<\/span> <span class=\"tix-last\">Chavarr\u00eda<\/span>\t\t\t\t\t\t<\/div>\n\n\t\t\t\t\t\t\n\t\t\t\t\t\t<\/li><li><img alt='' src='https:\/\/secure.gravatar.com\/avatar\/65c3225e01158d272cf8316f08a3176affab6b811e9b5b071de9f464516ce836?s=96&#038;d=mm&#038;r=g' srcset='https:\/\/secure.gravatar.com\/avatar\/65c3225e01158d272cf8316f08a3176affab6b811e9b5b071de9f464516ce836?s=192&#038;d=mm&#038;r=g 2x' class='avatar avatar-96 photo' height='96' width='96' \/>\n\t\t\t\t\t\t<div class=\"tix-field tix-attendee-name\">\n\t\t\t\t\t\t\t<span class=\"tix-first\">Kamilla<\/span> <span class=\"tix-last\">Aliyeva<\/span>\t\t\t\t\t\t<\/div>\n\n\t\t\t\t\t\t\n\t\t\t\t\t\t<\/li><li><img alt='' src='https:\/\/secure.gravatar.com\/avatar\/b7acccfc228b01453d748c2bf0cc361791127648d9be1ab2626540a842002987?s=96&#038;d=mm&#038;r=g' srcset='https:\/\/secure.gravatar.com\/avatar\/b7acccfc228b01453d748c2bf0cc361791127648d9be1ab2626540a842002987?s=192&#038;d=mm&#038;r=g 2x' class='avatar avatar-96 photo' height='96' width='96' \/>\n\t\t\t\t\t\t<div class=\"tix-field tix-attendee-name\">\n\t\t\t\t\t\t\t<span class=\"tix-first\">Odette Klara<\/span> <span class=\"tix-last\">Weinrauch<\/span>\t\t\t\t\t\t<\/div>\n\n\t\t\t\t\t\t\n\t\t\t\t\t\t<\/li><li><img alt='' src='https:\/\/secure.gravatar.com\/avatar\/6b08c07838a6ba7b12118f561d96a490308563aa9b1d4965c3246838e6c5588b?s=96&#038;d=mm&#038;r=g' srcset='https:\/\/secure.gravatar.com\/avatar\/6b08c07838a6ba7b12118f561d96a490308563aa9b1d4965c3246838e6c5588b?s=192&#038;d=mm&#038;r=g 2x' class='avatar avatar-96 photo' height='96' width='96' \/>\n\t\t\t\t\t\t<div class=\"tix-field tix-attendee-name\">\n\t\t\t\t\t\t\t<span class=\"tix-first\">Pawel<\/span> <span class=\"tix-last\">Lubanski<\/span>\t\t\t\t\t\t<\/div>\n\n\t\t\t\t\t\t\n\t\t\t\t\t\t<\/li><li><img alt='' src='https:\/\/secure.gravatar.com\/avatar\/f8e262f7fb28c3fc512281b417957046afc0fb7a55f0980ccc87da7a7704db00?s=96&#038;d=mm&#038;r=g' srcset='https:\/\/secure.gravatar.com\/avatar\/f8e262f7fb28c3fc512281b417957046afc0fb7a55f0980ccc87da7a7704db00?s=192&#038;d=mm&#038;r=g 2x' class='avatar avatar-96 photo' height='96' width='96' \/>\n\t\t\t\t\t\t<div class=\"tix-field tix-attendee-name\">\n\t\t\t\t\t\t\t<span class=\"tix-first\">Rica<\/span> <span class=\"tix-last\">Izundu<\/span>\t\t\t\t\t\t<\/div>\n\n\t\t\t\t\t\t\n\t\t\t\t\t\t<\/li><li><img alt='' src='https:\/\/secure.gravatar.com\/avatar\/0d17f1dafb8cbe7ba5077e30bce7ee6adcee71053d2bc2f3ed6729a6c0f8f946?s=96&#038;d=mm&#038;r=g' srcset='https:\/\/secure.gravatar.com\/avatar\/0d17f1dafb8cbe7ba5077e30bce7ee6adcee71053d2bc2f3ed6729a6c0f8f946?s=192&#038;d=mm&#038;r=g 2x' class='avatar avatar-96 photo' height='96' width='96' \/>\n\t\t\t\t\t\t<div class=\"tix-field tix-attendee-name\">\n\t\t\t\t\t\t\t<span class=\"tix-first\">santiago<\/span> <span class=\"tix-last\">ramirez<\/span>\t\t\t\t\t\t<\/div>\n\n\t\t\t\t\t\t\n\t\t\t\t\t\t<\/li><li><img alt='' src='https:\/\/secure.gravatar.com\/avatar\/e8a59a256626f8aa5c9f82f7a7c80604386ab8431ebf650cd9c0904bb31b7bb8?s=96&#038;d=mm&#038;r=g' srcset='https:\/\/secure.gravatar.com\/avatar\/e8a59a256626f8aa5c9f82f7a7c80604386ab8431ebf650cd9c0904bb31b7bb8?s=192&#038;d=mm&#038;r=g 2x' class='avatar avatar-96 photo' height='96' width='96' \/>\n\t\t\t\t\t\t<div class=\"tix-field tix-attendee-name\">\n\t\t\t\t\t\t\t<span class=\"tix-first\">Valentina<\/span> <span class=\"tix-last\">S\u00e1nchez Mart\u00edn<\/span>\t\t\t\t\t\t<\/div>\n\n\t\t\t\t\t\t\n\t\t\t\t\t\t<\/li><li><img alt='' src='https:\/\/secure.gravatar.com\/avatar\/e8a59a256626f8aa5c9f82f7a7c80604386ab8431ebf650cd9c0904bb31b7bb8?s=96&#038;d=mm&#038;r=g' srcset='https:\/\/secure.gravatar.com\/avatar\/e8a59a256626f8aa5c9f82f7a7c80604386ab8431ebf650cd9c0904bb31b7bb8?s=192&#038;d=mm&#038;r=g 2x' class='avatar avatar-96 photo' height='96' width='96' \/>\n\t\t\t\t\t\t<div class=\"tix-field tix-attendee-name\">\n\t\t\t\t\t\t\t<span class=\"tix-first\">Ver\u00f3nica<\/span> <span class=\"tix-last\">S\u00e1nchez Mart\u00edn<\/span>\t\t\t\t\t\t<\/div>\n\n\t\t\t\t\t\t\n\t\t\t\t\t\t<\/li>\t\t\t<\/ul>\n\t\t<\/div>\n\t\t<br class=\"tix-clear\"\/>\n\t\t\n<\/section>\n\n\n\n<p class=\"wp-block-paragraph\">Als Helfer*in beim WordCamp Vienna erwartet dich:<\/p>\n\n\n\n<ul class=\"wp-block-list\">\n<li><strong>Gratis Eintrittskarte<\/strong> f\u00fcr das WordCamp<\/li>\n\n\n\n<li>Ein exklusiver <strong>Blick hinter die Kulissen<\/strong> der Veranstaltung<\/li>\n\n\n\n<li>Die Chance, ein <strong>entscheidender Teil des Erfolgs<\/strong> des WordCamps zu sein<\/li>\n\n\n\n<li><strong>Networking-M\u00f6glichkeiten<\/strong>, um interessante Leute aus der WordPress-Community kennenzulernen \u2013 auch beim exklusiven Speaker Dinner<\/li>\n\n\n\n<li>Die M\u00f6glichkeit, <strong>Teilnehmer*innen aus der ganzen Welt<\/strong> mitten im Geschehen zu treffen<\/li>\n\n\n\n<li>Ein <strong>exklusives T-Shirt<\/strong>, das speziell f\u00fcr Organizers und Freiwillige entworfen wurde<\/li>\n\n\n\n<li><strong>Anerkennung<\/strong> f\u00fcr deine Zeit, dein Engagement und deine Unterst\u00fctzung<\/li>\n<\/ul>\n\n\n\n<p class=\"wp-block-paragraph\">Sei dabei und werde Teil dieses gro\u00dfartigen Events!<\/p>\n\n\n\n<p class=\"wp-block-paragraph\">Als freiwillige<em>r Helfer<\/em>in brauchst du keine Vorkenntnisse in der Organisation von WordCamps. Alles, was du mitbringen solltest, ist Energie, Enthusiasmus, bequeme Schuhe und die Liebe zur WordPress-Community.<\/p>\n\n\n\n<p class=\"wp-block-paragraph\">Die Aufgaben w\u00e4hrend der Veranstaltung sind vielseitig und abwechslungsreich. Au\u00dferdem habt ihr die M\u00f6glichkeit, eure freiwillige T\u00e4tigkeit zu pausieren, um spannende Vortr\u00e4ge eurer Wahl zu besuchen.<\/p>\n\n\n\n<h3 class=\"wp-block-heading\">Event Team:<\/h3>\n\n\n\n<ul class=\"wp-block-list\">\n<li><strong>Set-up<\/strong> \u2013 Wir brauchen ein Team von Freiwilligen, die uns am Samstag fr\u00fch morgens dabei helfen, Beschriftungen und Wegweiser f\u00fcr die Veranstaltung anzubringen. (Fr\u00fchst\u00fcck und Kaffee stehen bereit!)<\/li>\n\n\n\n<li><strong>Check-in<\/strong> \u2013 Unterst\u00fctze beim Einchecken der Teilnehmer*innen, verteile Namensschilder, WordCamp-T-Shirts und hilf am Nachmittag bei der Ausgabe von Goodies.<\/li>\n<\/ul>\n\n\n\n<h3 class=\"wp-block-heading\">Workshops &amp; Talks Team<\/h3>\n\n\n\n<p class=\"wp-block-paragraph\">Unterst\u00fctze bei den Workshops &amp; Talks:<\/p>\n\n\n\n<ul class=\"wp-block-list\">\n<li><strong>Zeit-Manager<\/strong> \u2013 Arbeite mit den Organisator*innen, Filmer*innen, Redner*innen und allen anderen zusammen, damit die Vortr\u00e4ge reibungslos und p\u00fcnktlich ablaufen!<\/li>\n\n\n\n<li><strong>Mic Runner<\/strong> \u2013 W\u00e4hrend dem Q&amp;A am Ende eines Talks k\u00fcmmerst du dich darum, dass Fragesteller:innen ein Mikrofon bekommen.<\/li>\n\n\n\n<li><strong>Moderator*in<\/strong> \u2013 Redner*innen vorstellen und die Fragerunde am Ende des Vortrags leiten.<\/li>\n\n\n\n<li><strong>Raum\u00fcberwachung<\/strong> \u2013 Sorge daf\u00fcr, dass die Konferenzr\u00e4ume nicht \u00fcberf\u00fcllt sind und verhindere zu lautes T\u00fcr\u00f6ffnen, wenn Personen den Raum betreten und verlassen.<\/li>\n\n\n\n<li><strong>Workshop Day<\/strong> \u2013 Allgemeine Hilfe f\u00fcr die Vorbereitung der Workshops, der R\u00e4umlichkeiten und Coffee Break.<\/li>\n<\/ul>\n\n\n\n<h3 class=\"wp-block-heading\">Media Team<\/h3>\n\n\n\n<p class=\"wp-block-paragraph\">Hast du Erfahrung mit Social Media sowie Foto und Video?<\/p>\n\n\n\n<ul class=\"wp-block-list\">\n<li><strong>Video &amp; Fotografie<\/strong> \u2013 Hilf mit, die Veranstaltung in beeindruckenden Fotos und Videos festzuhalten.<\/li>\n\n\n\n<li><strong>Social Media<\/strong> \u2013 Unterst\u00fctze uns mit Live-Postings und halte die Community \u00fcber das WordCamp Vienna auf dem Laufenden!<\/li>\n<\/ul>\n\n\n\n<h3 class=\"wp-block-heading\">Weitere Positionen<\/h3>\n\n\n\n<ul class=\"wp-block-list\">\n<li><strong>Helpdesk<\/strong> \u2013 Unterst\u00fctze andere WordPress-Nutzer*innen bei Fragen und Problemen rund um ihre Webseiten.<\/li>\n\n\n\n<li><strong>Green Room<\/strong> \u2013 Behalte den \u00dcberblick \u00fcber den Raum, in dem Redner*innen und Freiwillige ihre pers\u00f6nlichen Gegenst\u00e4nde aufbewahren. Ideal, um eine kurze Pause einzulegen oder kurz am Laptop zu arbeiten.<\/li>\n<\/ul>\n\n\n","protected":false},"excerpt":{"rendered":"<p>Freiwillige*r Helfer*in beim WordCamp Vienna zu sein, ist eine lohnende und erf\u00fcllende Erfahrung. Es gibt euch die M\u00f6glichkeit, mit Teilnehmerinnen aus der ganzen Welt ins Gespr\u00e4ch zu kommen und euch auszutauschen. Gleichzeitig k\u00f6nnt ihr die Rednerinnen und Organisator*innen bei ihrer Arbeit tatkr\u00e4ftig unterst\u00fctzen. Die Unterst\u00fctzung durch freiwillige Helfer*innen ist von unsch\u00e4tzbarem Wert \u2013 ohne euch [&hellip;]<\/p>\n","protected":false},"author":15517624,"featured_media":5323,"parent":0,"menu_order":0,"comment_status":"closed","ping_status":"closed","template":"pages-german","meta":{"_crdt_document":"","jetpack_post_was_ever_published":false,"footnotes":""},"class_list":["post-5320","page","type-page","status-publish","has-post-thumbnail","hentry"],"jetpack_sharing_enabled":true,"_links":{"self":[{"href":"https:\/\/vienna.wordcamp.org\/2026\/wp-json\/wp\/v2\/pages\/5320","targetHints":{"allow":["GET"]}}],"collection":[{"href":"https:\/\/vienna.wordcamp.org\/2026\/wp-json\/wp\/v2\/pages"}],"about":[{"href":"https:\/\/vienna.wordcamp.org\/2026\/wp-json\/wp\/v2\/types\/page"}],"author":[{"embeddable":true,"href":"https:\/\/vienna.wordcamp.org\/2026\/wp-json\/wp\/v2\/users\/15517624"}],"replies":[{"embeddable":true,"href":"https:\/\/vienna.wordcamp.org\/2026\/wp-json\/wp\/v2\/comments?post=5320"}],"version-history":[{"count":18,"href":"https:\/\/vienna.wordcamp.org\/2026\/wp-json\/wp\/v2\/pages\/5320\/revisions"}],"predecessor-version":[{"id":8396,"href":"https:\/\/vienna.wordcamp.org\/2026\/wp-json\/wp\/v2\/pages\/5320\/revisions\/8396"}],"wp:featuredmedia":[{"embeddable":true,"href":"https:\/\/vienna.wordcamp.org\/2026\/wp-json\/wp\/v2\/media\/5323"}],"wp:attachment":[{"href":"https:\/\/vienna.wordcamp.org\/2026\/wp-json\/wp\/v2\/media?parent=5320"}],"curies":[{"name":"wp","href":"https:\/\/api.w.org\/{rel}","templated":true}]}}