{"id":5318,"date":"2025-11-09T10:41:36","date_gmt":"2025-11-09T09:41:36","guid":{"rendered":"https:\/\/vienna.wordcamp.org\/2026\/?page_id=5318"},"modified":"2025-11-09T10:41:36","modified_gmt":"2025-11-09T09:41:36","slug":"help-desk","status":"publish","type":"page","link":"https:\/\/vienna.wordcamp.org\/2026\/help-desk\/","title":{"rendered":"Help Desk"},"content":{"rendered":"\n<p>Der WordCamp Vienna Help Desk ist ein Ort, an dem Teilnehmende, Speaker, freiwillige Helfer:innen und Organisator:innen zusammenkommen, um \u00fcber alles rund um WordPress zu sprechen.<\/p>\n\n\n\n<p>Am <strong>Samstag<\/strong> wird unser <strong>Help Desk<\/strong> von 9:00 bis 18:00 Uhr von verschiedenen Expert:innen betreut.<\/p>\n\n\n\n<p>Der Help Desk ist eine gro\u00dfartige Gelegenheit f\u00fcr Austausch, Beratung und Unterst\u00fctzung durch WordPress-Profis. Wir geben unser Bestes, um alle deine WordPress-Fragen zu beantworten. Bring gerne deinen Laptop mit, wenn du direkte Hilfe brauchst!<\/p>\n\n\n\n<h3 class=\"wp-block-heading\"><em>Bist du \u2026<\/em><\/h3>\n\n\n\n<ul class=\"wp-block-list\">\n\t\n\t<li>bei einem Problem mit deiner Website festgesteckt?<\/li>\n\t\n\n\t\n\t<li>begeistert von einem Vortrag und m\u00f6chtest mehr dar\u00fcber erfahren?<\/li>\n\t\n\n\t\n\t<li>Speaker:in, aber hattest in der Q&amp;A-Session nicht genug Zeit f\u00fcr alle Fragen?<\/li>\n\t\n\n\t\n\t<li>auf der Suche nach Unterst\u00fctzung beim Finden oder Installieren eines Plugins?<\/li>\n\t\n\n\t\n\t<li>unsicher, wie du mit der Absicherung deiner Website beginnen sollst?<\/li>\n\t\n\n\t\n\t<li>unsicher, wie du dein Navigationsmen\u00fc anpassen kannst?<\/li>\n\t\n\n\t\n\t<li>gerade am Entwickeln und m\u00f6chtest \u00fcber Best Practices sprechen?<\/li>\n\t\n<\/ul>\n\n\n\n<p>Komm auch gerne vorbei, wenn du allgemeine Fragen, Feedback oder Probleme rund um das Event hast \u2013 wir helfen dir direkt vor Ort.<\/p>\n\n\n\n<p>Alle sind willkommen \u2013 schau einfach vorbei!<\/p>\n\n","protected":false},"excerpt":{"rendered":"<p>Der WordCamp Vienna Help Desk ist ein Ort, an dem Teilnehmende, Speaker, freiwillige Helfer:innen und Organisator:innen zusammenkommen, um \u00fcber alles rund um WordPress zu sprechen. Am Samstag wird unser Help Desk von 9:00 bis 18:00 Uhr von verschiedenen Expert:innen betreut. Der Help Desk ist eine gro\u00dfartige Gelegenheit f\u00fcr Austausch, Beratung und Unterst\u00fctzung durch WordPress-Profis. Wir [&hellip;]<\/p>\n","protected":false},"author":15517624,"featured_media":0,"parent":0,"menu_order":0,"comment_status":"closed","ping_status":"closed","template":"","meta":{"jetpack_post_was_ever_published":false,"footnotes":""},"class_list":["post-5318","page","type-page","status-publish","hentry"],"jetpack_sharing_enabled":true,"_links":{"self":[{"href":"https:\/\/vienna.wordcamp.org\/2026\/wp-json\/wp\/v2\/pages\/5318","targetHints":{"allow":["GET"]}}],"collection":[{"href":"https:\/\/vienna.wordcamp.org\/2026\/wp-json\/wp\/v2\/pages"}],"about":[{"href":"https:\/\/vienna.wordcamp.org\/2026\/wp-json\/wp\/v2\/types\/page"}],"author":[{"embeddable":true,"href":"https:\/\/vienna.wordcamp.org\/2026\/wp-json\/wp\/v2\/users\/15517624"}],"replies":[{"embeddable":true,"href":"https:\/\/vienna.wordcamp.org\/2026\/wp-json\/wp\/v2\/comments?post=5318"}],"version-history":[{"count":1,"href":"https:\/\/vienna.wordcamp.org\/2026\/wp-json\/wp\/v2\/pages\/5318\/revisions"}],"predecessor-version":[{"id":5319,"href":"https:\/\/vienna.wordcamp.org\/2026\/wp-json\/wp\/v2\/pages\/5318\/revisions\/5319"}],"wp:attachment":[{"href":"https:\/\/vienna.wordcamp.org\/2026\/wp-json\/wp\/v2\/media?parent=5318"}],"curies":[{"name":"wp","href":"https:\/\/api.w.org\/{rel}","templated":true}]}}