{"id":5296,"date":"2025-11-09T10:20:34","date_gmt":"2025-11-09T09:20:34","guid":{"rendered":"https:\/\/vienna.wordcamp.org\/2026\/?page_id=5296"},"modified":"2025-12-09T15:31:53","modified_gmt":"2025-12-09T14:31:53","slug":"accessibility","status":"publish","type":"page","link":"https:\/\/vienna.wordcamp.org\/2026\/accessibility\/","title":{"rendered":"Informationen zu Barrierefreiheit und Inklusion"},"content":{"rendered":"\n<p>Wir versuchen unser Bestes eine barrierefreie und inklusive Veranstaltung zu sein, auch wenn wir nat\u00fcrlich an gewisse Grenzen hinsichtlich Budget und allgemeiner Machbarkeit sto\u00dfen.<\/p>\n\n\n\n<p>Deswegen findest du hier eine Auflistung was wir an barrierefreien und inklusiven Angeboten bieten k\u00f6nnen und was leider nicht.<\/p>\n\n\n\n<p>Wenn wir etwas \u00fcbersehen haben, oder wenn du weitere Fragen hast, bitte <a href=\"\/2024\/contact\/\">schreib uns<\/a>.<\/p>\n\n\n\n<ul class=\"wp-block-list\">\n<li><a href=\"#konferenz-tag\">Veranstaltungsort der Konferenz<\/a><\/li>\n\n\n\n<li><a href=\"#after-party\">Veranstaltungsort der Afterparty<\/a><\/li>\n\n\n\n<li><a href=\"#contributor-day\">Veranstaltungsort des Contributor Day<\/a><\/li>\n<\/ul>\n\n\n\n<!--more-->\n\n\n\n<h2 class=\"wp-block-heading\" id=\"konferenz-tag\">Veranstaltungsort der Konferenz<\/h2>\n\n\n\n<p>Hier findest du allgemeine Informationen zur Barrierefreiheit am Campus der Universit\u00e4t Wien: <a href=\"https:\/\/event.univie.ac.at\/raummanagement\/barrierefreie-veranstaltungen\/\">https:\/\/event.univie.ac.at\/raummanagement\/barrierefreie-veranstaltungen\/<\/a><\/p>\n\n\n\n<h3 class=\"wp-block-heading\">Assistenztiere<\/h3>\n\n\n\n<p>Blindenf\u00fchrhunde und Partnerhunde sind am Veranstaltungsort willkommen. (Wie in der <a href=\"https:\/\/satzung.univie.ac.at\/hausordnung\/\">Hausordnung<\/a> der Universit\u00e4t explizit erlaubt.)<\/p>\n\n\n\n<h3 class=\"wp-block-heading\">Behindertenparkpl\u00e4tze<\/h3>\n\n\n\n<p>Es gibt einige Parkplatz rund um den Veranstaltungsort. Au\u00dferdem sind alle Kurzparkpl\u00e4tze in Wien f\u00fcr gehbehinderte Personen zeitlich unbeschr\u00e4nkt und geb\u00fchrenfreie benutzbar.<\/p>\n\n\n\n<p>Allgemeine Informationen zu (Behinderten)parkpl\u00e4tzen findest du auf der <a href=\"https:\/\/www.wien.gv.at\/verkehr\/parken\/behindertenparkplaetze\/\">Webseite der Stadt Wien<\/a> wo du au\u00dferdem eine <a href=\"https:\/\/www.wien.gv.at\/stadtplan\/grafik.aspx?lang=de&amp;bookmark=bAVVRmW-aN0ZPJ1FEDUfjQ-a5RpplcVfVpEg-b-b&amp;bmadr=10202640\">Karte mit Parkpl\u00e4tzen und -garagen in der N\u00e4he des Veranstaltungsorts<\/a> findest.<\/p>\n\n\n\n<p>Die Parkpl\u00e4tze die dem Veranstaltungsort am n\u00e4chsten sind findest du hier:<\/p>\n\n\n\n<ul class=\"wp-block-list\">\n<li>Spitalgasse 2, 1090 Wien<\/li>\n\n\n\n<li>Garnisongasse 13, 1090 Wien<\/li>\n<\/ul>\n\n\n\n<p>Es gibt au\u00dferdem eine nahe gelegene <a href=\"http:\/\/bestinparking.at\/garage\/wien\/otto-wagnerplatz\">Parkgarage am Otto Wagnerplatz<\/a>.<\/p>\n\n\n\n<h3 class=\"wp-block-heading\">Induktionsschleifen<\/h3>\n\n\n\n<p>H\u00f6rsaal C1 und C2 sind mit Induktionsschleifen ausgestattet. Der Empfang sollte seitlich und in den ersten Reihen am besten sein. Mehr Informationen dazu findest du hier: <a href=\"https:\/\/barrierefrei.univie.ac.at\/infrastruktur\/gebaeude-raeume-ausstattung\/\">https:\/\/barrierefrei.univie.ac.at\/infrastruktur\/gebaeude-raeume-ausstattung\/<\/a><\/p>\n\n\n\n<p>Auch wenn alles funktionsf\u00e4hig und einsatzbereit sein sollte: Um die einwandfreie Funktion zu gew\u00e4hrleisten <a href=\"\/2024\/contact\/\">kontaktiere uns<\/a> bitte im Vorhinein oder erw\u00e4hne deinen Bedarf bei der Registrierung. So k\u00f6nnen wir pr\u00fcfen dass alles funktioniert nachdem niemand in unserem Team pers\u00f6nliche Erfahrung mit dieser Infrastruktur hat.<\/p>\n\n\n\n<h3 class=\"wp-block-heading\">Kostenlose Tickets f\u00fcr Begleitpersonen<\/h3>\n\n\n\n<p>Begleitpersonen sind herzlich willkommen und k\u00f6nnen behinderte Besucher kostenlos begleiten. Bitte <a href=\"https:\/\/vienna.wordcamp.org\/2025\/tickets-kaufen\/\" data-type=\"page\" data-id=\"2145\">kaufe ein Standard-Ticket<\/a> und kontaktiere uns dann damit wir bei der Registrierung ein kostenloses Ticket f\u00fcr deine Begleitperson bereithalten k\u00f6nnen.<\/p>\n\n\n\n<h3 class=\"wp-block-heading\">N\u00e4chste Station der \u00f6ffentlichen Verkehrsmittel<\/h3>\n\n\n\n<p>Die n\u00e4chste Station beim Veranstaltungsort ist &#8222;Lange Gasse&#8220; welche von den Stra\u00dfenbahnen 5, 33, 43 und 44 angefahren wird.<\/p>\n\n\n\n<p>Um deine Anreise zu planen kannst du den <a href=\"https:\/\/www.wienerlinien.at\/route-planen\" data-type=\"link\" data-id=\"https:\/\/www.wienerlinien.at\/route-planen\">Routenplaner<\/a> der Wiener Linien verwenden.<\/p>\n\n\n\n<p>In jedem Fall: Nachdem noch nicht alle Stra\u00dfenbahnen barrierefrei sind schadet es sicher nicht wenn du etwas mehr Zeit einplanst falls du ein oder zwei Z\u00fcge auslassen musst.<\/p>\n\n\n\n<h3 class=\"wp-block-heading\">Rollstuhlzugang<\/h3>\n\n\n\n<p>Der Campus der Universit\u00e4t Wien \u2013 Altes AKH ist weitestgehend barrierefrei zug\u00e4nglich. Nachdem es ein Universit\u00e4tscampus mit H\u00f6rs\u00e4len, Instituten und Lokalen ist gibt es einige barrierefreie Toiletten, aber du brauchst evtl. einen <a href=\"https:\/\/www.behindertenrat.at\/barrierefreiheit\/mobilitaet-und-verkehr\/euro-key\/\">Eurokey<\/a>.<\/p>\n\n\n\n<p>H\u00f6rsaal C1 liegt im Erdgescho\u00df und ist mit einer fixen, aufsteigenden Bestuhlung ausgestattet. H\u00f6rsaal C2 liegt im Zwischengescho\u00df KG. Der barrierefreie Zugang f\u00fcr RollstuhlfahrerInnen ist \u00fcber eine Brandschutz-T\u00fcre m\u00f6glich.<\/p>\n\n\n\n<p>Au\u00dferdem sind alle R\u00e4ume in denen Essen und Trinken serviert wird und alle G\u00e4nge dazwischen (wo sich die St\u00e4nde der SponsorInnen befinden und Besucher sich unterhalten k\u00f6nnen) mit dem Rollstuhl ben\u00fctzbar.<\/p>\n\n\n\n<h3 class=\"wp-block-heading\">Ruheraum \/ Stillraum<\/h3>\n\n\n\n<p>Es gibt einige (eingeschr\u00e4nkt) ruhige Ecken in und um (wenn das Wetter mitspielt) des Veranstaltungsorts. Dar\u00fcber hinaus haben wir leider keine eigenen R\u00e4ume f\u00fcr diese Zwecke zur Verf\u00fcgung.<\/p>\n\n\n\n<p><a href=\"https:\/\/vienna.wordcamp.org\/2024\/contact\/\">Kontaktiere uns<\/a> bitte trotzdem, evtl. finden wir eine andere L\u00f6sung f\u00fcr dich.<\/p>\n\n\n\n<h3 class=\"wp-block-heading\">Spezielle Ern\u00e4hrungsbed\u00fcrfnisse<\/h3>\n\n\n\n<p>Wir bieten vegetarische, glutenfreie und vegane Optionen. Bitte gib deine Bed\u00fcrfnisse beim <a href=\"\/2024\/tickets\/\">Ticketkauf<\/a> an damit wir entsprechend planen k\u00f6nnen.<\/p>\n\n\n\n<p>Falls du dar\u00fcber hinausgehende spezielle Bed\u00fcrfnisse kannst du gerne dein eigenes Essen mitbringen oder uns <a href=\"\/2024\/contact\/\">kontaktieren<\/a> damit wir sehen k\u00f6nnen was wir f\u00fcr dich tun k\u00f6nnen.<\/p>\n\n\n\n<h2 class=\"wp-block-heading\" id=\"after-party\">Kaffeepausen, Mittagessen und Afterparty<\/h2>\n\n\n\n<p>Das Foyer in dem die Kaffeepausen stattfinden, sowie die Restaurants f\u00fcr das Mittagessen und die Afterparty sind barrierfrei zug\u00e4nglich, Blindenhunde sind erlaubt. Alle Informationen zu den \u00d6rtlichkeiten findest du <a href=\"https:\/\/vienna.wordcamp.org\/2024\/location\/\" data-type=\"page\" data-id=\"11\">hier.<\/a> <\/p>\n\n\n\n<h2 class=\"wp-block-heading\" id=\"contributor-day\">Contributor\/Workshop Day<\/h2>\n\n\n\n<p>Der Tag vor der Hauptkonferenz ist dem &#8222;Contributor \/ Workshop Day&#8220; gewidmet &#8211; mehrere Teams treffen sich um gemeinsam Erfahrungen auszutauschen und in Workshops ihr Wissen rund um WordPress zu vertiefen. Der Contributers Day findet ebenfalls am Campus der Universit\u00e4t Wien statt (R\u00e4ume C2, Aula und Seminarraum III)<\/p>\n\n\n\n<p>Um deine Anreise zu planen kannst du den <a href=\"https:\/\/www.wienerlinien.at\/eportal3\/ep\/channelView.do\/pageTypeId\/66526\/channelId\/-46649\">Routenplaner<\/a> der Wiener Linien verwenden.<\/p>\n\n\n\n<h2 class=\"wp-block-heading\">Fragen?<\/h2>\n\n\n\n<p>Wenn du weitere Informationen ben\u00f6tigst oder wir dir sonst irgendwie behilflich sein k\u00f6nnen kannst du uns gerne jederzeit <a href=\"\/2024\/contact\/\">kontaktieren<\/a>.<\/p>\n","protected":false},"excerpt":{"rendered":"<p>Wir versuchen unser Bestes eine barrierefreie und inklusive Veranstaltung zu sein, auch wenn wir nat\u00fcrlich an gewisse Grenzen hinsichtlich Budget und allgemeiner Machbarkeit sto\u00dfen. Deswegen findest du hier eine Auflistung was wir an barrierefreien und inklusiven Angeboten bieten k\u00f6nnen und was leider nicht. Wenn wir etwas \u00fcbersehen haben, oder wenn du weitere Fragen hast, bitte [&hellip;]<\/p>\n","protected":false},"author":15517624,"featured_media":0,"parent":0,"menu_order":0,"comment_status":"closed","ping_status":"closed","template":"","meta":{"jetpack_post_was_ever_published":false,"footnotes":""},"class_list":["post-5296","page","type-page","status-publish","hentry"],"jetpack_sharing_enabled":true,"_links":{"self":[{"href":"https:\/\/vienna.wordcamp.org\/2026\/wp-json\/wp\/v2\/pages\/5296","targetHints":{"allow":["GET"]}}],"collection":[{"href":"https:\/\/vienna.wordcamp.org\/2026\/wp-json\/wp\/v2\/pages"}],"about":[{"href":"https:\/\/vienna.wordcamp.org\/2026\/wp-json\/wp\/v2\/types\/page"}],"author":[{"embeddable":true,"href":"https:\/\/vienna.wordcamp.org\/2026\/wp-json\/wp\/v2\/users\/15517624"}],"replies":[{"embeddable":true,"href":"https:\/\/vienna.wordcamp.org\/2026\/wp-json\/wp\/v2\/comments?post=5296"}],"version-history":[{"count":3,"href":"https:\/\/vienna.wordcamp.org\/2026\/wp-json\/wp\/v2\/pages\/5296\/revisions"}],"predecessor-version":[{"id":5300,"href":"https:\/\/vienna.wordcamp.org\/2026\/wp-json\/wp\/v2\/pages\/5296\/revisions\/5300"}],"wp:attachment":[{"href":"https:\/\/vienna.wordcamp.org\/2026\/wp-json\/wp\/v2\/media?parent=5296"}],"curies":[{"name":"wp","href":"https:\/\/api.w.org\/{rel}","templated":true}]}}