{"id":3,"date":"2025-10-08T11:57:20","date_gmt":"2025-10-08T11:57:20","guid":{"rendered":"https:\/\/vienna.wordcamp.org\/2026\/feedback\/"},"modified":"2026-04-09T10:53:11","modified_gmt":"2026-04-09T08:53:11","slug":"feedback","status":"publish","type":"page","link":"https:\/\/vienna.wordcamp.org\/2026\/feedback\/","title":{"rendered":"Feedback"},"content":{"rendered":"\n<div id=\"de\" class=\"wp-block-group has-global-padding is-layout-constrained wp-block-group-is-layout-constrained\">\n<div class=\"wp-block-group is-content-justification-right is-nowrap is-layout-flex wp-container-core-group-is-layout-a1f12a57 wp-block-group-is-layout-flex\" style=\"margin-bottom:var(--wp--preset--spacing--50)\">\n<figure class=\"wp-block-image size-full is-resized is-style-default\"><img loading=\"lazy\" decoding=\"async\" width=\"80\" height=\"80\" src=\"https:\/\/vienna.wordcamp.org\/2026\/files\/2025\/11\/invader.png\" alt=\"\" class=\"wp-image-5399\" style=\"width:30px\" \/><\/figure>\n\n\n\n<p class=\"has-medium-font-size\" style=\"border-bottom-color:var(--wp--preset--color--accent-2);border-bottom-style:dotted\"><strong>Deutsch<\/strong> \/ <a href=\"#en\" data-type=\"page\" data-id=\"11\">English<\/a><\/p>\n<\/div>\n\n\n\n<p>Mit deinem Feedback kannst du etwas an die Community zur\u00fcckgeben. Du hilfst Speaker:innen dabei zu verstehen, was in ihrer Session gut funktioniert hat, unterst\u00fctzt die Organisator:innen bei der Auswertung des Events und tr\u00e4gst dazu bei, zuk\u00fcnftige WordCamps noch besser zu machen.<\/p>\n\n\n\n<p>Nutze das <strong><a href=\"https:\/\/form.jotform.com\/WordPress_Community\/wordpress-event-attendee-feedback?language=de-AT&amp;whichEvent=WordCamp+Vienna+2026\" target=\"_blank\" rel=\"noreferrer noopener\">offizielle Feedback-Formular<\/a><\/strong> f\u00fcr allgemeines Feedback zum Event oder w\u00e4hle im Dropdown eine einzelne Session aus, um gezielt R\u00fcckmeldung zu einem Vortrag zu geben.<\/p>\n\n\n\n<p>Dein Feedback wird nur mit Speaker:innen und Organisator:innen geteilt.<\/p>\n<\/div>\n\n\n\n<div style=\"height:100px\" aria-hidden=\"true\" class=\"wp-block-spacer\"><\/div>\n\n\n\n<div id=\"en\" class=\"wp-block-group has-global-padding is-layout-constrained wp-block-group-is-layout-constrained\">\n<div class=\"wp-block-group is-content-justification-right is-nowrap is-layout-flex wp-container-core-group-is-layout-a1f12a57 wp-block-group-is-layout-flex\" style=\"margin-bottom:var(--wp--preset--spacing--50)\">\n<figure class=\"wp-block-image size-full is-resized is-style-default\"><img loading=\"lazy\" decoding=\"async\" width=\"80\" height=\"80\" src=\"https:\/\/vienna.wordcamp.org\/2026\/files\/2025\/11\/invader.png\" alt=\"\" class=\"wp-image-5399\" style=\"width:30px\" \/><\/figure>\n\n\n\n<p class=\"has-medium-font-size\" style=\"border-bottom-color:var(--wp--preset--color--accent-2);border-bottom-style:dotted\"><a href=\"#de\" data-type=\"page\" data-id=\"238\">Deutsch<\/a> \/ <strong>English<\/strong><\/p>\n<\/div>\n\n\n\n<p>Feedback is one of the best ways to give back to the WordPress community. By sharing your thoughts, you help speakers grow, support the organizing team, and make future WordCamps even better.<\/p>\n\n\n\n<p>Use the <strong><a href=\"https:\/\/form.jotform.com\/WordPress_Community\/wordpress-event-attendee-feedback?language=en-US&amp;whichEvent=WordCamp+Vienna+2026\">official feedback form<\/a><\/strong> to send general event feedback, or select a session from the dropdown below to leave feedback for a specific presentation.<\/p>\n\n\n\n<p>Your feedback will only be visible to speakers and organizers.<\/p>\n<\/div>\n","protected":false},"excerpt":{"rendered":"<p>Deutsch \/ English Mit deinem Feedback kannst du etwas an die Community zur\u00fcckgeben. Du hilfst Speaker:innen dabei zu verstehen, was in ihrer Session gut funktioniert hat, unterst\u00fctzt die Organisator:innen bei der Auswertung des Events und tr\u00e4gst dazu bei, zuk\u00fcnftige WordCamps noch besser zu machen. Nutze das offizielle Feedback-Formular f\u00fcr allgemeines Feedback zum Event oder w\u00e4hle [&hellip;]<\/p>\n","protected":false},"author":15517624,"featured_media":0,"parent":0,"menu_order":0,"comment_status":"closed","ping_status":"closed","template":"seiten-english","meta":{"jetpack_post_was_ever_published":true,"footnotes":""},"class_list":["post-3","page","type-page","status-publish","hentry"],"jetpack_sharing_enabled":true,"_links":{"self":[{"href":"https:\/\/vienna.wordcamp.org\/2026\/wp-json\/wp\/v2\/pages\/3","targetHints":{"allow":["GET"]}}],"collection":[{"href":"https:\/\/vienna.wordcamp.org\/2026\/wp-json\/wp\/v2\/pages"}],"about":[{"href":"https:\/\/vienna.wordcamp.org\/2026\/wp-json\/wp\/v2\/types\/page"}],"author":[{"embeddable":true,"href":"https:\/\/vienna.wordcamp.org\/2026\/wp-json\/wp\/v2\/users\/15517624"}],"replies":[{"embeddable":true,"href":"https:\/\/vienna.wordcamp.org\/2026\/wp-json\/wp\/v2\/comments?post=3"}],"version-history":[{"count":10,"href":"https:\/\/vienna.wordcamp.org\/2026\/wp-json\/wp\/v2\/pages\/3\/revisions"}],"predecessor-version":[{"id":8835,"href":"https:\/\/vienna.wordcamp.org\/2026\/wp-json\/wp\/v2\/pages\/3\/revisions\/8835"}],"wp:attachment":[{"href":"https:\/\/vienna.wordcamp.org\/2026\/wp-json\/wp\/v2\/media?parent=3"}],"curies":[{"name":"wp","href":"https:\/\/api.w.org\/{rel}","templated":true}]}}