{"id":238,"date":"2025-11-06T19:25:53","date_gmt":"2025-11-06T18:25:53","guid":{"rendered":"https:\/\/vienna.wordcamp.org\/2026\/?page_id=238"},"modified":"2026-03-26T13:43:11","modified_gmt":"2026-03-26T12:43:11","slug":"sponsors","status":"publish","type":"page","link":"https:\/\/vienna.wordcamp.org\/2026\/sponsors\/","title":{"rendered":"Sponsors"},"content":{"rendered":"\n<div class=\"wp-block-group is-content-justification-right is-nowrap is-layout-flex wp-container-core-group-is-layout-a1f12a57 wp-block-group-is-layout-flex\" style=\"margin-bottom:var(--wp--preset--spacing--50)\">\n<figure class=\"wp-block-image size-full is-resized is-style-default\"><img loading=\"lazy\" decoding=\"async\" width=\"80\" height=\"80\" src=\"https:\/\/vienna.wordcamp.org\/2026\/files\/2025\/11\/invader.png\" alt=\"\" class=\"wp-image-5399\" style=\"width:25px\" \/><\/figure>\n\n\n\n<p class=\"has-medium-font-size\" style=\"border-bottom-color:var(--wp--preset--color--accent-2);border-bottom-style:dotted\"><strong>Deutsch<\/strong> \/ <a href=\"https:\/\/vienna.wordcamp.org\/2026\/en\/sponsors\/\" data-type=\"page\" data-id=\"11\">English<\/a><\/p>\n<\/div>\n\n\n\n<p>Diese Organisationen spielen eine entscheidende Rolle dabei, unsere Community zu st\u00e4rken und unsere gemeinsame Vision von Wachstum und Innovation voranzutreiben.<\/p>\n\n\n\n<div class=\"wp-block-group alignwide is-layout-flow wp-block-group-is-layout-flow\" style=\"margin-top:var(--wp--preset--spacing--60);margin-bottom:var(--wp--preset--spacing--60)\">\n<p class=\"has-text-align-center is-style-text-subtitle is-style-text-subtitle--1\">WordCamp Vienna 2026 dankt den unsch\u00e4tzbaren Unterst\u00fctzungen unserer engagierten Sponsoren.<\/p>\n<\/div>\n\n\n\n<div class=\"wp-block-group alignwide has-global-padding is-layout-constrained wp-container-core-group-is-layout-530ec779 wp-block-group-is-layout-constrained\">\n<section class=\"wp-block-group is-layout-flow wp-block-group-is-layout-flow\" style=\"margin-bottom:var(--wp--preset--spacing--50)\">\n<h2 class=\"wp-block-heading alignwide has-text-align-center\">Platinum &amp; Global Sponsors<\/h2>\n\n\n\n<div class=\"wp-block-query is-sponsor-grid is-sponsor-grid-platinum is-layout-flow wp-block-query-is-layout-flow\"><ul class=\"columns-3 wp-block-post-template is-layout-grid wp-container-core-post-template-is-layout-10753265 wp-block-post-template-is-layout-grid\"><li class=\"wp-block-post post-3374 wcb_sponsor type-wcb_sponsor status-publish has-post-thumbnail hentry wcb_sponsor_level-platinum\">\n<figure style=\"aspect-ratio:16\/9;\" class=\"wp-block-post-featured-image\"><a href=\"https:\/\/vienna.wordcamp.org\/2026\/sponsor\/domaintechnik\/\" target=\"_self\"  ><img loading=\"lazy\" decoding=\"async\" width=\"659\" height=\"63\" src=\"https:\/\/vienna.wordcamp.org\/2026\/files\/2025\/02\/Domaintechnik-Logo.webp\" class=\"attachment-large size-large wp-post-image\" alt=\"Domaintechnik\" style=\"width:100%;height:100%;object-fit:contain;\" srcset=\"https:\/\/vienna.wordcamp.org\/2026\/files\/2025\/02\/Domaintechnik-Logo.webp 659w, https:\/\/vienna.wordcamp.org\/2026\/files\/2025\/02\/Domaintechnik-Logo-300x29.webp 300w, https:\/\/vienna.wordcamp.org\/2026\/files\/2025\/02\/Domaintechnik-Logo-500x48.webp 500w\" sizes=\"auto, (max-width: 659px) 100vw, 659px\" \/><\/a><\/figure>\n<\/li><li class=\"wp-block-post post-26 wcb_sponsor type-wcb_sponsor status-publish has-post-thumbnail hentry wcb_sponsor_level-global\">\n<figure style=\"aspect-ratio:16\/9;\" class=\"wp-block-post-featured-image\"><a href=\"https:\/\/vienna.wordcamp.org\/2026\/sponsor\/jetpack\/\" target=\"_self\"  ><img loading=\"lazy\" decoding=\"async\" width=\"900\" height=\"500\" src=\"https:\/\/vienna.wordcamp.org\/2026\/files\/2025\/10\/jetpack-logo-vector.png\" class=\"attachment-large size-large wp-post-image\" alt=\"Jetpack\" style=\"width:100%;height:100%;object-fit:contain;\" srcset=\"https:\/\/vienna.wordcamp.org\/2026\/files\/2025\/10\/jetpack-logo-vector.png 900w, https:\/\/vienna.wordcamp.org\/2026\/files\/2025\/10\/jetpack-logo-vector-300x167.png 300w, https:\/\/vienna.wordcamp.org\/2026\/files\/2025\/10\/jetpack-logo-vector-768x427.png 768w, https:\/\/vienna.wordcamp.org\/2026\/files\/2025\/10\/jetpack-logo-vector-500x278.png 500w\" sizes=\"auto, (max-width: 900px) 100vw, 900px\" \/><\/a><\/figure>\n<\/li><li class=\"wp-block-post post-5224 wcb_sponsor type-wcb_sponsor status-publish has-post-thumbnail hentry wcb_sponsor_level-global\">\n<figure style=\"aspect-ratio:16\/9;\" class=\"wp-block-post-featured-image\"><a href=\"https:\/\/vienna.wordcamp.org\/2026\/sponsor\/woo\/\" target=\"_self\"  ><img loading=\"lazy\" decoding=\"async\" width=\"983\" height=\"322\" src=\"https:\/\/vienna.wordcamp.org\/2026\/files\/2024\/12\/Woo-Logo-New.png\" class=\"attachment-large size-large wp-post-image\" alt=\"Woo\" style=\"width:100%;height:100%;object-fit:contain;\" srcset=\"https:\/\/vienna.wordcamp.org\/2026\/files\/2024\/12\/Woo-Logo-New.png 983w, https:\/\/vienna.wordcamp.org\/2026\/files\/2024\/12\/Woo-Logo-New-300x98.png 300w, https:\/\/vienna.wordcamp.org\/2026\/files\/2024\/12\/Woo-Logo-New-768x252.png 768w, https:\/\/vienna.wordcamp.org\/2026\/files\/2024\/12\/Woo-Logo-New-500x164.png 500w\" sizes=\"auto, (max-width: 983px) 100vw, 983px\" \/><\/a><\/figure>\n<\/li><\/ul><\/div>\n<\/section>\n\n\n\n<section class=\"wp-block-group is-layout-flow wp-block-group-is-layout-flow\" style=\"margin-bottom:var(--wp--preset--spacing--50)\">\n<h2 class=\"wp-block-heading alignwide has-text-align-center\">Diamond Sponsors<\/h2>\n\n\n\n<div class=\"wp-block-query is-sponsor-grid is-sponsor-grid-diamond is-layout-flow wp-block-query-is-layout-flow\"><ul class=\"columns-3 wp-block-post-template is-layout-grid wp-container-core-post-template-is-layout-10753265 wp-block-post-template-is-layout-grid\"><li class=\"wp-block-post post-4228 wcb_sponsor type-wcb_sponsor status-publish has-post-thumbnail hentry wcb_sponsor_level-diamond\">\n<figure style=\"aspect-ratio:16\/9;\" class=\"wp-block-post-featured-image\"><a href=\"https:\/\/vienna.wordcamp.org\/2026\/sponsor\/altumhost\/\" target=\"_self\"  ><img loading=\"lazy\" decoding=\"async\" width=\"750\" height=\"161\" src=\"https:\/\/vienna.wordcamp.org\/2026\/files\/2025\/04\/altumhost_logo_pod_www_na_biale.png\" class=\"attachment-large size-large wp-post-image\" alt=\"Altumhost\" style=\"width:100%;height:100%;object-fit:contain;\" srcset=\"https:\/\/vienna.wordcamp.org\/2026\/files\/2025\/04\/altumhost_logo_pod_www_na_biale.png 750w, https:\/\/vienna.wordcamp.org\/2026\/files\/2025\/04\/altumhost_logo_pod_www_na_biale-300x64.png 300w, https:\/\/vienna.wordcamp.org\/2026\/files\/2025\/04\/altumhost_logo_pod_www_na_biale-500x107.png 500w\" sizes=\"auto, (max-width: 750px) 100vw, 750px\" \/><\/a><\/figure>\n<\/li><li class=\"wp-block-post post-6662 wcb_sponsor type-wcb_sponsor status-publish has-post-thumbnail hentry wcb_sponsor_level-diamond\">\n<figure style=\"aspect-ratio:16\/9;\" class=\"wp-block-post-featured-image\"><a href=\"https:\/\/vienna.wordcamp.org\/2026\/sponsor\/modular-ds\/\" target=\"_self\"  ><img loading=\"lazy\" decoding=\"async\" width=\"1024\" height=\"234\" src=\"https:\/\/vienna.wordcamp.org\/2026\/files\/2026\/02\/Modular-DS-logo-1024x234.png\" class=\"attachment-large size-large wp-post-image\" alt=\"Modular DS\" style=\"width:100%;height:100%;object-fit:contain;\" srcset=\"https:\/\/vienna.wordcamp.org\/2026\/files\/2026\/02\/Modular-DS-logo-1024x234.png 1024w, https:\/\/vienna.wordcamp.org\/2026\/files\/2026\/02\/Modular-DS-logo-300x69.png 300w, https:\/\/vienna.wordcamp.org\/2026\/files\/2026\/02\/Modular-DS-logo-768x176.png 768w, https:\/\/vienna.wordcamp.org\/2026\/files\/2026\/02\/Modular-DS-logo-500x114.png 500w, https:\/\/vienna.wordcamp.org\/2026\/files\/2026\/02\/Modular-DS-logo-1536x351.png 1536w, https:\/\/vienna.wordcamp.org\/2026\/files\/2026\/02\/Modular-DS-logo-2048x468.png 2048w\" sizes=\"auto, (max-width: 1024px) 100vw, 1024px\" \/><\/a><\/figure>\n<\/li><li class=\"wp-block-post post-7644 wcb_sponsor type-wcb_sponsor status-publish has-post-thumbnail hentry wcb_sponsor_level-diamond\">\n<figure style=\"aspect-ratio:16\/9;\" class=\"wp-block-post-featured-image\"><a href=\"https:\/\/vienna.wordcamp.org\/2026\/sponsor\/weglot\/\" target=\"_self\"  ><img loading=\"lazy\" decoding=\"async\" width=\"1024\" height=\"311\" src=\"https:\/\/vienna.wordcamp.org\/2026\/files\/2026\/03\/weglot-logo.png\" class=\"attachment-large size-large wp-post-image\" alt=\"Weglot\" style=\"width:100%;height:100%;object-fit:contain;\" srcset=\"https:\/\/vienna.wordcamp.org\/2026\/files\/2026\/03\/weglot-logo.png 1024w, https:\/\/vienna.wordcamp.org\/2026\/files\/2026\/03\/weglot-logo-300x91.png 300w, https:\/\/vienna.wordcamp.org\/2026\/files\/2026\/03\/weglot-logo-768x233.png 768w, https:\/\/vienna.wordcamp.org\/2026\/files\/2026\/03\/weglot-logo-500x152.png 500w\" sizes=\"auto, (max-width: 1024px) 100vw, 1024px\" \/><\/a><\/figure>\n<\/li><\/ul><\/div>\n<\/section>\n\n\n\n<section class=\"wp-block-group is-layout-flow wp-block-group-is-layout-flow\" style=\"margin-bottom:var(--wp--preset--spacing--50)\">\n<h2 class=\"wp-block-heading alignwide has-text-align-center\">Gold Sponsors<\/h2>\n\n\n\n<div class=\"wp-block-query is-sponsor-grid is-sponsor-grid-gold is-layout-flow wp-block-query-is-layout-flow\"><ul class=\"columns-4 wp-block-post-template is-layout-grid wp-container-core-post-template-is-layout-be752776 wp-block-post-template-is-layout-grid\"><li class=\"wp-block-post post-3522 wcb_sponsor type-wcb_sponsor status-publish has-post-thumbnail hentry wcb_sponsor_level-gold\">\n<figure style=\"aspect-ratio:16\/9;\" class=\"wp-block-post-featured-image\"><a href=\"https:\/\/vienna.wordcamp.org\/2026\/sponsor\/4business-it\/\" target=\"_self\"  ><img loading=\"lazy\" decoding=\"async\" width=\"1024\" height=\"665\" src=\"https:\/\/vienna.wordcamp.org\/2026\/files\/2025\/02\/4businessIT_logo_2023_finalclaim.png\" class=\"attachment-large size-large wp-post-image\" alt=\"4business IT\" style=\"width:100%;height:100%;object-fit:contain;\" srcset=\"https:\/\/vienna.wordcamp.org\/2026\/files\/2025\/02\/4businessIT_logo_2023_finalclaim.png 1024w, https:\/\/vienna.wordcamp.org\/2026\/files\/2025\/02\/4businessIT_logo_2023_finalclaim-300x195.png 300w, https:\/\/vienna.wordcamp.org\/2026\/files\/2025\/02\/4businessIT_logo_2023_finalclaim-768x499.png 768w, https:\/\/vienna.wordcamp.org\/2026\/files\/2025\/02\/4businessIT_logo_2023_finalclaim-462x300.png 462w\" sizes=\"auto, (max-width: 1024px) 100vw, 1024px\" \/><\/a><\/figure>\n<\/li><li class=\"wp-block-post post-6785 wcb_sponsor type-wcb_sponsor status-publish has-post-thumbnail hentry wcb_sponsor_level-gold\">\n<figure style=\"aspect-ratio:16\/9;\" class=\"wp-block-post-featured-image\"><a href=\"https:\/\/vienna.wordcamp.org\/2026\/sponsor\/captcha-eu\/\" target=\"_self\"  ><img loading=\"lazy\" decoding=\"async\" width=\"645\" height=\"220\" src=\"https:\/\/vienna.wordcamp.org\/2026\/files\/2026\/03\/captcha-eu-logo.png\" class=\"attachment-large size-large wp-post-image\" alt=\"Captcha.eu\" style=\"width:100%;height:100%;object-fit:contain;\" srcset=\"https:\/\/vienna.wordcamp.org\/2026\/files\/2026\/03\/captcha-eu-logo.png 645w, https:\/\/vienna.wordcamp.org\/2026\/files\/2026\/03\/captcha-eu-logo-300x102.png 300w, https:\/\/vienna.wordcamp.org\/2026\/files\/2026\/03\/captcha-eu-logo-500x171.png 500w\" sizes=\"auto, (max-width: 645px) 100vw, 645px\" \/><\/a><\/figure>\n<\/li><li class=\"wp-block-post post-6296 wcb_sponsor type-wcb_sponsor status-publish has-post-thumbnail hentry wcb_sponsor_level-gold\">\n<figure style=\"aspect-ratio:16\/9;\" class=\"wp-block-post-featured-image\"><a href=\"https:\/\/vienna.wordcamp.org\/2026\/sponsor\/cevento\/\" target=\"_self\"  ><img loading=\"lazy\" decoding=\"async\" width=\"659\" height=\"300\" src=\"https:\/\/vienna.wordcamp.org\/2026\/files\/2026\/02\/cevento-logo-3D-full-black-lowres.png\" class=\"attachment-large size-large wp-post-image\" alt=\"Cevento\" style=\"width:100%;height:100%;object-fit:contain;\" srcset=\"https:\/\/vienna.wordcamp.org\/2026\/files\/2026\/02\/cevento-logo-3D-full-black-lowres.png 659w, https:\/\/vienna.wordcamp.org\/2026\/files\/2026\/02\/cevento-logo-3D-full-black-lowres-300x137.png 300w, https:\/\/vienna.wordcamp.org\/2026\/files\/2026\/02\/cevento-logo-3D-full-black-lowres-500x228.png 500w\" sizes=\"auto, (max-width: 659px) 100vw, 659px\" \/><\/a><\/figure>\n<\/li><li class=\"wp-block-post post-7298 wcb_sponsor type-wcb_sponsor status-publish has-post-thumbnail hentry wcb_sponsor_level-gold\">\n<figure style=\"aspect-ratio:16\/9;\" class=\"wp-block-post-featured-image\"><a href=\"https:\/\/vienna.wordcamp.org\/2026\/sponsor\/shop-n-roll\/\" target=\"_self\"  ><img loading=\"lazy\" decoding=\"async\" width=\"1024\" height=\"1024\" src=\"https:\/\/vienna.wordcamp.org\/2026\/files\/2025\/03\/SnR-Logo_2025_NEW-1024x1024.png\" class=\"attachment-large size-large wp-post-image\" alt=\"Shop n Roll\" style=\"width:100%;height:100%;object-fit:contain;\" srcset=\"https:\/\/vienna.wordcamp.org\/2026\/files\/2025\/03\/SnR-Logo_2025_NEW-1024x1024.png 1024w, https:\/\/vienna.wordcamp.org\/2026\/files\/2025\/03\/SnR-Logo_2025_NEW-300x300.png 300w, https:\/\/vienna.wordcamp.org\/2026\/files\/2025\/03\/SnR-Logo_2025_NEW-150x150.png 150w, https:\/\/vienna.wordcamp.org\/2026\/files\/2025\/03\/SnR-Logo_2025_NEW-768x768.png 768w, https:\/\/vienna.wordcamp.org\/2026\/files\/2025\/03\/SnR-Logo_2025_NEW.png 1163w\" sizes=\"auto, (max-width: 1024px) 100vw, 1024px\" \/><\/a><\/figure>\n<\/li><\/ul><\/div>\n<\/section>\n\n\n\n<section class=\"wp-block-group is-layout-flow wp-block-group-is-layout-flow\" style=\"margin-bottom:var(--wp--preset--spacing--50)\">\n<h2 class=\"wp-block-heading alignwide has-text-align-center\">Community Sponsors<\/h2>\n\n\n\n<div class=\"wp-block-query is-sponsor-grid is-sponsor-grid-community is-layout-flow wp-block-query-is-layout-flow\"><ul class=\"columns-5 wp-block-post-template is-layout-grid wp-container-core-post-template-is-layout-f011b3e1 wp-block-post-template-is-layout-grid\"><li class=\"wp-block-post post-7289 wcb_sponsor type-wcb_sponsor status-publish has-post-thumbnail hentry wcb_sponsor_level-community\">\n<figure style=\"aspect-ratio:16\/9;\" class=\"wp-block-post-featured-image\"><a href=\"https:\/\/vienna.wordcamp.org\/2026\/sponsor\/aelia\/\" target=\"_self\"  ><img loading=\"lazy\" decoding=\"async\" width=\"1024\" height=\"581\" src=\"https:\/\/vienna.wordcamp.org\/2026\/files\/2026\/03\/AeliaLogo_201310_1200x681-1024x581.png\" class=\"attachment-large size-large wp-post-image\" alt=\"Aelia\" style=\"width:100%;height:100%;object-fit:contain;\" srcset=\"https:\/\/vienna.wordcamp.org\/2026\/files\/2026\/03\/AeliaLogo_201310_1200x681-1024x581.png 1024w, https:\/\/vienna.wordcamp.org\/2026\/files\/2026\/03\/AeliaLogo_201310_1200x681-300x170.png 300w, https:\/\/vienna.wordcamp.org\/2026\/files\/2026\/03\/AeliaLogo_201310_1200x681-768x436.png 768w, https:\/\/vienna.wordcamp.org\/2026\/files\/2026\/03\/AeliaLogo_201310_1200x681-500x284.png 500w, https:\/\/vienna.wordcamp.org\/2026\/files\/2026\/03\/AeliaLogo_201310_1200x681.png 1200w\" sizes=\"auto, (max-width: 1024px) 100vw, 1024px\" \/><\/a><\/figure>\n<\/li><li class=\"wp-block-post post-6294 wcb_sponsor type-wcb_sponsor status-publish has-post-thumbnail hentry wcb_sponsor_level-community\">\n<figure style=\"aspect-ratio:16\/9;\" class=\"wp-block-post-featured-image\"><a href=\"https:\/\/vienna.wordcamp.org\/2026\/sponsor\/cbra-digital\/\" target=\"_self\"  ><img loading=\"lazy\" decoding=\"async\" width=\"1024\" height=\"201\" src=\"https:\/\/vienna.wordcamp.org\/2026\/files\/2026\/01\/cbra-Logo-Sub-01-1024x201.webp\" class=\"attachment-large size-large wp-post-image\" alt=\"CBRA Digital\" style=\"width:100%;height:100%;object-fit:contain;\" srcset=\"https:\/\/vienna.wordcamp.org\/2026\/files\/2026\/01\/cbra-Logo-Sub-01-1024x201.webp 1024w, https:\/\/vienna.wordcamp.org\/2026\/files\/2026\/01\/cbra-Logo-Sub-01-300x59.webp 300w, https:\/\/vienna.wordcamp.org\/2026\/files\/2026\/01\/cbra-Logo-Sub-01-768x151.webp 768w, https:\/\/vienna.wordcamp.org\/2026\/files\/2026\/01\/cbra-Logo-Sub-01-500x98.webp 500w, https:\/\/vienna.wordcamp.org\/2026\/files\/2026\/01\/cbra-Logo-Sub-01.webp 1200w\" sizes=\"auto, (max-width: 1024px) 100vw, 1024px\" \/><\/a><\/figure>\n<\/li><li class=\"wp-block-post post-6733 wcb_sponsor type-wcb_sponsor status-publish has-post-thumbnail hentry wcb_sponsor_level-community\">\n<figure style=\"aspect-ratio:16\/9;\" class=\"wp-block-post-featured-image\"><a href=\"https:\/\/vienna.wordcamp.org\/2026\/sponsor\/greyd\/\" target=\"_self\"  ><img loading=\"lazy\" decoding=\"async\" width=\"748\" height=\"147\" src=\"https:\/\/vienna.wordcamp.org\/2026\/files\/2026\/02\/greyd-textmark-dark.png\" class=\"attachment-large size-large wp-post-image\" alt=\"GREYD\" style=\"width:100%;height:100%;object-fit:contain;\" srcset=\"https:\/\/vienna.wordcamp.org\/2026\/files\/2026\/02\/greyd-textmark-dark.png 748w, https:\/\/vienna.wordcamp.org\/2026\/files\/2026\/02\/greyd-textmark-dark-300x59.png 300w, https:\/\/vienna.wordcamp.org\/2026\/files\/2026\/02\/greyd-textmark-dark-500x98.png 500w\" sizes=\"auto, (max-width: 748px) 100vw, 748px\" \/><\/a><\/figure>\n<\/li><li class=\"wp-block-post post-3526 wcb_sponsor type-wcb_sponsor status-publish has-post-thumbnail hentry wcb_sponsor_level-community\">\n<figure style=\"aspect-ratio:16\/9;\" class=\"wp-block-post-featured-image\"><a href=\"https:\/\/vienna.wordcamp.org\/2026\/sponsor\/json-content-importer\/\" target=\"_self\"  ><img loading=\"lazy\" decoding=\"async\" width=\"1024\" height=\"479\" src=\"https:\/\/vienna.wordcamp.org\/2026\/files\/2025\/02\/JCI-Fetch-Use-API-1024x479.png\" class=\"attachment-large size-large wp-post-image\" alt=\"JSON Content Importer\" style=\"width:100%;height:100%;object-fit:contain;\" srcset=\"https:\/\/vienna.wordcamp.org\/2026\/files\/2025\/02\/JCI-Fetch-Use-API-1024x479.png 1024w, https:\/\/vienna.wordcamp.org\/2026\/files\/2025\/02\/JCI-Fetch-Use-API-300x140.png 300w, https:\/\/vienna.wordcamp.org\/2026\/files\/2025\/02\/JCI-Fetch-Use-API-768x359.png 768w, https:\/\/vienna.wordcamp.org\/2026\/files\/2025\/02\/JCI-Fetch-Use-API-500x234.png 500w, https:\/\/vienna.wordcamp.org\/2026\/files\/2025\/02\/JCI-Fetch-Use-API.png 1221w\" sizes=\"auto, (max-width: 1024px) 100vw, 1024px\" \/><\/a><\/figure>\n<\/li><li class=\"wp-block-post post-7476 wcb_sponsor type-wcb_sponsor status-publish has-post-thumbnail hentry wcb_sponsor_level-community\">\n<figure style=\"aspect-ratio:16\/9;\" class=\"wp-block-post-featured-image\"><a href=\"https:\/\/vienna.wordcamp.org\/2026\/sponsor\/nic-at\/\" target=\"_self\"  ><img loading=\"lazy\" decoding=\"async\" width=\"842\" height=\"342\" src=\"https:\/\/vienna.wordcamp.org\/2026\/files\/2026\/03\/nic-at-logo.jpg\" class=\"attachment-large size-large wp-post-image\" alt=\"nic.at\" style=\"width:100%;height:100%;object-fit:contain;\" srcset=\"https:\/\/vienna.wordcamp.org\/2026\/files\/2026\/03\/nic-at-logo.jpg 842w, https:\/\/vienna.wordcamp.org\/2026\/files\/2026\/03\/nic-at-logo-300x122.jpg 300w, https:\/\/vienna.wordcamp.org\/2026\/files\/2026\/03\/nic-at-logo-768x312.jpg 768w, https:\/\/vienna.wordcamp.org\/2026\/files\/2026\/03\/nic-at-logo-500x203.jpg 500w\" sizes=\"auto, (max-width: 842px) 100vw, 842px\" \/><\/a><\/figure>\n<\/li><li class=\"wp-block-post post-6659 wcb_sponsor type-wcb_sponsor status-publish has-post-thumbnail hentry wcb_sponsor_level-community\">\n<figure style=\"aspect-ratio:16\/9;\" class=\"wp-block-post-featured-image\"><a href=\"https:\/\/vienna.wordcamp.org\/2026\/sponsor\/peaknetworks\/\" target=\"_self\"  ><img loading=\"lazy\" decoding=\"async\" width=\"350\" height=\"142\" src=\"https:\/\/vienna.wordcamp.org\/2026\/files\/2026\/02\/peaknetworks-logo.png\" class=\"attachment-large size-large wp-post-image\" alt=\"Peaknetworks\" style=\"width:100%;height:100%;object-fit:contain;\" srcset=\"https:\/\/vienna.wordcamp.org\/2026\/files\/2026\/02\/peaknetworks-logo.png 350w, https:\/\/vienna.wordcamp.org\/2026\/files\/2026\/02\/peaknetworks-logo-300x122.png 300w\" sizes=\"auto, (max-width: 350px) 100vw, 350px\" \/><\/a><\/figure>\n<\/li><li class=\"wp-block-post post-5229 wcb_sponsor type-wcb_sponsor status-publish has-post-thumbnail hentry wcb_sponsor_level-community\">\n<figure style=\"aspect-ratio:16\/9;\" class=\"wp-block-post-featured-image\"><a href=\"https:\/\/vienna.wordcamp.org\/2026\/sponsor\/syssy-online-gmbh\/\" target=\"_self\"  ><img loading=\"lazy\" decoding=\"async\" width=\"477\" height=\"317\" src=\"https:\/\/vienna.wordcamp.org\/2026\/files\/2025\/04\/syssy-logo-477.png\" class=\"attachment-large size-large wp-post-image\" alt=\"SYSSY Online GmbH\" style=\"width:100%;height:100%;object-fit:contain;\" srcset=\"https:\/\/vienna.wordcamp.org\/2026\/files\/2025\/04\/syssy-logo-477.png 477w, https:\/\/vienna.wordcamp.org\/2026\/files\/2025\/04\/syssy-logo-477-300x199.png 300w, https:\/\/vienna.wordcamp.org\/2026\/files\/2025\/04\/syssy-logo-477-451x300.png 451w\" sizes=\"auto, (max-width: 477px) 100vw, 477px\" \/><\/a><\/figure>\n<\/li><li class=\"wp-block-post post-7292 wcb_sponsor type-wcb_sponsor status-publish has-post-thumbnail hentry wcb_sponsor_level-community\">\n<figure style=\"aspect-ratio:16\/9;\" class=\"wp-block-post-featured-image\"><a href=\"https:\/\/vienna.wordcamp.org\/2026\/sponsor\/webchangedetector\/\" target=\"_self\"  ><img loading=\"lazy\" decoding=\"async\" width=\"1024\" height=\"512\" src=\"https:\/\/vienna.wordcamp.org\/2026\/files\/2026\/03\/wceu-sponsor-logo-smb-webchangedetector-1024x512.webp\" class=\"attachment-large size-large wp-post-image\" alt=\"Webchangedetector\" style=\"width:100%;height:100%;object-fit:contain;\" srcset=\"https:\/\/vienna.wordcamp.org\/2026\/files\/2026\/03\/wceu-sponsor-logo-smb-webchangedetector-1024x512.webp 1024w, https:\/\/vienna.wordcamp.org\/2026\/files\/2026\/03\/wceu-sponsor-logo-smb-webchangedetector-300x150.webp 300w, https:\/\/vienna.wordcamp.org\/2026\/files\/2026\/03\/wceu-sponsor-logo-smb-webchangedetector-768x384.webp 768w, https:\/\/vienna.wordcamp.org\/2026\/files\/2026\/03\/wceu-sponsor-logo-smb-webchangedetector-500x250.webp 500w, https:\/\/vienna.wordcamp.org\/2026\/files\/2026\/03\/wceu-sponsor-logo-smb-webchangedetector.webp 1200w\" sizes=\"auto, (max-width: 1024px) 100vw, 1024px\" \/><\/a><\/figure>\n<\/li><li class=\"wp-block-post post-7600 wcb_sponsor type-wcb_sponsor status-publish has-post-thumbnail hentry wcb_sponsor_level-community\">\n<figure style=\"aspect-ratio:16\/9;\" class=\"wp-block-post-featured-image\"><a href=\"https:\/\/vienna.wordcamp.org\/2026\/sponsor\/wppeak-com\/\" target=\"_self\"  ><img loading=\"lazy\" decoding=\"async\" width=\"1024\" height=\"674\" src=\"https:\/\/vienna.wordcamp.org\/2026\/files\/2026\/03\/wppeak.com-logo-1500x988-1-1024x674.png\" class=\"attachment-large size-large wp-post-image\" alt=\"wppeak.com\" style=\"width:100%;height:100%;object-fit:contain;\" srcset=\"https:\/\/vienna.wordcamp.org\/2026\/files\/2026\/03\/wppeak.com-logo-1500x988-1-1024x674.png 1024w, https:\/\/vienna.wordcamp.org\/2026\/files\/2026\/03\/wppeak.com-logo-1500x988-1-300x198.png 300w, https:\/\/vienna.wordcamp.org\/2026\/files\/2026\/03\/wppeak.com-logo-1500x988-1-768x506.png 768w, https:\/\/vienna.wordcamp.org\/2026\/files\/2026\/03\/wppeak.com-logo-1500x988-1-455x300.png 455w, https:\/\/vienna.wordcamp.org\/2026\/files\/2026\/03\/wppeak.com-logo-1500x988-1.png 1500w\" sizes=\"auto, (max-width: 1024px) 100vw, 1024px\" \/><\/a><\/figure>\n<\/li><\/ul><\/div>\n<\/section>\n\n\n\n<section class=\"wp-block-group has-global-padding is-content-justification-center is-layout-constrained wp-block-group-is-layout-constrained\" style=\"margin-bottom:var(--wp--preset--spacing--50)\">\n<h2 class=\"wp-block-heading alignwide has-text-align-center\">Media Partners<\/h2>\n\n\n\n<div class=\"wp-block-query is-sponsor-grid is-sponsor-grid-community is-layout-flow wp-block-query-is-layout-flow\"><ul class=\"columns-3 wp-block-post-template is-layout-grid wp-container-core-post-template-is-layout-10753265 wp-block-post-template-is-layout-grid\"><li class=\"wp-block-post post-3463 wcb_sponsor type-wcb_sponsor status-publish has-post-thumbnail hentry wcb_sponsor_level-media\">\n<figure style=\"aspect-ratio:16\/9;\" class=\"wp-block-post-featured-image\"><a href=\"https:\/\/vienna.wordcamp.org\/2026\/sponsor\/apa-ots\/\" target=\"_self\"  ><img loading=\"lazy\" decoding=\"async\" width=\"365\" height=\"150\" src=\"https:\/\/vienna.wordcamp.org\/2026\/files\/2025\/02\/apa-comm.png\" class=\"attachment-large size-large wp-post-image\" alt=\"APA-Comm\" style=\"width:100%;height:100%;object-fit:contain;\" srcset=\"https:\/\/vienna.wordcamp.org\/2026\/files\/2025\/02\/apa-comm.png 365w, https:\/\/vienna.wordcamp.org\/2026\/files\/2025\/02\/apa-comm-300x123.png 300w\" sizes=\"auto, (max-width: 365px) 100vw, 365px\" \/><\/a><\/figure>\n<\/li><\/ul><\/div>\n<\/section>\n<\/div>\n\n\n\n<div class=\"wp-block-group has-global-padding is-layout-constrained wp-block-group-is-layout-constrained\">\n<h2 class=\"wp-block-heading\">Sind Sie daran interessiert, das WordCamp dieses Jahr zu sponsern?<\/h2>\n\n\n\n<p>Schauen Sie sich unseren&nbsp;Information f\u00fcr Sponsoren&nbsp;an, um zu erfahren, wie Sie dazu beitragen k\u00f6nnen, dass das diesj\u00e4hrige WordCamp so gut wie m\u00f6glich wird!<\/p>\n\n\n\n<div class=\"wp-block-buttons is-layout-flex wp-block-buttons-is-layout-flex\">\n<div class=\"wp-block-button\"><a class=\"wp-block-button__link wp-element-button\" href=\"https:\/\/vienna.wordcamp.org\/2026\/sponsoren\/information\/\">Sponsor werden<\/a><\/div>\n<\/div>\n<\/div>\n","protected":false},"excerpt":{"rendered":"<p>Deutsch \/ English Diese Organisationen spielen eine entscheidende Rolle dabei, unsere Community zu st\u00e4rken und unsere gemeinsame Vision von Wachstum und Innovation voranzutreiben. WordCamp Vienna 2026 dankt den unsch\u00e4tzbaren Unterst\u00fctzungen unserer engagierten Sponsoren. Sind Sie daran interessiert, das WordCamp dieses Jahr zu sponsern? Schauen Sie sich unseren&nbsp;Information f\u00fcr Sponsoren&nbsp;an, um zu erfahren, wie Sie dazu [&hellip;]<\/p>\n","protected":false},"author":15517624,"featured_media":0,"parent":0,"menu_order":0,"comment_status":"closed","ping_status":"closed","template":"pages-full-width-german","meta":{"jetpack_post_was_ever_published":false,"footnotes":""},"class_list":["post-238","page","type-page","status-publish","hentry"],"jetpack_sharing_enabled":true,"_links":{"self":[{"href":"https:\/\/vienna.wordcamp.org\/2026\/wp-json\/wp\/v2\/pages\/238","targetHints":{"allow":["GET"]}}],"collection":[{"href":"https:\/\/vienna.wordcamp.org\/2026\/wp-json\/wp\/v2\/pages"}],"about":[{"href":"https:\/\/vienna.wordcamp.org\/2026\/wp-json\/wp\/v2\/types\/page"}],"author":[{"embeddable":true,"href":"https:\/\/vienna.wordcamp.org\/2026\/wp-json\/wp\/v2\/users\/15517624"}],"replies":[{"embeddable":true,"href":"https:\/\/vienna.wordcamp.org\/2026\/wp-json\/wp\/v2\/comments?post=238"}],"version-history":[{"count":44,"href":"https:\/\/vienna.wordcamp.org\/2026\/wp-json\/wp\/v2\/pages\/238\/revisions"}],"predecessor-version":[{"id":7766,"href":"https:\/\/vienna.wordcamp.org\/2026\/wp-json\/wp\/v2\/pages\/238\/revisions\/7766"}],"wp:attachment":[{"href":"https:\/\/vienna.wordcamp.org\/2026\/wp-json\/wp\/v2\/media?parent=238"}],"curies":[{"name":"wp","href":"https:\/\/api.w.org\/{rel}","templated":true}]}}