{"id":233,"date":"2025-11-06T19:14:13","date_gmt":"2025-11-06T18:14:13","guid":{"rendered":"https:\/\/vienna.wordcamp.org\/2026\/?page_id=233"},"modified":"2026-03-31T16:10:27","modified_gmt":"2026-03-31T14:10:27","slug":"organizers","status":"publish","type":"page","link":"https:\/\/vienna.wordcamp.org\/2026\/organizers\/","title":{"rendered":"Organisatoren"},"content":{"rendered":"\n<div class=\"wp-block-group alignfull has-base-2-background-color has-background has-global-padding is-layout-constrained wp-block-group-is-layout-constrained\">\n<p class=\"wp-block-paragraph\" style=\"margin-bottom:var(--wp--preset--spacing--20)\">Wir freuen uns, das <strong>Organisationsteam des WordCamp Vienna 2026<\/strong> vorzustellen!<\/p>\n\n\n\n<p class=\"wp-block-paragraph\">Hinter den Kulissen arbeitet eine engagierte Gruppe von Organisatorinnen und Organisatoren ehrenamtlich daran, ein unvergessliches WordCamp-Erlebnis in Wien zu planen und vorzubereiten.<\/p>\n\n\n\n<p class=\"wp-block-paragraph\">Unser Team vereint eine gro\u00dfe Bandbreite an F\u00e4higkeiten, Ideen und Begeisterung \u2013 alles mit dem Ziel, eine Veranstaltung zu schaffen, die den Geist der WordPress-Community widerspiegelt.<\/p>\n\n\n\n<p class=\"wp-block-paragraph\">Jede Organisatorin und jeder Organisator bringt gro\u00dfz\u00fcgig Zeit und Fachwissen ein, um Menschen f\u00fcr ein paar inspirierende Tage voller Lernen, Zusammenarbeit und Feier zusammenzubringen.<\/p>\n<\/div>\n\n\n\n\n\n<div class=\"wp-block-group alignfull has-base-color has-accent-1-background-color has-text-color has-background has-link-color wp-elements-4a92976b64f3efc0470568ab6dcb1442 has-global-padding is-layout-constrained wp-block-group-is-layout-constrained\" style=\"margin-top:var(--wp--preset--spacing--60);margin-bottom:var(--wp--preset--spacing--60);padding-top:var(--wp--preset--spacing--70);padding-bottom:var(--wp--preset--spacing--70)\">\n<div class=\"wp-block-query alignwide is-layout-flow wp-block-query-is-layout-flow\"><ul class=\"columns-5 wp-block-post-template is-layout-grid wp-container-core-post-template-is-layout-b9a5ac3e wp-block-post-template-is-layout-grid\"><li class=\"wp-block-post post-7931 wcb_organizer type-wcb_organizer status-publish hentry wcb_organizer_team-speakers wcb_organizer_team-website\">\n\n<div class=\"wp-block-group has-global-padding is-layout-constrained wp-container-core-group-is-layout-9c49e378 wp-block-group-is-layout-constrained\" style=\"padding-right:var(--wp--preset--spacing--30);padding-bottom:var(--wp--preset--spacing--30);padding-left:var(--wp--preset--spacing--30)\"><figure style=\"width:256px;height:256px;\" class=\"is-style-rounded wp-block-wordcamp-avatar\"><a href=\"https:\/\/vienna.wordcamp.org\/2026\/organizer\/benedikt-ledl\/\"><img decoding=\"async\" src=\"https:\/\/secure.gravatar.com\/avatar\/2ac90f17873e6f228e8daf092df27a3f3c90951bd5aaef58ffc238f781e2d49a?s=256&amp;d=mm&amp;r=g\" alt=\"Benedikt Ledl\" \/><\/a><\/figure>\n\n<h2 class=\"has-text-align-center has-link-color wp-elements-f326e13c5f3bce7b2575930d7e0022ca wp-block-post-title has-text-color has-base-color has-large-font-size\"><a href=\"https:\/\/vienna.wordcamp.org\/2026\/organizer\/benedikt-ledl\/\" target=\"_self\" >Benedikt Ledl<\/a><\/h2>\n\n<div style=\"font-style:normal;font-weight:400\" class=\"taxonomy-wcb_organizer_team has-text-align-center is-style-default wp-block-post-terms\"><a href=\"https:\/\/vienna.wordcamp.org\/2026\/team\/speakers\/\" rel=\"tag\">Speakers<\/a><span class=\"wp-block-post-terms__separator\">, <\/span><a href=\"https:\/\/vienna.wordcamp.org\/2026\/team\/website\/\" rel=\"tag\">Website<\/a><\/div><\/div>\n\n<\/li><li class=\"wp-block-post post-3043 wcb_organizer type-wcb_organizer status-publish has-post-thumbnail hentry wcb_organizer_team-attendees\">\n\n<div class=\"wp-block-group has-global-padding is-layout-constrained wp-container-core-group-is-layout-9c49e378 wp-block-group-is-layout-constrained\" style=\"padding-right:var(--wp--preset--spacing--30);padding-bottom:var(--wp--preset--spacing--30);padding-left:var(--wp--preset--spacing--30)\"><figure style=\"width:256px;height:256px;\" class=\"is-style-rounded wp-block-wordcamp-avatar\"><a href=\"https:\/\/vienna.wordcamp.org\/2026\/organizer\/david-neubauer\/\"><img decoding=\"async\" src=\"https:\/\/secure.gravatar.com\/avatar\/b251e57866419a13ded92355d2982692751aa6600d8be88ef9b44327e07c7268?s=256&amp;d=mm&amp;r=g\" alt=\"David Neubauer\" \/><\/a><\/figure>\n\n<h2 class=\"has-text-align-center has-link-color wp-elements-f326e13c5f3bce7b2575930d7e0022ca wp-block-post-title has-text-color has-base-color has-large-font-size\"><a href=\"https:\/\/vienna.wordcamp.org\/2026\/organizer\/david-neubauer\/\" target=\"_self\" >David Neubauer<\/a><\/h2>\n\n<div style=\"font-style:normal;font-weight:400\" class=\"taxonomy-wcb_organizer_team has-text-align-center is-style-default wp-block-post-terms\"><a href=\"https:\/\/vienna.wordcamp.org\/2026\/team\/attendees\/\" rel=\"tag\">Attendees<\/a><\/div><\/div>\n\n<\/li><li class=\"wp-block-post post-2096 wcb_organizer type-wcb_organizer status-publish has-post-thumbnail hentry wcb_organizer_team-catering wcb_organizer_team-lead-organiser\">\n\n<div class=\"wp-block-group has-global-padding is-layout-constrained wp-container-core-group-is-layout-9c49e378 wp-block-group-is-layout-constrained\" style=\"padding-right:var(--wp--preset--spacing--30);padding-bottom:var(--wp--preset--spacing--30);padding-left:var(--wp--preset--spacing--30)\"><figure style=\"width:256px;height:256px;\" class=\"is-style-rounded wp-block-wordcamp-avatar\"><a href=\"https:\/\/vienna.wordcamp.org\/2026\/organizer\/dominik-liss\/\"><img decoding=\"async\" src=\"https:\/\/secure.gravatar.com\/avatar\/b74f42c05282babcb6190702567420611ba0653a1279cb96563e5c81c27f150c?s=256&amp;d=mm&amp;r=g\" alt=\"Dominik Liss\" \/><\/a><\/figure>\n\n<h2 class=\"has-text-align-center has-link-color wp-elements-f326e13c5f3bce7b2575930d7e0022ca wp-block-post-title has-text-color has-base-color has-large-font-size\"><a href=\"https:\/\/vienna.wordcamp.org\/2026\/organizer\/dominik-liss\/\" target=\"_self\" >Dominik Liss<\/a><\/h2>\n\n<div style=\"font-style:normal;font-weight:400\" class=\"taxonomy-wcb_organizer_team has-text-align-center is-style-default wp-block-post-terms\"><a href=\"https:\/\/vienna.wordcamp.org\/2026\/team\/catering\/\" rel=\"tag\">Catering<\/a><span class=\"wp-block-post-terms__separator\">, <\/span><a href=\"https:\/\/vienna.wordcamp.org\/2026\/team\/lead-organiser\/\" rel=\"tag\">Lead organiser<\/a><\/div><\/div>\n\n<\/li><li class=\"wp-block-post post-8060 wcb_organizer type-wcb_organizer status-publish hentry wcb_organizer_team-social-media\">\n\n<div class=\"wp-block-group has-global-padding is-layout-constrained wp-container-core-group-is-layout-9c49e378 wp-block-group-is-layout-constrained\" style=\"padding-right:var(--wp--preset--spacing--30);padding-bottom:var(--wp--preset--spacing--30);padding-left:var(--wp--preset--spacing--30)\"><figure style=\"width:256px;height:256px;\" class=\"is-style-rounded wp-block-wordcamp-avatar\"><a href=\"https:\/\/vienna.wordcamp.org\/2026\/organizer\/hamza-kwehangana\/\"><img decoding=\"async\" src=\"https:\/\/secure.gravatar.com\/avatar\/e6ffd065412916454cdbf778e1ac5a997e5c29d0cbdde0eea321d02ea86006a6?s=256&amp;d=mm&amp;r=g\" alt=\"Hamza Kwehangana\" \/><\/a><\/figure>\n\n<h2 class=\"has-text-align-center has-link-color wp-elements-f326e13c5f3bce7b2575930d7e0022ca wp-block-post-title has-text-color has-base-color has-large-font-size\"><a href=\"https:\/\/vienna.wordcamp.org\/2026\/organizer\/hamza-kwehangana\/\" target=\"_self\" >Hamza Kwehangana<\/a><\/h2>\n\n<div style=\"font-style:normal;font-weight:400\" class=\"taxonomy-wcb_organizer_team has-text-align-center is-style-default wp-block-post-terms\"><a href=\"https:\/\/vienna.wordcamp.org\/2026\/team\/social-media\/\" rel=\"tag\">Social Media<\/a><\/div><\/div>\n\n<\/li><li class=\"wp-block-post post-3203 wcb_organizer type-wcb_organizer status-publish has-post-thumbnail hentry\">\n\n<div class=\"wp-block-group has-global-padding is-layout-constrained wp-container-core-group-is-layout-9c49e378 wp-block-group-is-layout-constrained\" style=\"padding-right:var(--wp--preset--spacing--30);padding-bottom:var(--wp--preset--spacing--30);padding-left:var(--wp--preset--spacing--30)\"><figure style=\"width:256px;height:256px;\" class=\"is-style-rounded wp-block-wordcamp-avatar\"><a href=\"https:\/\/vienna.wordcamp.org\/2026\/organizer\/jason-de-cordoba\/\"><img decoding=\"async\" src=\"https:\/\/secure.gravatar.com\/avatar\/7eaeace14c0beef6882b62a8c9fa0e3e8700668bb5befc2005b300486e0577dd?s=256&amp;d=mm&amp;r=g\" alt=\"Jason de Cordoba\" \/><\/a><\/figure>\n\n<h2 class=\"has-text-align-center has-link-color wp-elements-f326e13c5f3bce7b2575930d7e0022ca wp-block-post-title has-text-color has-base-color has-large-font-size\"><a href=\"https:\/\/vienna.wordcamp.org\/2026\/organizer\/jason-de-cordoba\/\" target=\"_self\" >Jason de Cordoba<\/a><\/h2>\n\n<\/div>\n\n<\/li><li class=\"wp-block-post post-8062 wcb_organizer type-wcb_organizer status-publish hentry wcb_organizer_team-social-media\">\n\n<div class=\"wp-block-group has-global-padding is-layout-constrained wp-container-core-group-is-layout-9c49e378 wp-block-group-is-layout-constrained\" style=\"padding-right:var(--wp--preset--spacing--30);padding-bottom:var(--wp--preset--spacing--30);padding-left:var(--wp--preset--spacing--30)\"><figure style=\"width:256px;height:256px;\" class=\"is-style-rounded wp-block-wordcamp-avatar\"><a href=\"https:\/\/vienna.wordcamp.org\/2026\/organizer\/magdalena-magdziarz\/\"><img decoding=\"async\" src=\"https:\/\/secure.gravatar.com\/avatar\/fad42df4da32a863006c55519f5448160824a1fbf0afec73a4739d5ffc1c2142?s=256&amp;d=mm&amp;r=g\" alt=\"Magdalena Magdziarz\" \/><\/a><\/figure>\n\n<h2 class=\"has-text-align-center has-link-color wp-elements-f326e13c5f3bce7b2575930d7e0022ca wp-block-post-title has-text-color has-base-color has-large-font-size\"><a href=\"https:\/\/vienna.wordcamp.org\/2026\/organizer\/magdalena-magdziarz\/\" target=\"_self\" >Magdalena Magdziarz<\/a><\/h2>\n\n<div style=\"font-style:normal;font-weight:400\" class=\"taxonomy-wcb_organizer_team has-text-align-center is-style-default wp-block-post-terms\"><a href=\"https:\/\/vienna.wordcamp.org\/2026\/team\/social-media\/\" rel=\"tag\">Social Media<\/a><\/div><\/div>\n\n<\/li><li class=\"wp-block-post post-2107 wcb_organizer type-wcb_organizer status-publish hentry wcb_organizer_team-volunteers\">\n\n<div class=\"wp-block-group has-global-padding is-layout-constrained wp-container-core-group-is-layout-9c49e378 wp-block-group-is-layout-constrained\" style=\"padding-right:var(--wp--preset--spacing--30);padding-bottom:var(--wp--preset--spacing--30);padding-left:var(--wp--preset--spacing--30)\"><figure style=\"width:256px;height:256px;\" class=\"is-style-rounded wp-block-wordcamp-avatar\"><a href=\"https:\/\/vienna.wordcamp.org\/2026\/organizer\/marcel-tannich\/\"><img decoding=\"async\" src=\"https:\/\/secure.gravatar.com\/avatar\/989c1335d769091c62e0deef931f8bf136242e74a4f3117dae4831d96395951d?s=256&amp;d=mm&amp;r=g\" alt=\"Marcel Tannich\" \/><\/a><\/figure>\n\n<h2 class=\"has-text-align-center has-link-color wp-elements-f326e13c5f3bce7b2575930d7e0022ca wp-block-post-title has-text-color has-base-color has-large-font-size\"><a href=\"https:\/\/vienna.wordcamp.org\/2026\/organizer\/marcel-tannich\/\" target=\"_self\" >Marcel Tannich<\/a><\/h2>\n\n<div style=\"font-style:normal;font-weight:400\" class=\"taxonomy-wcb_organizer_team has-text-align-center is-style-default wp-block-post-terms\"><a href=\"https:\/\/vienna.wordcamp.org\/2026\/team\/volunteers\/\" rel=\"tag\">Volunteers<\/a><\/div><\/div>\n\n<\/li><li class=\"wp-block-post post-3025 wcb_organizer type-wcb_organizer status-publish hentry wcb_organizer_team-press\">\n\n<div class=\"wp-block-group has-global-padding is-layout-constrained wp-container-core-group-is-layout-9c49e378 wp-block-group-is-layout-constrained\" style=\"padding-right:var(--wp--preset--spacing--30);padding-bottom:var(--wp--preset--spacing--30);padding-left:var(--wp--preset--spacing--30)\"><figure style=\"width:256px;height:256px;\" class=\"is-style-rounded wp-block-wordcamp-avatar\"><a href=\"https:\/\/vienna.wordcamp.org\/2026\/organizer\/marco-heinrichs\/\"><img decoding=\"async\" src=\"https:\/\/secure.gravatar.com\/avatar\/a0508b282b2599cfe118b855141e7e37d3f685fc10ccd5717a2323d2918a552f?s=256&amp;d=mm&amp;r=g\" alt=\"Marco Heinrichs\" \/><\/a><\/figure>\n\n<h2 class=\"has-text-align-center has-link-color wp-elements-f326e13c5f3bce7b2575930d7e0022ca wp-block-post-title has-text-color has-base-color has-large-font-size\"><a href=\"https:\/\/vienna.wordcamp.org\/2026\/organizer\/marco-heinrichs\/\" target=\"_self\" >Marco Heinrichs<\/a><\/h2>\n\n<div style=\"font-style:normal;font-weight:400\" class=\"taxonomy-wcb_organizer_team has-text-align-center is-style-default wp-block-post-terms\"><a href=\"https:\/\/vienna.wordcamp.org\/2026\/team\/press\/\" rel=\"tag\">Press<\/a><\/div><\/div>\n\n<\/li><li class=\"wp-block-post post-3034 wcb_organizer type-wcb_organizer status-publish hentry wcb_organizer_team-speakers\">\n\n<div class=\"wp-block-group has-global-padding is-layout-constrained wp-container-core-group-is-layout-9c49e378 wp-block-group-is-layout-constrained\" style=\"padding-right:var(--wp--preset--spacing--30);padding-bottom:var(--wp--preset--spacing--30);padding-left:var(--wp--preset--spacing--30)\"><figure style=\"width:256px;height:256px;\" class=\"is-style-rounded wp-block-wordcamp-avatar\"><a href=\"https:\/\/vienna.wordcamp.org\/2026\/organizer\/martin-sternsberger\/\"><img decoding=\"async\" src=\"https:\/\/secure.gravatar.com\/avatar\/6abe5af3c99d68f54a46821a64cb119611d0638669bffb0215888e6acb0fb7f6?s=256&amp;d=mm&amp;r=g\" alt=\"Martin Sternsberger\" \/><\/a><\/figure>\n\n<h2 class=\"has-text-align-center has-link-color wp-elements-f326e13c5f3bce7b2575930d7e0022ca wp-block-post-title has-text-color has-base-color has-large-font-size\"><a href=\"https:\/\/vienna.wordcamp.org\/2026\/organizer\/martin-sternsberger\/\" target=\"_self\" >Martin Sternsberger<\/a><\/h2>\n\n<div style=\"font-style:normal;font-weight:400\" class=\"taxonomy-wcb_organizer_team has-text-align-center is-style-default wp-block-post-terms\"><a href=\"https:\/\/vienna.wordcamp.org\/2026\/team\/speakers\/\" rel=\"tag\">Speakers<\/a><\/div><\/div>\n\n<\/li><li class=\"wp-block-post post-3030 wcb_organizer type-wcb_organizer status-publish hentry wcb_organizer_team-speakers\">\n\n<div class=\"wp-block-group has-global-padding is-layout-constrained wp-container-core-group-is-layout-9c49e378 wp-block-group-is-layout-constrained\" style=\"padding-right:var(--wp--preset--spacing--30);padding-bottom:var(--wp--preset--spacing--30);padding-left:var(--wp--preset--spacing--30)\"><figure style=\"width:256px;height:256px;\" class=\"is-style-rounded wp-block-wordcamp-avatar\"><a href=\"https:\/\/vienna.wordcamp.org\/2026\/organizer\/max-reisinger\/\"><img decoding=\"async\" src=\"https:\/\/secure.gravatar.com\/avatar\/fa8dde291c92bdc75116dcc2312f3d2cb228967836d694456f8886877a2fdc8b?s=256&amp;d=mm&amp;r=g\" alt=\"Max Reisinger\" \/><\/a><\/figure>\n\n<h2 class=\"has-text-align-center has-link-color wp-elements-f326e13c5f3bce7b2575930d7e0022ca wp-block-post-title has-text-color has-base-color has-large-font-size\"><a href=\"https:\/\/vienna.wordcamp.org\/2026\/organizer\/max-reisinger\/\" target=\"_self\" >Max Reisinger<\/a><\/h2>\n\n<div style=\"font-style:normal;font-weight:400\" class=\"taxonomy-wcb_organizer_team has-text-align-center is-style-default wp-block-post-terms\"><a href=\"https:\/\/vienna.wordcamp.org\/2026\/team\/speakers\/\" rel=\"tag\">Speakers<\/a><\/div><\/div>\n\n<\/li><li class=\"wp-block-post post-2129 wcb_organizer type-wcb_organizer status-publish hentry wcb_organizer_team-press wcb_organizer_team-sponsors wcb_organizer_team-website\">\n\n<div class=\"wp-block-group has-global-padding is-layout-constrained wp-container-core-group-is-layout-9c49e378 wp-block-group-is-layout-constrained\" style=\"padding-right:var(--wp--preset--spacing--30);padding-bottom:var(--wp--preset--spacing--30);padding-left:var(--wp--preset--spacing--30)\"><figure style=\"width:256px;height:256px;\" class=\"is-style-rounded wp-block-wordcamp-avatar\"><a href=\"https:\/\/vienna.wordcamp.org\/2026\/organizer\/miguel\/\"><img decoding=\"async\" src=\"https:\/\/secure.gravatar.com\/avatar\/63b915e16621f89b4de2ff7eca091c58b16bfff33139c3d1ff93f57749d15ec0?s=256&amp;d=mm&amp;r=g\" alt=\"Miguel Fern\u00e1ndez Vega\" \/><\/a><\/figure>\n\n<h2 class=\"has-text-align-center has-link-color wp-elements-f326e13c5f3bce7b2575930d7e0022ca wp-block-post-title has-text-color has-base-color has-large-font-size\"><a href=\"https:\/\/vienna.wordcamp.org\/2026\/organizer\/miguel\/\" target=\"_self\" >Miguel Fern\u00e1ndez Vega<\/a><\/h2>\n\n<div style=\"font-style:normal;font-weight:400\" class=\"taxonomy-wcb_organizer_team has-text-align-center is-style-default wp-block-post-terms\"><a href=\"https:\/\/vienna.wordcamp.org\/2026\/team\/press\/\" rel=\"tag\">Press<\/a><span class=\"wp-block-post-terms__separator\">, <\/span><a href=\"https:\/\/vienna.wordcamp.org\/2026\/team\/sponsors\/\" rel=\"tag\">Sponsors<\/a><span class=\"wp-block-post-terms__separator\">, <\/span><a href=\"https:\/\/vienna.wordcamp.org\/2026\/team\/website\/\" rel=\"tag\">Website<\/a><\/div><\/div>\n\n<\/li><li class=\"wp-block-post post-2542 wcb_organizer type-wcb_organizer status-publish has-post-thumbnail hentry wcb_organizer_team-graphic-merch\">\n\n<div class=\"wp-block-group has-global-padding is-layout-constrained wp-container-core-group-is-layout-9c49e378 wp-block-group-is-layout-constrained\" style=\"padding-right:var(--wp--preset--spacing--30);padding-bottom:var(--wp--preset--spacing--30);padding-left:var(--wp--preset--spacing--30)\"><figure style=\"width:256px;height:256px;\" class=\"is-style-rounded wp-block-wordcamp-avatar\"><a href=\"https:\/\/vienna.wordcamp.org\/2026\/organizer\/sanja-jelic\/\"><img decoding=\"async\" src=\"https:\/\/secure.gravatar.com\/avatar\/6733f57872b71ebac4fcf175807668985d843219cfa4ff006936312e58e784e2?s=256&amp;d=mm&amp;r=g\" alt=\"Sanja Jelic\" \/><\/a><\/figure>\n\n<h2 class=\"has-text-align-center has-link-color wp-elements-f326e13c5f3bce7b2575930d7e0022ca wp-block-post-title has-text-color has-base-color has-large-font-size\"><a href=\"https:\/\/vienna.wordcamp.org\/2026\/organizer\/sanja-jelic\/\" target=\"_self\" >Sanja Jelic<\/a><\/h2>\n\n<div style=\"font-style:normal;font-weight:400\" class=\"taxonomy-wcb_organizer_team has-text-align-center is-style-default wp-block-post-terms\"><a href=\"https:\/\/vienna.wordcamp.org\/2026\/team\/graphic-merch\/\" rel=\"tag\">Graphic &amp; Merch<\/a><\/div><\/div>\n\n<\/li><li class=\"wp-block-post post-3233 wcb_organizer type-wcb_organizer status-publish hentry wcb_organizer_team-sponsors wcb_organizer_team-website\">\n\n<div class=\"wp-block-group has-global-padding is-layout-constrained wp-container-core-group-is-layout-9c49e378 wp-block-group-is-layout-constrained\" style=\"padding-right:var(--wp--preset--spacing--30);padding-bottom:var(--wp--preset--spacing--30);padding-left:var(--wp--preset--spacing--30)\"><figure style=\"width:256px;height:256px;\" class=\"is-style-rounded wp-block-wordcamp-avatar\"><a href=\"https:\/\/vienna.wordcamp.org\/2026\/organizer\/xaver-birsak\/\"><img decoding=\"async\" src=\"https:\/\/secure.gravatar.com\/avatar\/221181b46a41668d243726a4bb6cfe4bfd624df12206ee64b77cd3908e0ca862?s=256&amp;d=mm&amp;r=g\" alt=\"Xaver Birsak\" \/><\/a><\/figure>\n\n<h2 class=\"has-text-align-center has-link-color wp-elements-f326e13c5f3bce7b2575930d7e0022ca wp-block-post-title has-text-color has-base-color has-large-font-size\"><a href=\"https:\/\/vienna.wordcamp.org\/2026\/organizer\/xaver-birsak\/\" target=\"_self\" >Xaver Birsak<\/a><\/h2>\n\n<div style=\"font-style:normal;font-weight:400\" class=\"taxonomy-wcb_organizer_team has-text-align-center is-style-default wp-block-post-terms\"><a href=\"https:\/\/vienna.wordcamp.org\/2026\/team\/sponsors\/\" rel=\"tag\">Sponsors<\/a><span class=\"wp-block-post-terms__separator\">, <\/span><a href=\"https:\/\/vienna.wordcamp.org\/2026\/team\/website\/\" rel=\"tag\">Website<\/a><\/div><\/div>\n\n<\/li><\/ul><\/div>\n<\/div>\n\n\n\n<div class=\"wp-block-columns alignwide is-layout-flex wp-container-core-columns-is-layout-794e3cfa wp-block-columns-is-layout-flex\">\n<div class=\"wp-block-column is-layout-flow wp-block-column-is-layout-flow\">\n<div class=\"wp-block-group is-vertical is-layout-flex wp-container-core-group-is-layout-831b2db5 wp-block-group-is-layout-flex\">\n<h3 class=\"wp-block-heading\" style=\"font-style:normal;font-weight:600\">Attendees<\/h3>\n\n\n\n<p class=\"wp-block-paragraph\">Das Team f\u00fcr Teilnehmende unterst\u00fctzt Ticketinhaberinnen und Ticketinhaber vor und w\u00e4hrend des WordCamp Vienna, hilft allen, die richtigen Informationen zu finden, und sorgt daf\u00fcr, dass sich jede und jeder willkommen f\u00fchlt.<\/p>\n<\/div>\n\n\n\n<div class=\"wp-block-group is-vertical is-layout-flex wp-container-core-group-is-layout-831b2db5 wp-block-group-is-layout-flex\">\n<h3 class=\"wp-block-heading\" style=\"font-style:normal;font-weight:600\">Sponsors<\/h3>\n\n\n\n<p class=\"wp-block-paragraph\">Das Sponsoren-Team arbeitet mit unseren Partnern zusammen, um bedeutungsvolle Sponsorenerlebnisse zu schaffen und dabei zu helfen, WordCamp Vienna f\u00fcr alle m\u00f6glich zu machen.<\/p>\n<\/div>\n\n\n\n<div class=\"wp-block-group is-vertical is-layout-flex wp-container-core-group-is-layout-831b2db5 wp-block-group-is-layout-flex\">\n<h3 class=\"wp-block-heading\" style=\"font-style:normal;font-weight:600\">Website<\/h3>\n\n\n\n<p class=\"wp-block-paragraph\">Das Website-Team bringt WordCamp Vienna online zum Leben und sorgt daf\u00fcr, dass die Website f\u00fcr Besucherinnen und Besucher klar, n\u00fctzlich und aktuell bleibt.<\/p>\n<\/div>\n<\/div>\n\n\n\n<div class=\"wp-block-column is-layout-flow wp-block-column-is-layout-flow\">\n<div class=\"wp-block-group is-vertical is-layout-flex wp-container-core-group-is-layout-831b2db5 wp-block-group-is-layout-flex\">\n<h3 class=\"wp-block-heading\" style=\"font-style:normal;font-weight:600\">Speakers<\/h3>\n\n\n\n<p class=\"wp-block-paragraph\">Das Speaker-Team kuratiert ein vielf\u00e4ltiges Programm aus Vortr\u00e4gen und Sessions, das informieren, inspirieren und Gespr\u00e4che in der gesamten WordPress-Community ansto\u00dfen soll.<\/p>\n<\/div>\n\n\n\n<div class=\"wp-block-group is-vertical is-layout-flex wp-container-core-group-is-layout-831b2db5 wp-block-group-is-layout-flex\">\n<h3 class=\"wp-block-heading\" style=\"font-style:normal;font-weight:600\">Social Media<\/h3>\n\n\n\n<p class=\"wp-block-paragraph\">Das Social-Media-Team teilt Neuigkeiten, Highlights und Einblicke hinter die Kulissen und hilft dabei, die Begeisterung rund um WordCamp Vienna in die breitere Community zu tragen.<\/p>\n<\/div>\n\n\n\n<div class=\"wp-block-group is-vertical is-layout-flex wp-container-core-group-is-layout-831b2db5 wp-block-group-is-layout-flex\">\n<h3 class=\"wp-block-heading\" style=\"font-style:normal;font-weight:600\">Graphic &amp; Merch<\/h3>\n\n\n\n<p class=\"wp-block-paragraph\">Das Grafik-&amp;-Merch-Team pr\u00e4gt die visuelle Identit\u00e4t des WordCamp Vienna und gestaltet Designs, an die sich Menschen noch lange nach der Veranstaltung erinnern werden.<\/p>\n<\/div>\n<\/div>\n\n\n\n<div class=\"wp-block-column is-layout-flow wp-block-column-is-layout-flow\">\n<div class=\"wp-block-group is-vertical is-layout-flex wp-container-core-group-is-layout-831b2db5 wp-block-group-is-layout-flex\">\n<h3 class=\"wp-block-heading\" style=\"font-style:normal;font-weight:600\">Volunteers<\/h3>\n\n\n\n<p class=\"wp-block-paragraph\">Das Volunteers-Team koordiniert die Menschen, die daf\u00fcr sorgen, dass alles reibungslos l\u00e4uft, und stellt sicher, dass \u00fcberall dort Unterst\u00fctzung verf\u00fcgbar ist, wo sie gebraucht wird.<\/p>\n<\/div>\n\n\n\n<div class=\"wp-block-group is-vertical is-layout-flex wp-container-core-group-is-layout-831b2db5 wp-block-group-is-layout-flex\">\n<h3 class=\"wp-block-heading\" style=\"font-style:normal;font-weight:600\">Catering<\/h3>\n\n\n\n<p class=\"wp-block-paragraph\">Das Catering-Team sorgt daf\u00fcr, dass alle gut versorgt sind und sich gut aufgehoben f\u00fchlen, koordiniert Essen und Getr\u00e4nke, damit Teilnehmende konzentriert und in Verbindung bleiben k\u00f6nnen.<\/p>\n<\/div>\n\n\n\n<div class=\"wp-block-group is-vertical is-layout-flex wp-container-core-group-is-layout-831b2db5 wp-block-group-is-layout-flex\">\n<h3 class=\"wp-block-heading\" style=\"font-style:normal;font-weight:600\">Press<\/h3>\n\n\n\n<p class=\"wp-block-paragraph\">Das Presse-Team arbeitet mit Medienpartnern und Community-Storytellern zusammen, um Neuigkeiten, Highlights und den Geist des WordCamp Vienna zu teilen.<\/p>\n<\/div>\n<\/div>\n<\/div>\n\n\n\n\n\n<div class=\"wp-block-group alignfull has-base-2-background-color has-background has-global-padding is-layout-constrained wp-block-group-is-layout-constrained\" style=\"margin-top:var(--wp--preset--spacing--60);margin-bottom:0;padding-top:var(--wp--preset--spacing--40);padding-bottom:var(--wp--preset--spacing--40)\">\n<h2 class=\"wp-block-heading\">Sag Hallo!<\/h2>\n\n\n\n<p class=\"wp-block-paragraph\">Vor allem aber begeistern wir uns f\u00fcr WordPress \u2013 genau wie du. Wenn du uns beim WordCamp Vienna oder anderswo siehst, komm vorbei und sag Hallo \u2013 <strong>wir sprechen immer gerne mit anderen Community-Mitgliedern \u00fcber WordPress.<\/strong> \u2764\ufe0f<\/p>\n<\/div>\n","protected":false},"excerpt":{"rendered":"<p>Wir freuen uns, das Organisationsteam des WordCamp Vienna 2026 vorzustellen! Hinter den Kulissen arbeitet eine engagierte Gruppe von Organisatorinnen und Organisatoren ehrenamtlich daran, ein unvergessliches WordCamp-Erlebnis in Wien zu planen und vorzubereiten. Unser Team vereint eine gro\u00dfe Bandbreite an F\u00e4higkeiten, Ideen und Begeisterung \u2013 alles mit dem Ziel, eine Veranstaltung zu schaffen, die den Geist [&hellip;]<\/p>\n","protected":false},"author":15517624,"featured_media":0,"parent":0,"menu_order":0,"comment_status":"closed","ping_status":"closed","template":"pages-german","meta":{"_crdt_document":"","jetpack_post_was_ever_published":false,"footnotes":""},"class_list":["post-233","page","type-page","status-publish","hentry"],"jetpack_sharing_enabled":true,"_links":{"self":[{"href":"https:\/\/vienna.wordcamp.org\/2026\/wp-json\/wp\/v2\/pages\/233","targetHints":{"allow":["GET"]}}],"collection":[{"href":"https:\/\/vienna.wordcamp.org\/2026\/wp-json\/wp\/v2\/pages"}],"about":[{"href":"https:\/\/vienna.wordcamp.org\/2026\/wp-json\/wp\/v2\/types\/page"}],"author":[{"embeddable":true,"href":"https:\/\/vienna.wordcamp.org\/2026\/wp-json\/wp\/v2\/users\/15517624"}],"replies":[{"embeddable":true,"href":"https:\/\/vienna.wordcamp.org\/2026\/wp-json\/wp\/v2\/comments?post=233"}],"version-history":[{"count":11,"href":"https:\/\/vienna.wordcamp.org\/2026\/wp-json\/wp\/v2\/pages\/233\/revisions"}],"predecessor-version":[{"id":8303,"href":"https:\/\/vienna.wordcamp.org\/2026\/wp-json\/wp\/v2\/pages\/233\/revisions\/8303"}],"wp:attachment":[{"href":"https:\/\/vienna.wordcamp.org\/2026\/wp-json\/wp\/v2\/media?parent=233"}],"curies":[{"name":"wp","href":"https:\/\/api.w.org\/{rel}","templated":true}]}}