{"id":230,"date":"2025-11-06T19:06:12","date_gmt":"2025-11-06T18:06:12","guid":{"rendered":"https:\/\/vienna.wordcamp.org\/2026\/?page_id=230"},"modified":"2026-04-09T11:32:35","modified_gmt":"2026-04-09T09:32:35","slug":"location","status":"publish","type":"page","link":"https:\/\/vienna.wordcamp.org\/2026\/location\/","title":{"rendered":"Veranstaltungsort"},"content":{"rendered":"\n<div class=\"wp-block-group alignwide has-global-padding is-layout-constrained wp-block-group-is-layout-constrained\">\n<div class=\"wp-block-columns alignwide is-layout-flex wp-container-core-columns-is-layout-884d4e02 wp-block-columns-is-layout-flex\" style=\"margin-top:var(--wp--preset--spacing--50);margin-bottom:0\">\n<div class=\"wp-block-column is-vertically-aligned-top is-layout-flow wp-block-column-is-layout-flow\" style=\"flex-basis:33.33%\">\n<div class=\"wp-block-group has-global-padding is-layout-constrained wp-block-group-is-layout-constrained\"><div class=\"googlemaps\">\n\t\t\t\t<iframe loading=\"lazy\" width=\"400\" height=\"450\" frameborder=\"0\" scrolling=\"no\" marginheight=\"0\" marginwidth=\"0\"  src=\"https:\/\/www.google.com\/maps\/embed?pb=!1m14!1m8!1m3!1d5316.976359008091!2d16.35186205131438!3d48.21647362065876!3m2!1i1024!2i768!4f13.1!3m3!1m2!1s0x0:0x99756d0f15d5e82c!2sH\u00f6rsaalzentrum%20-%20Campus%20der%20Universit\u00e4t%20Wien!5e0!3m2!1sde!2sat!4v1480158630118\"><\/iframe>\n\t\t\t<\/div>\n<\/div>\n<\/div>\n\n\n\n<div class=\"wp-block-column is-layout-flow wp-block-column-is-layout-flow\" style=\"flex-basis:66.66%\">\n<p class=\"wp-block-paragraph\"><a href=\"https:\/\/www.google.at\/maps\/place\/H%C3%B6rsaalzentrum+-+Campus+der+Universit%C3%A4t+Wien\/@48.2164736,16.3518621,16z\/data=!4m5!3m4!1s0x0:0x99756d0f15d5e82c!8m2!3d48.2171742!4d16.3532568\">Campus der Universit\u00e4t Wien \u2013 Altes AKH<br>Spitalgasse 2, 1090 Wien, \u00d6sterreich<\/a><\/p>\n\n\n\n<p class=\"wp-block-paragraph\">Informationen zur Barrierefreiheit findest du auf <a href=\"\/accessibility\/\">unserer entsprechenden Seite<\/a>.<\/p>\n\n\n\n<h2 class=\"wp-block-heading\">Anreise mit \u00f6ffentlichen Verkehrsmitteln<\/h2>\n\n\n\n<p class=\"wp-block-paragraph\"><strong>Vom Wiener Hauptbahnhof:<\/strong> Bus 13A bis zur Endstation \u201eAlser Stra\u00dfe\/Skodagasse\u201c<br><strong>Vom Westbahnhof:<\/strong> Stra\u00dfenbahn 5 bis zur Station \u201eLange Gasse\u201c<\/p>\n\n\n\n<p class=\"wp-block-paragraph\">Die n\u00e4chstgelegene Station zum Veranstaltungsort ist \u201eLange Gasse\u201c, bedient von den Stra\u00dfenbahnlinien 5, 12, 43, 44. Stra\u00dfenbahnen und Busse verkehren von 5:00 Uhr bis Mitternacht.<\/p>\n\n\n\n<p class=\"wp-block-paragraph\">Zur Planung deiner Fahrt kannst du den <a href=\"https:\/\/www.wienerlinien.at\/web\/wl-en\/plan-your-trip\" target=\"_blank\" rel=\"noopener\">Routenplaner<\/a> der Wiener Linien nutzen. Hinweis: Manche Z\u00fcge der Stra\u00dfenbahn sind noch nicht barrierefrei, plane daher eventuell etwas mehr Zeit ein, falls du eine Bahn auslassen musst.<\/p>\n\n\n\n<p class=\"wp-block-paragraph\">Wenn du zum ersten Mal beim WordCamp Wien dabei bist, wirf einen Blick auf die <a href=\"https:\/\/vienna.wordcamp.org\/2024\/files\/2023\/12\/AKH-Campus-Uebersicht.pdf\" target=\"_blank\" rel=\"noreferrer noopener\">Campuskarte (PDF)<\/a><\/p>\n\n\n\n<p class=\"wp-block-paragraph\">Der Campus ist ein modernes, professionelles Konferenzzentrum mit guter Barrierefreiheit und Aufz\u00fcgen zu allen Stockwerken.<\/p>\n\n\n\n<p class=\"wp-block-paragraph\">Wir haben einige <a href=\"\/accommodation\/\" data-type=\"page\" data-id=\"5329\">Hotels und Hostels<\/a> aufgelistet, die sich in der N\u00e4he des Veranstaltungsorts befinden und gut mit \u00f6ffentlichen Verkehrsmitteln oder per Fahrrad erreichbar sind.<\/p>\n\n\n\n<p class=\"wp-block-paragraph\">Unser Social-Media-Hashtag: <strong>#wcvie<\/strong><\/p>\n\n\n\n<h2 class=\"wp-block-heading\" id=\"contributor-day\">Freitag: Contributor- \/ Workshop-Tag<\/h2>\n\n\n\n<p class=\"wp-block-paragraph\"><strong>Fr, 10. April, von 13:30 bis 18:00 Uhr<\/strong><\/p>\n\n\n\n<p class=\"wp-block-paragraph\">Am Tag vor der Hauptkonferenz treffen wir uns am fr\u00fchen Nachmittag zum Contributor Day, um viele spannende Workshops in der <strong>H\u00f6rsaal B<\/strong> (Hof 2), im <strong>H\u00f6rsaal C2<\/strong> und im <strong>Seminarraum III<\/strong> (Hof 2) abzuhalten.<\/p>\n\n\n\n<p class=\"wp-block-paragraph\"><strong>Kaffeepausen<\/strong> beinhalten s\u00fc\u00dfe und salzige Snacks, darunter glutenfreie Optionen, und werden im Foyer vor dem H\u00f6rsaal C2 serviert.<\/p>\n\n\n\n<div class=\"wp-block-wporg-notice is-info-notice has-medium-font-size\"><div class=\"wp-block-wporg-notice__icon\"><\/div><div class=\"wp-block-wporg-notice__content\"><p>Bring unbedingt deinen Laptop mit, um den gr\u00f6\u00dftm\u00f6glichen Nutzen aus den Workshops zu ziehen!<\/p><\/div><\/div>\n\n\n\n<h2 class=\"wp-block-heading\">Samstag: Konferenztag<\/h2>\n\n\n\n<p class=\"wp-block-paragraph\"><strong>Sa, 11. April 2026, von 8:00 bis 18:00 Uhr<\/strong><\/p>\n\n\n\n<p class=\"wp-block-paragraph\">Es wird 3 Tracks mit WordPress-Fokus geben: einen Track auf Deutsch, einen auf Englisch und einen Entwickler-Track (gr\u00f6\u00dftenteils auf Englisch) in der <strong>H\u00f6rsaal B<\/strong> (Hof 2), im <strong>H\u00f6rsaal C1<\/strong> und <strong>C2<\/strong> (Hof 2).<\/p>\n\n\n\n<p class=\"wp-block-paragraph\"><strong>Kaffeepausen<\/strong> beinhalten s\u00fc\u00dfe und salzige Snacks, darunter glutenfreie Optionen, sowie Kaffee, Tee, Milch, Sojadrink und Leitungswasser. <strong>Das Mittagessen<\/strong> wird im Foyer vor H\u00f6rsaal C2 serviert.<\/p>\n\n\n\n<h2 class=\"wp-block-heading\" id=\"afterparty\">After-Party<\/h2>\n\n\n\n<p class=\"wp-block-paragraph\">Nach der Konferenz findet eine After-Party im Restaurant <a href=\"https:\/\/www.freiherz.at\" target=\"_blank\" rel=\"noreferrer noopener\"><strong>Freiherz<\/strong><\/a>, direkt am Campus statt.<\/p>\n\n\n\n<p class=\"wp-block-paragraph\">Dein Ticket beinhaltet den Zugang zur Party sowie einen Gutschein f\u00fcr ein Freigetr\u00e4nk \u2013 sei dabei!&nbsp;<\/p>\n<\/div>\n<\/div>\n<\/div>\n","protected":false},"excerpt":{"rendered":"<p>Campus der Universit\u00e4t Wien \u2013 Altes AKHSpitalgasse 2, 1090 Wien, \u00d6sterreich Informationen zur Barrierefreiheit findest du auf unserer entsprechenden Seite. Anreise mit \u00f6ffentlichen Verkehrsmitteln Vom Wiener Hauptbahnhof: Bus 13A bis zur Endstation \u201eAlser Stra\u00dfe\/Skodagasse\u201cVom Westbahnhof: Stra\u00dfenbahn 5 bis zur Station \u201eLange Gasse\u201c Die n\u00e4chstgelegene Station zum Veranstaltungsort ist \u201eLange Gasse\u201c, bedient von den Stra\u00dfenbahnlinien 5, [&hellip;]<\/p>\n","protected":false},"author":15517624,"featured_media":0,"parent":0,"menu_order":0,"comment_status":"closed","ping_status":"closed","template":"pages-full-width-german","meta":{"_crdt_document":"","jetpack_post_was_ever_published":false,"footnotes":""},"class_list":["post-230","page","type-page","status-publish","hentry"],"jetpack_sharing_enabled":true,"_links":{"self":[{"href":"https:\/\/vienna.wordcamp.org\/2026\/wp-json\/wp\/v2\/pages\/230","targetHints":{"allow":["GET"]}}],"collection":[{"href":"https:\/\/vienna.wordcamp.org\/2026\/wp-json\/wp\/v2\/pages"}],"about":[{"href":"https:\/\/vienna.wordcamp.org\/2026\/wp-json\/wp\/v2\/types\/page"}],"author":[{"embeddable":true,"href":"https:\/\/vienna.wordcamp.org\/2026\/wp-json\/wp\/v2\/users\/15517624"}],"replies":[{"embeddable":true,"href":"https:\/\/vienna.wordcamp.org\/2026\/wp-json\/wp\/v2\/comments?post=230"}],"version-history":[{"count":27,"href":"https:\/\/vienna.wordcamp.org\/2026\/wp-json\/wp\/v2\/pages\/230\/revisions"}],"predecessor-version":[{"id":8846,"href":"https:\/\/vienna.wordcamp.org\/2026\/wp-json\/wp\/v2\/pages\/230\/revisions\/8846"}],"wp:attachment":[{"href":"https:\/\/vienna.wordcamp.org\/2026\/wp-json\/wp\/v2\/media?parent=230"}],"curies":[{"name":"wp","href":"https:\/\/api.w.org\/{rel}","templated":true}]}}