{"id":227,"date":"2025-11-06T19:03:14","date_gmt":"2025-11-06T18:03:14","guid":{"rendered":"https:\/\/vienna.wordcamp.org\/2026\/?page_id=227"},"modified":"2026-04-05T23:49:45","modified_gmt":"2026-04-05T21:49:45","slug":"code-of-conduct","status":"publish","type":"page","link":"https:\/\/vienna.wordcamp.org\/2026\/code-of-conduct\/","title":{"rendered":"Code of Conduct"},"content":{"rendered":"\n<h2 class=\"wp-block-heading\">1. Zielsetzung<\/h2>\n\n\n\n<p>Das WordCamp Vienna ist der Meinung, dass unsere Gemeinschaft wirklich f\u00fcr jeden offen sein sollte. Daher verpflichten wir uns, eine freundliche, sichere und einladende Umgebung f\u00fcr alle zu schaffen, unabh\u00e4ngig von Geschlecht, sexueller Orientierung, Behinderung, ethnischer Zugeh\u00f6rigkeit, Religion, Alter, Kaste, sozialer Schicht, bevorzugtem Betriebssystem, Programmiersprache oder Texteditor und anderen identifizierenden Merkmalen.<\/p>\n\n\n\n<p>Dieser Verhaltenskodex umrei\u00dft unsere Erwartungen an das Verhalten der Teilnehmenden sowie die Konsequenzen f\u00fcr inakzeptables Verhalten.<\/p>\n\n\n\n<p>Wir laden alle Sponsoren, Freiwillige, Vortragende und Teilnehmende ein, uns zu helfen, eine sichere und positive Konferenzerfahrung f\u00fcr alle zu erm\u00f6glichen.<\/p>\n\n\n\n<h2 class=\"wp-block-heading\">2. Open-Source-Gesellschaft<\/h2>\n\n\n\n<p>Ein zus\u00e4tzliches Ziel dieses Verhaltenskodexes ist es, die Open-Source-Gemeinschaft zu st\u00e4rken, indem die Teilnehmer dazu ermutigt werden, die Beziehungen zwischen dem, was wir tun, und der Gemeinschaft als Ganzes zu erkennen und zu st\u00e4rken.<\/p>\n\n\n\n<p>Um dieses Ziel zu erreichen, werden die Organisatoren des WordCamp Vienna w\u00e4hrend der gesamten Veranstaltung Nominierungen f\u00fcr vorbildliche B\u00fcrger entgegennehmen und ausgew\u00e4hlte Teilnehmer nach der Konferenz auf der Website auszeichnen.<\/p>\n\n\n\n<p>Wenn Sie jemanden sehen, der sich besonders daf\u00fcr einsetzt, dass unsere Gemeinschaft einladend und freundlich ist und alle Teilnehmer dazu ermutigt, ihren Beitrag in vollem Umfang zu leisten, m\u00f6chten wir das wissen. Sie k\u00f6nnen jemanden am Anmeldetisch oder&nbsp;<a href=\"https:\/\/leipzig.wordcamp.org\/2025\/kontakt\/\">online<\/a>&nbsp;nominieren.<\/p>\n\n\n\n<h2 class=\"wp-block-heading\">3. Erwartetes Verhalten<\/h2>\n\n\n\n<ul class=\"wp-block-list\">\n<li>Seien Sie r\u00fccksichtsvoll, respektvoll und kooperativ.<\/li>\n\n\n\n<li>Unterlassen Sie erniedrigendes, diskriminierendes oder bel\u00e4stigendes Verhalten und Reden.<\/li>\n\n\n\n<li>Achten Sie auf Ihre Umgebung und auf Ihre Mitteilnehmenden. Alarmieren Sie die Konferenzorganisatoren, wenn Sie eine gef\u00e4hrliche Situation oder eine Person in Not bemerken.<\/li>\n\n\n\n<li>Beteiligen Sie sich auf authentische und aktive Weise. Damit gestalten Sie das WordCamp Vienna mit und machen es zu Ihrem eigenen.<\/li>\n<\/ul>\n\n\n\n<h2 class=\"wp-block-heading\">4. Inakzeptables Verhalten<\/h2>\n\n\n\n<p>Zu den inakzeptablen Verhaltensweisen geh\u00f6ren: Einsch\u00fcchterndes, bel\u00e4stigendes, beleidigendes, diskriminierendes, herabsetzendes oder erniedrigendes Verhalten von Teilnehmenden des WordCamp Vienna und verwandter Veranstaltungen. Alle Veranstaltungsorte des WordCamp Vienna k\u00f6nnen auch von der \u00d6ffentlichkeit genutzt werden; bitte verhalten Sie sich respektvoll gegen\u00fcber allen Besuchenden dieser Orte.<\/p>\n\n\n\n<p>Zu den Bel\u00e4stigungen geh\u00f6ren: beleidigende verbale \u00c4u\u00dferungen in Bezug auf Geschlecht, sexuelle Orientierung, Rasse, Religion, Behinderung; unangemessene Verwendung von Nacktheit und\/oder sexuellen Bildern in \u00f6ffentlichen R\u00e4umen (einschlie\u00dflich Pr\u00e4sentationsfolien); vors\u00e4tzliche Einsch\u00fcchterung, Verfolgung oder Nachstellung; bel\u00e4stigendes Fotografieren oder Aufnehmen; anhaltende St\u00f6rung von Vortr\u00e4gen oder anderen Veranstaltungen; unangemessener K\u00f6rperkontakt und unerw\u00fcnschte sexuelle Aufmerksamkeit.<\/p>\n\n\n\n<h2 class=\"wp-block-heading\">5. Konsequenzen bei inakzeptablem Verhalten<\/h2>\n\n\n\n<p>Inakzeptables Verhalten wird nicht toleriert, weder von anderen Teilnehmenden, Organisatoren, Mitarbeitenden des Veranstaltungsorts, Sponsoren noch anderen Besuchern des WordCamp Vienna.<\/p>\n\n\n\n<p>Von jedem, der aufgefordert wird, inakzeptables Verhalten einzustellen, wird erwartet, dass er dem sofort nachkommt.<\/p>\n\n\n\n<p>Wenn ein Teilnehmer ein inakzeptables Verhalten an den Tag legt, k\u00f6nnen die Konferenzorganisatoren alle Ma\u00dfnahmen ergreifen, die sie f\u00fcr angemessen halten, bis hin zum Ausschluss von der Konferenz ohne Warnung oder Erstattung.<\/p>\n\n\n\n<h2 class=\"wp-block-heading\">6. Was ist zu tun, wenn Sie Zeuge oder Opfer von inakzeptablem Verhalten werden?<\/h2>\n\n\n\n<p>Wenn Sie von inakzeptablem Verhalten betroffen sind, bemerken, dass jemand anderes von inakzeptablem Verhalten betroffen ist oder andere Bedenken haben, benachrichtigen Sie bitte so schnell wie m\u00f6glich einen Konferenzorganisator.<\/p>\n\n\n\n<p>Das WordCamp Vienna-Team wird den Teilnehmern dabei helfen, den Sicherheitsdienst des Veranstaltungsortes oder die \u00f6rtlichen Strafverfolgungsbeh\u00f6rden zu kontaktieren, Begleitpersonen bereitzustellen oder auf andere Weise denjenigen zu helfen, die sich w\u00e4hrend der Konferenz inakzeptabel verhalten, damit sie sich sicher f\u00fchlen. Die Freiwilligen werden spezielle Namensschilder tragen. Jeder Freiwillige kann Sie mit einem Organisator der Konferenz in Verbindung bringen. Sie k\u00f6nnen sich auch an den speziellen Anmeldetisch in der Lobby wenden und nach den Organisatoren fragen.<\/p>\n\n\n\n<h2 class=\"wp-block-heading\">7. Geltungsbereich<\/h2>\n\n\n\n<p>Wir erwarten von allen Konferenzteilnehmern (Sponsoren, Freiwilligen, Vortragenden, Teilnehmern und anderen G\u00e4sten), dass sie sich an allen Konferenzorten und bei konferenzbezogenen gesellschaftlichen Veranstaltungen an diesen Verhaltenskodex halten.<\/p>\n\n\n\n<h2 class=\"wp-block-heading\">8. Ansprechpartner und Verantwortliche<\/h2>\n\n\n\n<p>Bitte wende Dich an eine Person des\u00a0<a href=\"https:\/\/vienna.wordcamp.org\/2026\/organizers\/\" data-type=\"page\" data-id=\"233\">Organisationsteams<\/a>.<\/p>\n\n\n\n<h2 class=\"wp-block-heading\">9. Lizenz und Namensnennung<\/h2>\n\n\n\n<p>Dieser Verhaltenskodex ist ein direkter Ableger der gro\u00dfartigen Arbeit von Open Source Bridge (Letzte Aktualisierung: 16. M\u00e4rz 2023), jedoch mit unseren Veranstaltungsinformationen ersetzt. Das Original wurde auf http:\/\/opensourcebridge.org\/about\/code-of-conduct\/ (<a rel=\"noreferrer noopener\" href=\"https:\/\/web.archive.org\/web\/20191024152904\/opensourcebridge.org\/about\/code-of-conduct\/\" target=\"_blank\">Archiv<\/a>) ver\u00f6ffentlicht und unter einer&nbsp;<a rel=\"noreferrer noopener\" href=\"http:\/\/creativecommons.org\/licenses\/by-sa\/3.0\/\" target=\"_blank\">Creative Commons Attribution-ShareAlike-Lizenz<\/a>&nbsp;freigegeben.<\/p>\n","protected":false},"excerpt":{"rendered":"<p>1. Zielsetzung Das WordCamp Vienna ist der Meinung, dass unsere Gemeinschaft wirklich f\u00fcr jeden offen sein sollte. Daher verpflichten wir uns, eine freundliche, sichere und einladende Umgebung f\u00fcr alle zu schaffen, unabh\u00e4ngig von Geschlecht, sexueller Orientierung, Behinderung, ethnischer Zugeh\u00f6rigkeit, Religion, Alter, Kaste, sozialer Schicht, bevorzugtem Betriebssystem, Programmiersprache oder Texteditor und anderen identifizierenden Merkmalen. Dieser Verhaltenskodex [&hellip;]<\/p>\n","protected":false},"author":15517624,"featured_media":0,"parent":0,"menu_order":0,"comment_status":"closed","ping_status":"closed","template":"pages-german","meta":{"jetpack_post_was_ever_published":false,"footnotes":""},"class_list":["post-227","page","type-page","status-publish","hentry"],"jetpack_sharing_enabled":true,"_links":{"self":[{"href":"https:\/\/vienna.wordcamp.org\/2026\/wp-json\/wp\/v2\/pages\/227","targetHints":{"allow":["GET"]}}],"collection":[{"href":"https:\/\/vienna.wordcamp.org\/2026\/wp-json\/wp\/v2\/pages"}],"about":[{"href":"https:\/\/vienna.wordcamp.org\/2026\/wp-json\/wp\/v2\/types\/page"}],"author":[{"embeddable":true,"href":"https:\/\/vienna.wordcamp.org\/2026\/wp-json\/wp\/v2\/users\/15517624"}],"replies":[{"embeddable":true,"href":"https:\/\/vienna.wordcamp.org\/2026\/wp-json\/wp\/v2\/comments?post=227"}],"version-history":[{"count":5,"href":"https:\/\/vienna.wordcamp.org\/2026\/wp-json\/wp\/v2\/pages\/227\/revisions"}],"predecessor-version":[{"id":8544,"href":"https:\/\/vienna.wordcamp.org\/2026\/wp-json\/wp\/v2\/pages\/227\/revisions\/8544"}],"wp:attachment":[{"href":"https:\/\/vienna.wordcamp.org\/2026\/wp-json\/wp\/v2\/media?parent=227"}],"curies":[{"name":"wp","href":"https:\/\/api.w.org\/{rel}","templated":true}]}}