{"id":3423,"date":"2025-02-13T10:00:27","date_gmt":"2025-02-13T09:00:27","guid":{"rendered":"https:\/\/vienna.wordcamp.org\/2025\/?page_id=3423"},"modified":"2025-04-09T12:07:46","modified_gmt":"2025-04-09T10:07:46","slug":"presse","status":"publish","type":"page","link":"https:\/\/vienna.wordcamp.org\/2025\/presse\/","title":{"rendered":"Presse"},"content":{"rendered":"\n<div class=\"wp-block-group\"><div class=\"wp-block-group__inner-container is-layout-constrained wp-block-group-is-layout-constrained\">\n<p class=\"wp-block-paragraph\">Wir laden Journalistinnen und Journalisten herzlich ein, \u00fcber diese einzigartige Veranstaltung zu berichten und Teil des WordCamp Vienna 2025 zu werden.&nbsp;<\/p>\n\n\n\n<p class=\"wp-block-paragraph\">Das Open-Source-Projekt WordPress stellt 43% aller Websites weltweit und rund 60% aller \u00f6sterreichischen Domains, sowie zahlreiche Websites von Journalisten, unabh\u00e4ngigen Medien und f\u00fchrenden Medien zur Verf\u00fcgung.<\/p>\n\n\n\n<p class=\"wp-block-paragraph\"><strong>Helfen Sie uns, mit dieser das Publizieren zu demokratisieren <\/strong>und unterst\u00fctzen Sie das WordPress-Projekt und das WordCamp Vienna mit Ihrer Reichweite als Medienpartner.<\/p>\n\n\n\n<p class=\"wp-block-paragraph\">Wir sind offen f\u00fcr Kooperationen und k\u00f6nnen Ihnen als Medienpartner Sichtbarkeit auf dieser Website und vor Ort bieten.<\/p>\n\n\n\n<p class=\"wp-block-paragraph\">F\u00fcr Presseakkreditierungen, Medienpartneranfragen und weitere Informationen wenden Sie sich bitte an unser Organisationsteam.<\/p>\n<\/div><\/div>\n\n\n\n<div class=\"wp-block-group\"><div class=\"wp-block-group__inner-container is-layout-constrained wp-block-group-is-layout-constrained\">\n<h2 class=\"wp-block-heading\">Kontakt<\/h2>\n\n\n\n<p class=\"wp-block-paragraph\">WordCamp Vienna 2025 Organisationsteam<br><a href=\"mailto:vienna@wordcamp.org\">vienna@wordcamp.org<br><\/a>Miguel Fern\u00e1ndez Vega<br>+43-688-9782593\u202c<\/p>\n<\/div><\/div>\n\n\n\n<div class=\"wp-block-group\"><div class=\"wp-block-group__inner-container is-layout-constrained wp-block-group-is-layout-constrained\">\n<h2 class=\"wp-block-heading\">Presseaussendungen<\/h2>\n\n\n\n<p class=\"wp-block-paragraph\"><strong>WordCamp Vienna 2025: Web-Expert:innen und WordPress-Enthusiasten treffen sich im Herzen Wiens<\/strong><br><em>Wien, 12.02.2025, OTS-APA<br><\/em><a href=\"https:\/\/www.ots.at\/presseaussendung\/OTS_20250213_OTS0096\/wordcamp-vienna-2025-web-expertinnen-und-wordpress-enthusiasten-treffen-sich-im-herzen-wiens\" target=\"_blank\" rel=\"noreferrer noopener\">Aussendung in APA-OTS Website lesen<\/a><br><a href=\"https:\/\/vienna.wordcamp.org\/2025\/files\/2025\/02\/WordCamp-Vienna-2025-Presseaussendung-12-02-2025.pdf\" target=\"_blank\" rel=\"noreferrer noopener\">Als PDF herunterladen<\/a><\/p>\n\n\n\n<p class=\"wp-block-paragraph\"><strong>Spannende Workshops und Vortr\u00e4ge &#8211; Das Programm f\u00fcr das WordCamp Vienna am 25. und 26. April 2025<\/strong><br><em>Wien, 9.04.2025, OTS-APA<br><\/em><a href=\"https:\/\/www.ots.at\/presseaussendung\/OTS_20250409_OTS0114\/spannende-workshops-und-vortraege-das-programm-fuer-das-wordcamp-vienna-am-25-und-26-april-2025\" target=\"_blank\" rel=\"noreferrer noopener\">Aussendung in APA-OTS Website lesen<br><\/a><a href=\"https:\/\/vienna.wordcamp.org\/2025\/files\/2025\/04\/WordCamp-Vienna-2025-Presseaussendung-9-04-2025.pdf\" target=\"_blank\" rel=\"noreferrer noopener\">Als PDF herunterladen<\/a><\/p>\n<\/div><\/div>\n\n\n\n<div class=\"wp-block-group\"><div class=\"wp-block-group__inner-container is-layout-constrained wp-block-group-is-layout-constrained\">\n<h3 class=\"wp-block-heading\">APA-OTS<\/h3>\n\n\n\n<p class=\"wp-block-paragraph\"><a href=\"https:\/\/www.ots.at\/pressemappe\/32142\/wordcamp-vienna\" target=\"_blank\" rel=\"noreferrer noopener\">WordCamp Vienna Pressemappe in APA-OTS Website<\/a><\/p>\n<\/div><\/div>\n\n\n\n<div class=\"wp-block-group\"><div class=\"wp-block-group__inner-container is-layout-constrained wp-block-group-is-layout-constrained\">\n<h3 class=\"wp-block-heading\">Auf WordPress TV<\/h3>\n\n\n\n<p class=\"wp-block-paragraph\"><a href=\"https:\/\/wordpress.tv\/2023\/04\/17\/website-radar-2023-zustand-osterreichischer-webseiten\/\" target=\"_blank\" rel=\"noreferrer noopener\">Website-Radar 2023: Zustand \u00f6sterreichischer Webseiten<br><\/a>(60% aller \u00f6sterreichische Webseiten sind WordPress basiert)<\/p>\n\n\n\n<ul class=\"wp-block-list\">\n<li><a href=\"https:\/\/wordpress.tv\/event\/wordcamp-vienna-2023\/\" target=\"_blank\" rel=\"noreferrer noopener\">WordCamp 2023<\/a><\/li>\n\n\n\n<li><a href=\"https:\/\/wordpress.tv\/event\/wordcamp-vienna-2022\/\" target=\"_blank\" rel=\"noreferrer noopener\">WordCamp 2022<\/a><\/li>\n\n\n\n<li><a href=\"https:\/\/wordpress.tv\/event\/wordcamp-vienna-2020\/\" target=\"_blank\" rel=\"noreferrer noopener\">WordCamp 2020<\/a><\/li>\n\n\n\n<li><a href=\"https:\/\/wordpress.tv\/event\/wordcamp-vienna-2019\/\" target=\"_blank\" rel=\"noreferrer noopener\">WordCamp 2019<\/a><\/li>\n\n\n\n<li><a href=\"https:\/\/wordpress.tv\/event\/wordcamp-vienna-2018\/\" target=\"_blank\" rel=\"noreferrer noopener\">WordCamp 2018<\/a><\/li>\n<\/ul>\n<\/div><\/div>\n\n\n\n<div class=\"wp-block-group\"><div class=\"wp-block-group__inner-container is-layout-constrained wp-block-group-is-layout-constrained\">\n<h2 class=\"wp-block-heading\">Graphik<\/h2>\n\n\n\n<p class=\"wp-block-paragraph\">Logo, Badge, und Banners<\/p>\n\n\n\n<figure class=\"wp-block-gallery has-nested-images columns-4 wp-block-gallery-1 is-layout-flex wp-block-gallery-is-layout-flex\">\n<figure class=\"wp-block-image size-large\"><a href=\"https:\/\/vienna.wordcamp.org\/2025\/files\/2025\/02\/WordCamp-Vienna-Logo.png\" target=\"_blank\" rel=\"noopener\"><img loading=\"lazy\" decoding=\"async\" width=\"1024\" height=\"1024\" data-id=\"3426\" src=\"https:\/\/vienna.wordcamp.org\/2025\/files\/2025\/02\/WordCamp-Vienna-Logo-1024x1024.png\" alt=\"\" class=\"wp-image-3426\" srcset=\"https:\/\/vienna.wordcamp.org\/2025\/files\/2025\/02\/WordCamp-Vienna-Logo-1024x1024.png 1024w, https:\/\/vienna.wordcamp.org\/2025\/files\/2025\/02\/WordCamp-Vienna-Logo-300x300.png 300w, https:\/\/vienna.wordcamp.org\/2025\/files\/2025\/02\/WordCamp-Vienna-Logo-150x150.png 150w, https:\/\/vienna.wordcamp.org\/2025\/files\/2025\/02\/WordCamp-Vienna-Logo-768x768.png 768w, https:\/\/vienna.wordcamp.org\/2025\/files\/2025\/02\/WordCamp-Vienna-Logo-1536x1536.png 1536w, https:\/\/vienna.wordcamp.org\/2025\/files\/2025\/02\/WordCamp-Vienna-Logo-2048x2048.png 2048w\" sizes=\"auto, (max-width: 1024px) 100vw, 1024px\" \/><\/a><figcaption class=\"wp-element-caption\">Logo PNG<\/figcaption><\/figure>\n\n\n\n<figure class=\"wp-block-image size-full\"><a href=\"https:\/\/vienna.wordcamp.org\/2025\/files\/2025\/02\/Wordcamp2025-Logo3.png\" target=\"_blank\" rel=\"noopener\"><img loading=\"lazy\" decoding=\"async\" width=\"1837\" height=\"2616\" data-id=\"3430\" src=\"https:\/\/vienna.wordcamp.org\/2025\/files\/2025\/02\/Wordcamp2025-Logo3.png\" alt=\"\" class=\"wp-image-3430\" srcset=\"https:\/\/vienna.wordcamp.org\/2025\/files\/2025\/02\/Wordcamp2025-Logo3.png 1837w, https:\/\/vienna.wordcamp.org\/2025\/files\/2025\/02\/Wordcamp2025-Logo3-211x300.png 211w, https:\/\/vienna.wordcamp.org\/2025\/files\/2025\/02\/Wordcamp2025-Logo3-719x1024.png 719w, https:\/\/vienna.wordcamp.org\/2025\/files\/2025\/02\/Wordcamp2025-Logo3-768x1094.png 768w, https:\/\/vienna.wordcamp.org\/2025\/files\/2025\/02\/Wordcamp2025-Logo3-1079x1536.png 1079w, https:\/\/vienna.wordcamp.org\/2025\/files\/2025\/02\/Wordcamp2025-Logo3-1438x2048.png 1438w\" sizes=\"auto, (max-width: 1837px) 100vw, 1837px\" \/><\/a><figcaption class=\"wp-element-caption\">Banner Logo<\/figcaption><\/figure>\n\n\n\n<figure class=\"wp-block-image size-full\"><a href=\"https:\/\/vienna.wordcamp.org\/2025\/files\/2025\/02\/Wordcamp2025-820x312-1.png\" target=\"_blank\" rel=\"noopener\"><img loading=\"lazy\" decoding=\"async\" width=\"820\" height=\"312\" data-id=\"3431\" src=\"https:\/\/vienna.wordcamp.org\/2025\/files\/2025\/02\/Wordcamp2025-820x312-1.png\" alt=\"\" class=\"wp-image-3431\" srcset=\"https:\/\/vienna.wordcamp.org\/2025\/files\/2025\/02\/Wordcamp2025-820x312-1.png 820w, https:\/\/vienna.wordcamp.org\/2025\/files\/2025\/02\/Wordcamp2025-820x312-1-300x114.png 300w, https:\/\/vienna.wordcamp.org\/2025\/files\/2025\/02\/Wordcamp2025-820x312-1-768x292.png 768w, https:\/\/vienna.wordcamp.org\/2025\/files\/2025\/02\/Wordcamp2025-820x312-1-500x190.png 500w\" sizes=\"auto, (max-width: 820px) 100vw, 820px\" \/><\/a><figcaption class=\"wp-element-caption\">Banner 1<\/figcaption><\/figure>\n\n\n\n<figure class=\"wp-block-image size-full\"><a href=\"https:\/\/vienna.wordcamp.org\/2025\/files\/2025\/02\/Wordcamp2025-1852x320-1.jpg\" target=\"_blank\" rel=\"noopener\"><img loading=\"lazy\" decoding=\"async\" width=\"1852\" height=\"320\" data-id=\"3432\" src=\"https:\/\/vienna.wordcamp.org\/2025\/files\/2025\/02\/Wordcamp2025-1852x320-1.jpg\" alt=\"\" class=\"wp-image-3432\" srcset=\"https:\/\/vienna.wordcamp.org\/2025\/files\/2025\/02\/Wordcamp2025-1852x320-1.jpg 1852w, https:\/\/vienna.wordcamp.org\/2025\/files\/2025\/02\/Wordcamp2025-1852x320-1-300x52.jpg 300w, https:\/\/vienna.wordcamp.org\/2025\/files\/2025\/02\/Wordcamp2025-1852x320-1-1024x177.jpg 1024w, https:\/\/vienna.wordcamp.org\/2025\/files\/2025\/02\/Wordcamp2025-1852x320-1-768x133.jpg 768w, https:\/\/vienna.wordcamp.org\/2025\/files\/2025\/02\/Wordcamp2025-1852x320-1-500x86.jpg 500w, https:\/\/vienna.wordcamp.org\/2025\/files\/2025\/02\/Wordcamp2025-1852x320-1-1536x265.jpg 1536w\" sizes=\"auto, (max-width: 1852px) 100vw, 1852px\" \/><\/a><figcaption class=\"wp-element-caption\">Banner 2<\/figcaption><\/figure>\n<\/figure>\n<\/div><\/div>\n\n\n\n<div class=\"wp-block-group\"><div class=\"wp-block-group__inner-container is-layout-constrained wp-block-group-is-layout-constrained\">\n<h2 class=\"wp-block-heading\">Bilder<\/h2>\n\n\n\n<p class=\"wp-block-paragraph\">Fotocredit: WordCamp Vienna \/ Klaus Prokop<br>Fotograf: Klaus Prokop \u2013&nbsp;<a href=\"https:\/\/www.klausprokop.eu\/\">https:\/\/www.klausprokop.eu\/<\/a><\/p>\n\n\n\n<figure class=\"wp-block-gallery has-nested-images columns-3 wp-block-gallery-2 is-layout-flex wp-block-gallery-is-layout-flex\">\n<figure class=\"wp-block-image size-large\"><a href=\"https:\/\/vienna.wordcamp.org\/2025\/files\/2025\/02\/wcvie2024.jpg\" target=\"_blank\" rel=\"noopener\"><img loading=\"lazy\" decoding=\"async\" width=\"1024\" height=\"682\" data-id=\"2120\" src=\"https:\/\/vienna.wordcamp.org\/2025\/files\/2025\/02\/wcvie2024-1024x682.jpg\" alt=\"WordCamp Vienna 2024\" class=\"wp-image-2120\" srcset=\"https:\/\/vienna.wordcamp.org\/2025\/files\/2025\/02\/wcvie2024-1024x682.jpg 1024w, https:\/\/vienna.wordcamp.org\/2025\/files\/2025\/02\/wcvie2024-300x200.jpg 300w, https:\/\/vienna.wordcamp.org\/2025\/files\/2025\/02\/wcvie2024-768x512.jpg 768w, https:\/\/vienna.wordcamp.org\/2025\/files\/2025\/02\/wcvie2024-450x300.jpg 450w, https:\/\/vienna.wordcamp.org\/2025\/files\/2025\/02\/wcvie2024.jpg 1240w\" sizes=\"auto, (max-width: 1024px) 100vw, 1024px\" \/><\/a><figcaption class=\"wp-element-caption\">Teilnehmer am WordCamp Vienna\n<\/figcaption><\/figure>\n\n\n\n<figure class=\"wp-block-image size-full\"><a href=\"https:\/\/vienna.wordcamp.org\/2025\/files\/2025\/02\/wordcamp-vienna-gute-laune.jpg\" target=\"_blank\" rel=\"noopener\"><img loading=\"lazy\" decoding=\"async\" width=\"1600\" height=\"1067\" data-id=\"3447\" src=\"https:\/\/vienna.wordcamp.org\/2025\/files\/2025\/02\/wordcamp-vienna-gute-laune.jpg\" alt=\"\" class=\"wp-image-3447\" srcset=\"https:\/\/vienna.wordcamp.org\/2025\/files\/2025\/02\/wordcamp-vienna-gute-laune.jpg 1600w, https:\/\/vienna.wordcamp.org\/2025\/files\/2025\/02\/wordcamp-vienna-gute-laune-300x200.jpg 300w, https:\/\/vienna.wordcamp.org\/2025\/files\/2025\/02\/wordcamp-vienna-gute-laune-1024x683.jpg 1024w, https:\/\/vienna.wordcamp.org\/2025\/files\/2025\/02\/wordcamp-vienna-gute-laune-768x512.jpg 768w, https:\/\/vienna.wordcamp.org\/2025\/files\/2025\/02\/wordcamp-vienna-gute-laune-450x300.jpg 450w, https:\/\/vienna.wordcamp.org\/2025\/files\/2025\/02\/wordcamp-vienna-gute-laune-1536x1024.jpg 1536w\" sizes=\"auto, (max-width: 1600px) 100vw, 1600px\" \/><\/a><figcaption class=\"wp-element-caption\">Gute Laune beim WordCamp Vienna\n<\/figcaption><\/figure>\n\n\n\n<figure class=\"wp-block-image size-full\"><a href=\"https:\/\/vienna.wordcamp.org\/2025\/files\/2025\/02\/wordcamp-vienna-organizers.jpg\" target=\"_blank\" rel=\"noopener\"><img loading=\"lazy\" decoding=\"async\" width=\"1600\" height=\"1067\" data-id=\"3444\" src=\"https:\/\/vienna.wordcamp.org\/2025\/files\/2025\/02\/wordcamp-vienna-organizers.jpg\" alt=\"\" class=\"wp-image-3444\" srcset=\"https:\/\/vienna.wordcamp.org\/2025\/files\/2025\/02\/wordcamp-vienna-organizers.jpg 1600w, https:\/\/vienna.wordcamp.org\/2025\/files\/2025\/02\/wordcamp-vienna-organizers-300x200.jpg 300w, https:\/\/vienna.wordcamp.org\/2025\/files\/2025\/02\/wordcamp-vienna-organizers-1024x683.jpg 1024w, https:\/\/vienna.wordcamp.org\/2025\/files\/2025\/02\/wordcamp-vienna-organizers-768x512.jpg 768w, https:\/\/vienna.wordcamp.org\/2025\/files\/2025\/02\/wordcamp-vienna-organizers-450x300.jpg 450w, https:\/\/vienna.wordcamp.org\/2025\/files\/2025\/02\/wordcamp-vienna-organizers-1536x1024.jpg 1536w\" sizes=\"auto, (max-width: 1600px) 100vw, 1600px\" \/><\/a><figcaption class=\"wp-element-caption\">Die Organisatorinnen und Organisatoren des WordCamp Vienna<\/figcaption><\/figure>\n\n\n\n<figure class=\"wp-block-image size-full\"><a href=\"https:\/\/vienna.wordcamp.org\/2025\/files\/2025\/02\/wordcamp-vienna-speakers.jpg\" target=\"_blank\" rel=\"noopener\"><img loading=\"lazy\" decoding=\"async\" width=\"1600\" height=\"1067\" data-id=\"3443\" src=\"https:\/\/vienna.wordcamp.org\/2025\/files\/2025\/02\/wordcamp-vienna-speakers.jpg\" alt=\"\" class=\"wp-image-3443\" srcset=\"https:\/\/vienna.wordcamp.org\/2025\/files\/2025\/02\/wordcamp-vienna-speakers.jpg 1600w, https:\/\/vienna.wordcamp.org\/2025\/files\/2025\/02\/wordcamp-vienna-speakers-300x200.jpg 300w, https:\/\/vienna.wordcamp.org\/2025\/files\/2025\/02\/wordcamp-vienna-speakers-1024x683.jpg 1024w, https:\/\/vienna.wordcamp.org\/2025\/files\/2025\/02\/wordcamp-vienna-speakers-768x512.jpg 768w, https:\/\/vienna.wordcamp.org\/2025\/files\/2025\/02\/wordcamp-vienna-speakers-450x300.jpg 450w, https:\/\/vienna.wordcamp.org\/2025\/files\/2025\/02\/wordcamp-vienna-speakers-1536x1024.jpg 1536w\" sizes=\"auto, (max-width: 1600px) 100vw, 1600px\" \/><\/a><figcaption class=\"wp-element-caption\">Spannende Vortr\u00e4ge<\/figcaption><\/figure>\n\n\n\n<figure class=\"wp-block-image size-full\"><a href=\"https:\/\/vienna.wordcamp.org\/2025\/files\/2025\/02\/wordcamp-vienna-helpdesk.jpg\" target=\"_blank\"><img loading=\"lazy\" decoding=\"async\" width=\"1600\" height=\"1066\" data-id=\"3446\" src=\"https:\/\/vienna.wordcamp.org\/2025\/files\/2025\/02\/wordcamp-vienna-helpdesk.jpg\" alt=\"\" class=\"wp-image-3446\" srcset=\"https:\/\/vienna.wordcamp.org\/2025\/files\/2025\/02\/wordcamp-vienna-helpdesk.jpg 1600w, https:\/\/vienna.wordcamp.org\/2025\/files\/2025\/02\/wordcamp-vienna-helpdesk-300x200.jpg 300w, https:\/\/vienna.wordcamp.org\/2025\/files\/2025\/02\/wordcamp-vienna-helpdesk-1024x682.jpg 1024w, https:\/\/vienna.wordcamp.org\/2025\/files\/2025\/02\/wordcamp-vienna-helpdesk-768x512.jpg 768w, https:\/\/vienna.wordcamp.org\/2025\/files\/2025\/02\/wordcamp-vienna-helpdesk-450x300.jpg 450w, https:\/\/vienna.wordcamp.org\/2025\/files\/2025\/02\/wordcamp-vienna-helpdesk-1536x1023.jpg 1536w\" sizes=\"auto, (max-width: 1600px) 100vw, 1600px\" \/><\/a><figcaption class=\"wp-element-caption\">Helpdesk am WordCamp Vienna<\/figcaption><\/figure>\n\n\n\n<figure class=\"wp-block-image size-full\"><a href=\"https:\/\/vienna.wordcamp.org\/2025\/files\/2025\/02\/wordcamp-vienna-entwickler.jpg\" target=\"_blank\"><img loading=\"lazy\" decoding=\"async\" width=\"1600\" height=\"1067\" data-id=\"3448\" src=\"https:\/\/vienna.wordcamp.org\/2025\/files\/2025\/02\/wordcamp-vienna-entwickler.jpg\" alt=\"\" class=\"wp-image-3448\" srcset=\"https:\/\/vienna.wordcamp.org\/2025\/files\/2025\/02\/wordcamp-vienna-entwickler.jpg 1600w, https:\/\/vienna.wordcamp.org\/2025\/files\/2025\/02\/wordcamp-vienna-entwickler-300x200.jpg 300w, https:\/\/vienna.wordcamp.org\/2025\/files\/2025\/02\/wordcamp-vienna-entwickler-1024x683.jpg 1024w, https:\/\/vienna.wordcamp.org\/2025\/files\/2025\/02\/wordcamp-vienna-entwickler-768x512.jpg 768w, https:\/\/vienna.wordcamp.org\/2025\/files\/2025\/02\/wordcamp-vienna-entwickler-450x300.jpg 450w, https:\/\/vienna.wordcamp.org\/2025\/files\/2025\/02\/wordcamp-vienna-entwickler-1536x1024.jpg 1536w\" sizes=\"auto, (max-width: 1600px) 100vw, 1600px\" \/><\/a><figcaption class=\"wp-element-caption\">Workshops auch f\u00fcr Entwicklerinnen und Entwickler in WordCamp Vienna<\/figcaption><\/figure>\n\n\n\n<figure class=\"wp-block-image size-full\"><a href=\"https:\/\/vienna.wordcamp.org\/2025\/files\/2025\/02\/wordcamp-vienna-networking.jpg\" target=\"_blank\"><img loading=\"lazy\" decoding=\"async\" width=\"1600\" height=\"1067\" data-id=\"3445\" src=\"https:\/\/vienna.wordcamp.org\/2025\/files\/2025\/02\/wordcamp-vienna-networking.jpg\" alt=\"\" class=\"wp-image-3445\" srcset=\"https:\/\/vienna.wordcamp.org\/2025\/files\/2025\/02\/wordcamp-vienna-networking.jpg 1600w, https:\/\/vienna.wordcamp.org\/2025\/files\/2025\/02\/wordcamp-vienna-networking-300x200.jpg 300w, https:\/\/vienna.wordcamp.org\/2025\/files\/2025\/02\/wordcamp-vienna-networking-1024x683.jpg 1024w, https:\/\/vienna.wordcamp.org\/2025\/files\/2025\/02\/wordcamp-vienna-networking-768x512.jpg 768w, https:\/\/vienna.wordcamp.org\/2025\/files\/2025\/02\/wordcamp-vienna-networking-450x300.jpg 450w, https:\/\/vienna.wordcamp.org\/2025\/files\/2025\/02\/wordcamp-vienna-networking-1536x1024.jpg 1536w\" sizes=\"auto, (max-width: 1600px) 100vw, 1600px\" \/><\/a><figcaption class=\"wp-element-caption\">Networking am WordCamp Vienna<\/figcaption><\/figure>\n\n\n\n<figure class=\"wp-block-image size-full\"><a href=\"https:\/\/vienna.wordcamp.org\/2025\/files\/2025\/02\/wordcamp-vienna-sponsors.jpg\" target=\"_blank\"><img loading=\"lazy\" decoding=\"async\" width=\"1600\" height=\"1067\" data-id=\"3442\" src=\"https:\/\/vienna.wordcamp.org\/2025\/files\/2025\/02\/wordcamp-vienna-sponsors.jpg\" alt=\"\" class=\"wp-image-3442\" srcset=\"https:\/\/vienna.wordcamp.org\/2025\/files\/2025\/02\/wordcamp-vienna-sponsors.jpg 1600w, https:\/\/vienna.wordcamp.org\/2025\/files\/2025\/02\/wordcamp-vienna-sponsors-300x200.jpg 300w, https:\/\/vienna.wordcamp.org\/2025\/files\/2025\/02\/wordcamp-vienna-sponsors-1024x683.jpg 1024w, https:\/\/vienna.wordcamp.org\/2025\/files\/2025\/02\/wordcamp-vienna-sponsors-768x512.jpg 768w, https:\/\/vienna.wordcamp.org\/2025\/files\/2025\/02\/wordcamp-vienna-sponsors-450x300.jpg 450w, https:\/\/vienna.wordcamp.org\/2025\/files\/2025\/02\/wordcamp-vienna-sponsors-1536x1024.jpg 1536w\" sizes=\"auto, (max-width: 1600px) 100vw, 1600px\" \/><\/a><figcaption class=\"wp-element-caption\">Gro\u00dfer Andrang bei den Sponsorenst\u00e4nden des WordCamp Vienna<\/figcaption><\/figure>\n\n\n\n<figure class=\"wp-block-image size-full\"><a href=\"https:\/\/vienna.wordcamp.org\/2025\/files\/2025\/02\/wordcamp-vienna-checkin.jpg\" target=\"_blank\"><img loading=\"lazy\" decoding=\"async\" width=\"1600\" height=\"1067\" data-id=\"3449\" src=\"https:\/\/vienna.wordcamp.org\/2025\/files\/2025\/02\/wordcamp-vienna-checkin.jpg\" alt=\"\" class=\"wp-image-3449\" srcset=\"https:\/\/vienna.wordcamp.org\/2025\/files\/2025\/02\/wordcamp-vienna-checkin.jpg 1600w, https:\/\/vienna.wordcamp.org\/2025\/files\/2025\/02\/wordcamp-vienna-checkin-300x200.jpg 300w, https:\/\/vienna.wordcamp.org\/2025\/files\/2025\/02\/wordcamp-vienna-checkin-1024x683.jpg 1024w, https:\/\/vienna.wordcamp.org\/2025\/files\/2025\/02\/wordcamp-vienna-checkin-768x512.jpg 768w, https:\/\/vienna.wordcamp.org\/2025\/files\/2025\/02\/wordcamp-vienna-checkin-450x300.jpg 450w, https:\/\/vienna.wordcamp.org\/2025\/files\/2025\/02\/wordcamp-vienna-checkin-1536x1024.jpg 1536w\" sizes=\"auto, (max-width: 1600px) 100vw, 1600px\" \/><\/a><figcaption class=\"wp-element-caption\">Check-in am WordCamp Vienna<\/figcaption><\/figure>\n<\/figure>\n<\/div><\/div>\n","protected":false},"excerpt":{"rendered":"<p>Wir laden Journalistinnen und Journalisten herzlich ein, \u00fcber diese einzigartige Veranstaltung zu berichten und Teil des WordCamp Vienna 2025 zu werden.&nbsp; Das Open-Source-Projekt WordPress stellt 43% aller Websites weltweit und rund 60% aller \u00f6sterreichischen Domains, sowie zahlreiche Websites von Journalisten, unabh\u00e4ngigen Medien und f\u00fchrenden Medien zur Verf\u00fcgung. Helfen Sie uns, mit dieser das Publizieren zu &hellip; <a href=\"https:\/\/vienna.wordcamp.org\/2025\/presse\/\" class=\"more-link\">Continue reading<span class=\"screen-reader-text\"> &#8220;Presse&#8221;<\/span><\/a><\/p>\n","protected":false},"author":12536008,"featured_media":0,"parent":0,"menu_order":0,"comment_status":"closed","ping_status":"closed","template":"","meta":{"_crdt_document":"","jetpack_post_was_ever_published":false,"footnotes":""},"class_list":["post-3423","page","type-page","status-publish","hentry"],"jetpack_sharing_enabled":true,"_links":{"self":[{"href":"https:\/\/vienna.wordcamp.org\/2025\/wp-json\/wp\/v2\/pages\/3423","targetHints":{"allow":["GET"]}}],"collection":[{"href":"https:\/\/vienna.wordcamp.org\/2025\/wp-json\/wp\/v2\/pages"}],"about":[{"href":"https:\/\/vienna.wordcamp.org\/2025\/wp-json\/wp\/v2\/types\/page"}],"author":[{"embeddable":true,"href":"https:\/\/vienna.wordcamp.org\/2025\/wp-json\/wp\/v2\/users\/12536008"}],"replies":[{"embeddable":true,"href":"https:\/\/vienna.wordcamp.org\/2025\/wp-json\/wp\/v2\/comments?post=3423"}],"version-history":[{"count":16,"href":"https:\/\/vienna.wordcamp.org\/2025\/wp-json\/wp\/v2\/pages\/3423\/revisions"}],"predecessor-version":[{"id":4356,"href":"https:\/\/vienna.wordcamp.org\/2025\/wp-json\/wp\/v2\/pages\/3423\/revisions\/4356"}],"wp:attachment":[{"href":"https:\/\/vienna.wordcamp.org\/2025\/wp-json\/wp\/v2\/media?parent=3423"}],"curies":[{"name":"wp","href":"https:\/\/api.w.org\/{rel}","templated":true}]}}