{"id":2145,"date":"2025-02-07T09:00:47","date_gmt":"2025-02-07T08:00:47","guid":{"rendered":"https:\/\/vienna.wordcamp.org\/2025\/?page_id=2145"},"modified":"2025-10-16T12:52:28","modified_gmt":"2025-10-16T10:52:28","slug":"tickets-kaufen","status":"publish","type":"page","link":"https:\/\/vienna.wordcamp.org\/2025\/tickets-kaufen\/","title":{"rendered":"Tickets kaufen"},"content":{"rendered":"\n<p class=\"wp-block-paragraph\"><strong><a href=\"\/2025\/tickets\/\">English<\/a><\/strong> \/ Deutsch<\/p>\n\n\n\n<p class=\"wp-block-paragraph\">Dein WordCamp-Ticket berechtigt dich sowohl zur Teilnahme an der <strong>Workshops am Freitag, den 25. April 202<\/strong>5, als auch zum <strong>Konferenz-Tag mit 3 Tracks am Samstag, den 26. April 2025<\/strong> mit vielen spannenden Vortr\u00e4gen (in Deutsch und Englisch) <\/p>\n\n\n\n<p class=\"wp-block-paragraph\">Der Preis des <strong>Early Bird- und Standard-Tickets <\/strong>beinhaltet den Zugang zu allen Vortr\u00e4gen, Kaffeepausen sowie Mittagessen, und ein gratis Getr\u00e4nk bei der Afterparty. Au\u00dferdem erh\u00e4ltst du auch ein cooles <strong>exklusives T-Shirt<\/strong>, Aufkleber und jede Menge andere gro\u00dfartige &#8220;Goodies&#8221; unserer Sponsoren.<\/p>\n\n\n\n<p class=\"wp-block-paragraph\">Wenn dir die Umwelt am Herzen liegt, oder du noch dein T-Shirt vom letzten Jahr hast und gerne auf neues verzichten kannst, dann ist das neue <strong>Eco-Ticket<\/strong> wie f\u00fcr dich gemacht, auch als Early-Bird.<\/p>\n\n\n\n<p class=\"wp-block-paragraph\">F\u00fcr Community-Building- und Werbezwecke wird es auf dem WordCamp-Event freiwillige und auch professionelle FotografInnen und VideofilmerInnen geben. Durch die Teilnahme an der Veranstaltung stimmt ihr zu, dass euer Bild in den resultierenden Fotos oder Videos verwendet wird, die eure Teilnahme am WordCamp zeigen k\u00f6nnten.<\/p>\n\n\n\n<p class=\"wp-block-paragraph\">Bitte beachtet: <strong>R\u00fcckerstattungen<\/strong> sind leider nicht m\u00f6glich. Es ist kein Problem, wenn ihr ein Ticket, das ihr gekauft habt, als Geschenk weitergebt, mehrere Tickets f\u00fcr euer Team kauft oder es an jemand anderen verkaufen wollt. Ihr k\u00f6nnt die Details zum Ticketkauf \u00fcber den Link bearbeiten, den ihr in der Ticketbest\u00e4tigungs-Mail erhalten habt. Danke f\u00fcr euer Verst\u00e4ndnis!<\/p>\n\n\n<a href=\"https:\/\/vienna.wordcamp.org\/2025\/tickets-kaufen\/\">Please view this page in a browser to purchase or manage tickets.<\/a>\n","protected":false},"excerpt":{"rendered":"<p>English \/ Deutsch Dein WordCamp-Ticket berechtigt dich sowohl zur Teilnahme an der Workshops am Freitag, den 25. April 2025, als auch zum Konferenz-Tag mit 3 Tracks am Samstag, den 26. April 2025 mit vielen spannenden Vortr\u00e4gen (in Deutsch und Englisch) Der Preis des Early Bird- und Standard-Tickets beinhaltet den Zugang zu allen Vortr\u00e4gen, Kaffeepausen sowie &hellip; <a href=\"https:\/\/vienna.wordcamp.org\/2025\/tickets-kaufen\/\" class=\"more-link\">Continue reading<span class=\"screen-reader-text\"> &#8220;Tickets kaufen&#8221;<\/span><\/a><\/p>\n","protected":false},"author":12536008,"featured_media":0,"parent":0,"menu_order":0,"comment_status":"closed","ping_status":"closed","template":"","meta":{"_crdt_document":"","jetpack_post_was_ever_published":false,"footnotes":""},"class_list":["post-2145","page","type-page","status-publish","hentry"],"jetpack_sharing_enabled":true,"_links":{"self":[{"href":"https:\/\/vienna.wordcamp.org\/2025\/wp-json\/wp\/v2\/pages\/2145","targetHints":{"allow":["GET"]}}],"collection":[{"href":"https:\/\/vienna.wordcamp.org\/2025\/wp-json\/wp\/v2\/pages"}],"about":[{"href":"https:\/\/vienna.wordcamp.org\/2025\/wp-json\/wp\/v2\/types\/page"}],"author":[{"embeddable":true,"href":"https:\/\/vienna.wordcamp.org\/2025\/wp-json\/wp\/v2\/users\/12536008"}],"replies":[{"embeddable":true,"href":"https:\/\/vienna.wordcamp.org\/2025\/wp-json\/wp\/v2\/comments?post=2145"}],"version-history":[{"count":2,"href":"https:\/\/vienna.wordcamp.org\/2025\/wp-json\/wp\/v2\/pages\/2145\/revisions"}],"predecessor-version":[{"id":2149,"href":"https:\/\/vienna.wordcamp.org\/2025\/wp-json\/wp\/v2\/pages\/2145\/revisions\/2149"}],"wp:attachment":[{"href":"https:\/\/vienna.wordcamp.org\/2025\/wp-json\/wp\/v2\/media?parent=2145"}],"curies":[{"name":"wp","href":"https:\/\/api.w.org\/{rel}","templated":true}]}}