{"id":2047,"date":"2025-01-29T19:25:01","date_gmt":"2025-01-29T18:25:01","guid":{"rendered":"https:\/\/vienna.wordcamp.org\/2025\/?page_id=2047"},"modified":"2025-03-10T16:04:47","modified_gmt":"2025-03-10T15:04:47","slug":"freiwillige","status":"publish","type":"page","link":"https:\/\/vienna.wordcamp.org\/2025\/freiwillige\/","title":{"rendered":"Freiwillige"},"content":{"rendered":"\n<p class=\"has-text-align-center wp-block-paragraph\"><strong><a href=\"https:\/\/vienna.wordcamp.org\/2025\/volunteering\/\">English<\/a>&nbsp;\/ Deutsch<\/strong><\/p>\n\n\n\n<p class=\"wp-block-paragraph\">Freiwillige*<em>r Helfer*<\/em>in beim WordCamp Vienna zu sein, ist eine lohnende und erf\u00fcllende Erfahrung.<\/p>\n\n\n\n<p class=\"wp-block-paragraph\">Es gibt euch die M\u00f6glichkeit, mit Teilnehmer<em>innen aus der ganzen Welt ins Gespr\u00e4ch zu kommen und euch auszutauschen. Gleichzeitig k\u00f6nnt ihr die Redner<\/em>innen und Organisator*innen bei ihrer Arbeit tatkr\u00e4ftig unterst\u00fctzen.<\/p>\n\n\n\n<p class=\"wp-block-paragraph\">Die Unterst\u00fctzung durch freiwillige Helfer*innen ist von unsch\u00e4tzbarem Wert \u2013 ohne euch w\u00e4re der Erfolg des WordCamp Vienna in dieser Form nicht m\u00f6glich.<\/p>\n\n\n\n<figure class=\"wp-block-image size-large\"><img loading=\"lazy\" decoding=\"async\" width=\"1024\" height=\"576\" src=\"https:\/\/vienna.wordcamp.org\/2025\/files\/2025\/01\/Wordcamp2020_byKlausProkop_Volunteers-1024x576.jpg\" alt=\"\" class=\"wp-image-2048\" srcset=\"https:\/\/vienna.wordcamp.org\/2025\/files\/2025\/01\/Wordcamp2020_byKlausProkop_Volunteers-1024x576.jpg 1024w, https:\/\/vienna.wordcamp.org\/2025\/files\/2025\/01\/Wordcamp2020_byKlausProkop_Volunteers-300x169.jpg 300w, https:\/\/vienna.wordcamp.org\/2025\/files\/2025\/01\/Wordcamp2020_byKlausProkop_Volunteers-768x432.jpg 768w, https:\/\/vienna.wordcamp.org\/2025\/files\/2025\/01\/Wordcamp2020_byKlausProkop_Volunteers-500x281.jpg 500w, https:\/\/vienna.wordcamp.org\/2025\/files\/2025\/01\/Wordcamp2020_byKlausProkop_Volunteers-1536x864.jpg 1536w, https:\/\/vienna.wordcamp.org\/2025\/files\/2025\/01\/Wordcamp2020_byKlausProkop_Volunteers.jpg 1920w\" sizes=\"auto, (max-width: 1024px) 100vw, 1024px\" \/><figcaption class=\"wp-element-caption\">Photo Credits: Klaus Prokop<\/figcaption><\/figure>\n\n\n\n<p class=\"wp-block-paragraph\">Als Helfer*in beim WordCamp Vienna erwartet dich:<\/p>\n\n\n\n<ul class=\"wp-block-list\">\n<li><strong>Gratis Eintrittskarte<\/strong> f\u00fcr das WordCamp<\/li>\n\n\n\n<li>Ein exklusiver <strong>Blick hinter die Kulissen<\/strong> der Veranstaltung<\/li>\n\n\n\n<li>Die Chance, ein <strong>entscheidender Teil des Erfolgs<\/strong> des WordCamps zu sein<\/li>\n\n\n\n<li><strong>Networking-M\u00f6glichkeiten<\/strong>, um interessante Leute aus der WordPress-Community kennenzulernen \u2013 auch beim exklusiven Speaker Dinner<\/li>\n\n\n\n<li>Die M\u00f6glichkeit, <strong>Teilnehmer*innen aus der ganzen Welt<\/strong> mitten im Geschehen zu treffen<\/li>\n\n\n\n<li>Ein <strong>exklusives T-Shirt<\/strong>, das speziell f\u00fcr Organizers und Freiwillige entworfen wurde<\/li>\n\n\n\n<li><strong>Anerkennung<\/strong> f\u00fcr deine Zeit, dein Engagement und deine Unterst\u00fctzung<\/li>\n<\/ul>\n\n\n\n<p class=\"wp-block-paragraph\">Sei dabei und werde Teil dieses gro\u00dfartigen Events!<\/p>\n\n\n\n<p class=\"wp-block-paragraph\">Als freiwillige<em>r Helfer<\/em>in brauchst du keine Vorkenntnisse in der Organisation von WordCamps. Alles, was du mitbringen solltest, ist Energie, Enthusiasmus, bequeme Schuhe und die Liebe zur WordPress-Community.<\/p>\n\n\n\n<p class=\"wp-block-paragraph\">Die Aufgaben w\u00e4hrend der Veranstaltung sind vielseitig und abwechslungsreich. Au\u00dferdem habt ihr die M\u00f6glichkeit, eure freiwillige T\u00e4tigkeit zu pausieren, um spannende Vortr\u00e4ge eurer Wahl zu besuchen.<\/p>\n\n\n\n<h3 class=\"wp-block-heading\">Event Team:<\/h3>\n\n\n\n<ul class=\"wp-block-list\">\n<li><strong>Set-up<\/strong> \u2013 Wir brauchen ein Team von Freiwilligen, die uns am Samstag fr\u00fch morgens dabei helfen, Beschriftungen und Wegweiser f\u00fcr die Veranstaltung anzubringen. (Fr\u00fchst\u00fcck und Kaffee stehen bereit!)<\/li>\n\n\n\n<li><strong>Check-in<\/strong> \u2013 Unterst\u00fctze beim Einchecken der Teilnehmer*innen, verteile Namensschilder, WordCamp-T-Shirts und hilf am Nachmittag bei der Ausgabe von Goodies.<\/li>\n<\/ul>\n\n\n\n<h3 class=\"wp-block-heading\">Workshops &amp; Talks Team<\/h3>\n\n\n\n<p class=\"wp-block-paragraph\">Unterst\u00fctze bei den Workshops &amp; Talks:<\/p>\n\n\n\n<ul class=\"wp-block-list\">\n<li><strong>Zeit-Manager<\/strong> \u2013 Arbeite mit den Organisator*innen, Filmer*innen, Redner*innen und allen anderen zusammen, damit die Vortr\u00e4ge reibungslos und p\u00fcnktlich ablaufen!<\/li>\n\n\n\n<li><strong>Mic Runner<\/strong> \u2013 W\u00e4hrend dem Q&amp;A am Ende eines Talks k\u00fcmmerst du dich darum, dass Fragesteller:innen ein Mikrofon bekommen.<\/li>\n\n\n\n<li><strong>Moderator*in<\/strong> \u2013 Redner*innen vorstellen und die Fragerunde am Ende des Vortrags leiten.<\/li>\n\n\n\n<li><strong>Raum\u00fcberwachung<\/strong> \u2013 Sorge daf\u00fcr, dass die Konferenzr\u00e4ume nicht \u00fcberf\u00fcllt sind und verhindere zu lautes T\u00fcr\u00f6ffnen, wenn Personen den Raum betreten und verlassen.<\/li>\n\n\n\n<li><strong>Workshop Day<\/strong> \u2013 Allgemeine Hilfe f\u00fcr die Vorbereitung der Workshops, der R\u00e4umlichkeiten und Coffee Break.<\/li>\n<\/ul>\n\n\n\n<h3 class=\"wp-block-heading\">Media Team<\/h3>\n\n\n\n<p class=\"wp-block-paragraph\">Hast du Erfahrung mit Social Media sowie Foto und Video?<\/p>\n\n\n\n<ul class=\"wp-block-list\">\n<li><strong>Video &amp; Fotografie<\/strong> \u2013 Hilf mit, die Veranstaltung in beeindruckenden Fotos und Videos festzuhalten.<\/li>\n\n\n\n<li><strong>Social Media<\/strong> \u2013 Unterst\u00fctze uns mit Live-Postings und halte die Community \u00fcber das WordCamp Vienna auf dem Laufenden!<\/li>\n<\/ul>\n\n\n\n<h3 class=\"wp-block-heading\">Weitere Positionen<\/h3>\n\n\n\n<ul class=\"wp-block-list\">\n<li><strong>Helpdesk<\/strong> \u2013 Unterst\u00fctze andere WordPress-Nutzer*innen bei Fragen und Problemen rund um ihre Webseiten.<\/li>\n\n\n\n<li><strong>Green Room<\/strong> \u2013 Behalte den \u00dcberblick \u00fcber den Raum, in dem Redner*innen und Freiwillige ihre pers\u00f6nlichen Gegenst\u00e4nde aufbewahren. Ideal, um eine kurze Pause einzulegen oder kurz am Laptop zu arbeiten.<\/li>\n<\/ul>\n\n\n\n<h3 class=\"wp-block-heading\">Neugierig geworden? Dann bewirb dich jetzt!<\/h3>\n\n\n\n<p class=\"wp-block-paragraph\">Falls ihr euch freiwillig melden m\u00f6chtet, kauft bitte noch kein Ticket \u2013 wir stellen euch ein kostenloses Ticket f\u00fcr das WordCamp Vienna zur Verf\u00fcgung. F\u00fcllt einfach das Formular mit euren Daten aus und gebt an, welche Position euch interessieren w\u00fcrde:<\/p>\n\n\n\n<div class=\"wp-block-buttons is-layout-flex wp-block-buttons-is-layout-flex\">\n<div class=\"wp-block-button\"><a class=\"wp-block-button__link has-background wp-element-button\" href=\"https:\/\/forms.gle\/ckQecu1efpZugZvn9\" style=\"background-color:#0060ac\">Als Volunteer registrieren<\/a><\/div>\n<\/div>\n","protected":false},"excerpt":{"rendered":"<p>English&nbsp;\/ Deutsch Freiwillige*r Helfer*in beim WordCamp Vienna zu sein, ist eine lohnende und erf\u00fcllende Erfahrung. Es gibt euch die M\u00f6glichkeit, mit Teilnehmerinnen aus der ganzen Welt ins Gespr\u00e4ch zu kommen und euch auszutauschen. Gleichzeitig k\u00f6nnt ihr die Rednerinnen und Organisator*innen bei ihrer Arbeit tatkr\u00e4ftig unterst\u00fctzen. Die Unterst\u00fctzung durch freiwillige Helfer*innen ist von unsch\u00e4tzbarem Wert \u2013 &hellip; <a href=\"https:\/\/vienna.wordcamp.org\/2025\/freiwillige\/\" class=\"more-link\">Continue reading<span class=\"screen-reader-text\"> &#8220;Freiwillige&#8221;<\/span><\/a><\/p>\n","protected":false},"author":15315719,"featured_media":0,"parent":0,"menu_order":0,"comment_status":"closed","ping_status":"closed","template":"","meta":{"_crdt_document":"","jetpack_post_was_ever_published":false,"footnotes":""},"class_list":["post-2047","page","type-page","status-publish","hentry"],"jetpack_sharing_enabled":true,"_links":{"self":[{"href":"https:\/\/vienna.wordcamp.org\/2025\/wp-json\/wp\/v2\/pages\/2047","targetHints":{"allow":["GET"]}}],"collection":[{"href":"https:\/\/vienna.wordcamp.org\/2025\/wp-json\/wp\/v2\/pages"}],"about":[{"href":"https:\/\/vienna.wordcamp.org\/2025\/wp-json\/wp\/v2\/types\/page"}],"author":[{"embeddable":true,"href":"https:\/\/vienna.wordcamp.org\/2025\/wp-json\/wp\/v2\/users\/15315719"}],"replies":[{"embeddable":true,"href":"https:\/\/vienna.wordcamp.org\/2025\/wp-json\/wp\/v2\/comments?post=2047"}],"version-history":[{"count":16,"href":"https:\/\/vienna.wordcamp.org\/2025\/wp-json\/wp\/v2\/pages\/2047\/revisions"}],"predecessor-version":[{"id":3826,"href":"https:\/\/vienna.wordcamp.org\/2025\/wp-json\/wp\/v2\/pages\/2047\/revisions\/3826"}],"wp:attachment":[{"href":"https:\/\/vienna.wordcamp.org\/2025\/wp-json\/wp\/v2\/media?parent=2047"}],"curies":[{"name":"wp","href":"https:\/\/api.w.org\/{rel}","templated":true}]}}