{"id":370,"date":"2023-12-15T17:14:53","date_gmt":"2023-12-15T16:14:53","guid":{"rendered":"https:\/\/vienna.wordcamp.org\/2024\/?page_id=370"},"modified":"2024-02-15T15:07:46","modified_gmt":"2024-02-15T15:07:46","slug":"freiwillige","status":"publish","type":"page","link":"https:\/\/vienna.wordcamp.org\/2024\/freiwillige\/","title":{"rendered":"Freiwillige"},"content":{"rendered":"\n<p class=\"wp-block-paragraph\"><strong><a href=\"https:\/\/vienna.wordcamp.org\/2024\/volunteering\/\" data-type=\"page\" data-id=\"368\">English<\/a> \/ Deutsch<\/strong><\/p>\n\n\n\n<p class=\"wp-block-paragraph\">Ein*e Freiwillige*r beim WordCamp Vienna zu sein ist eine lohnende und auch erf\u00fcllende Erfahrung.<\/p>\n\n\n\n<p class=\"wp-block-paragraph\">Es bietet euch die M\u00f6glichkeit, sich mit Teilnehmer*innen aus der ganzen Welt zu treffen und zu plaudern, aber auch die Redner*innen und Organisator*innen bei ihrer Arbeit zu unterst\u00fctzen.<\/p>\n\n\n\n<p class=\"wp-block-paragraph\">Die Unterst\u00fctzung von freiwilligen Helfer*Innnen ist enorm wichtig,<strong> ohne diese Hilfe<\/strong> k\u00f6nnte das WordCamp Vienna nicht so erfolgreich sein wie es ist.<\/p>\n\n\n\n<h3 class=\"wp-block-heading\"><img loading=\"lazy\" decoding=\"async\" src=\"https:\/\/vienna.wordcamp.org\/2022\/files\/2021\/11\/Wordcamp2020_byKlausProkop_Volunteers.jpg\" alt=\"WordCamp Vienna Volunteers\" width=\"1920\" height=\"1080\">Als Helferin oder Helfer beim WordCamp Vienna, bekommst du:<\/h3>\n\n\n\n<ul class=\"wp-block-list\">\n<li>Eine <strong>gratis Eintrittskarte<\/strong> f\u00fcr das WordCamp<\/li>\n\n\n\n<li>Die M\u00f6glichkeit, einen <strong>Blick hinter die Kulissen<\/strong> der Veranstaltung zu werfen<\/li>\n\n\n\n<li>Ein <strong>wichtiger Teil<\/strong> um der Veranstaltung <strong>erfolgreich<\/strong> zu machen!<\/li>\n\n\n\n<li>Die M\u00f6glichkeit, viel <strong>n\u00e4her<\/strong> interessante <strong>Leute zu treffen, die mit WordPress<\/strong> zu tun haben, bzw. bei der Speakers Dinner<\/li>\n\n\n\n<li>Mitten drin sein und WordCamp-<strong>Teilnehmer*innen aus der ganzen Welt treffen<\/strong><\/li>\n\n\n\n<li>Ein <strong>exklusives T-Shirt<\/strong> speziell f\u00fcr alle Organizers &amp; Freiwillige<\/li>\n\n\n\n<li><strong>Anerkennung<\/strong> f\u00fcr eure Zeit, Aufmerksamkeit und Bem\u00fchungen<\/li>\n<\/ul>\n\n\n\n<p class=\"wp-block-paragraph\">Als freiwillige Helferin oder freiwilliger Helfer ben\u00f6tigst du keinerlei Erfahrung bei der Organisation von WordCamps. Alles, was du mitbringen solltest, ist Energie, Enthusiasmus, bequemes Schuhwerk und die Liebe zur WordPress-Community.<\/p>\n\n\n\n<p class=\"wp-block-paragraph\">Das Aufgabengebiet w\u00e4hrende der Veranstaltung wird abwechslungsreich sein und ihr k\u00f6nnt eure freiwilligen T\u00e4tigkeiten auch unterbrechen, um bestimmte, f\u00fcr euch interessante Vortr\u00e4ge der Konferenz zu besuchen.<\/p>\n\n\n\n<h3 class=\"wp-block-heading\">Zu besetzende Positionen:<\/h3>\n\n\n\n<ul class=\"wp-block-list\">\n<li><strong>Set-up<\/strong> \u2013 Fr\u00fch am Samstagmorgen ben\u00f6tigen wir ein Team von Freiwilligen, um in der N\u00e4he Beschriftungen f\u00fcr die Veranstaltung anzubringen. (Fr\u00fchst\u00fcck und Kaffee wird zur Verf\u00fcgung gestellt).<\/li>\n\n\n\n<li><strong>Check in<\/strong> \u2013 Teilnehmer*innen einchecken und Namensschilder verteilen. WordCamp-T-Shirts ausgeben und Goodies am Nachmittag verteilen.<\/li>\n<\/ul>\n\n\n\n<h3 class=\"wp-block-heading\">Workshops &amp; Talks Team <\/h3>\n\n\n\n<p class=\"wp-block-paragraph\">Unterst\u00fctze bei den Workshops &amp; Talks:<\/p>\n\n\n\n<ul class=\"wp-block-list\">\n<li><strong>Zeit-Manager<\/strong> \u2013 Arbeite mit den Organisator*innen, Filmer*innen, Redner*innen und allen anderen zusammen, damit die Vortr\u00e4ge reibungslos und p\u00fcnktlich ablaufen!<\/li>\n\n\n\n<li><strong>Mic Runner<\/strong> \u2013 W\u00e4hrend dem Q&amp;A am Ende eines Talks k\u00fcmmerst du dich darum, dass Fragesteller:innen ein Mikrofon bekommen.<\/li>\n\n\n\n<li><strong>Moderator*in<\/strong> \u2013 Redner*innen vorstellen und die Fragerunde am Ende des Vortrags leiten.<\/li>\n\n\n\n<li><strong>Raum\u00fcberwachung<\/strong> \u2013 Sorge daf\u00fcr, dass die Konferenzr\u00e4ume nicht \u00fcberf\u00fcllt sind und verhindere zu lautes T\u00fcr\u00f6ffnen, wenn Personen den Raum betreten und verlassen.<\/li>\n\n\n\n<li><strong>Workshop Day<\/strong> \u2013 Allgemeine Hilfe f\u00fcr die Vorbereitung der Workshops, der R\u00e4umlichkeiten und Coffee Break.<\/li>\n<\/ul>\n\n\n\n<h3 class=\"wp-block-heading\">Media Team<\/h3>\n\n\n\n<p class=\"wp-block-paragraph\">Du hast er Erfahrung mit Social Media und Foto \/ Video? <\/p>\n\n\n\n<ul class=\"wp-block-list\">\n<li><strong>Video &amp; Fotografie<\/strong> \u2013 Hilf mit die Veranstaltung auf Fotos und Videomaterial festzuhalten.<\/li>\n\n\n\n<li><strong>Social Media<\/strong> \u2013 Unterst\u00fctzte mit live Postings \u00fcber das WordCamp Vienna!<\/li>\n<\/ul>\n\n\n\n<h3 class=\"wp-block-heading\">Weitere Positionen <\/h3>\n\n\n\n<ul class=\"wp-block-list\">\n<li><strong>Help Desk<\/strong> \u2013 Hilf anderen Word-Press Nutzer*innen bei Problemen mit ihren Webseiten.<\/li>\n\n\n\n<li><strong>Green Room<\/strong> \u2013 Behalte den \u00dcberblick \u00fcber den Raum, in dem Redner*innen und Freiwillige ihre Sachen lassen. Perfekt f\u00fcr eine Pause oder evtl. um kurz am Laptop zu arbeiten.<\/li>\n\n\n\n<li><strong>Essens-Crew<\/strong> \u2013 Unterst\u00fctze die Teilenehmer*innen dabei den Weg zur Essens-Location zu finden. <\/li>\n<\/ul>\n\n\n\n<h3 class=\"wp-block-heading\">Lust auf Mehr? Bewirb dich jetzt!<\/h3>\n\n\n\n<p class=\"wp-block-paragraph\">Solltet ihr euch freiwillig melden, dann kauft jetzt noch kein Ticket, ihr bekommt von uns eine <strong>gratis Eintrittskarte<\/strong> f\u00fcr das WordCamp Vienna.<\/p>\n\n\n\n<p class=\"wp-block-paragraph\">Bitte f\u00fcllt unten stehendes Formular mit euren Daten aus und schreibt uns auch welche Position f\u00fcr euch interessant w\u00e4re:<\/p>\n\n\n\n<div class=\"wp-block-buttons is-layout-flex wp-block-buttons-is-layout-flex\">\n<div class=\"wp-block-button\"><a class=\"wp-block-button__link has-white-color has-text-color has-background has-link-color wp-element-button\" href=\"https:\/\/docs.google.com\/forms\/d\/e\/1FAIpQLSeXvWqUzziYDEzm1aK_brndI35OnrY041h3xFWYY8HNGVOxWQ\/viewform\" style=\"background-color:#0060ac\" target=\"_blank\" rel=\"noreferrer noopener\">Apply as Volunteer!<\/a><\/div>\n<\/div>\n\n\n\n<p class=\"wp-block-paragraph\"><\/p>\n\n\n\n<p class=\"wp-block-paragraph\">Wir freuen uns auf dich!<\/p>\n","protected":false},"excerpt":{"rendered":"<p>English \/ Deutsch Ein*e Freiwillige*r beim WordCamp Vienna zu sein ist eine lohnende und auch erf\u00fcllende Erfahrung. Es bietet euch die M\u00f6glichkeit, sich mit Teilnehmer*innen aus der ganzen Welt zu treffen und zu plaudern, aber auch die Redner*innen und Organisator*innen bei ihrer Arbeit zu unterst\u00fctzen. Die Unterst\u00fctzung von freiwilligen Helfer*Innnen ist enorm wichtig, ohne diese &hellip; <a href=\"https:\/\/vienna.wordcamp.org\/2024\/freiwillige\/\" class=\"more-link\">Continue reading<span class=\"screen-reader-text\"> &#8220;Freiwillige&#8221;<\/span><\/a><\/p>\n","protected":false},"author":17105202,"featured_media":0,"parent":0,"menu_order":0,"comment_status":"closed","ping_status":"closed","template":"","meta":{"_crdt_document":"","jetpack_post_was_ever_published":false,"footnotes":""},"class_list":["post-370","page","type-page","status-publish","hentry"],"jetpack_sharing_enabled":true,"_links":{"self":[{"href":"https:\/\/vienna.wordcamp.org\/2024\/wp-json\/wp\/v2\/pages\/370","targetHints":{"allow":["GET"]}}],"collection":[{"href":"https:\/\/vienna.wordcamp.org\/2024\/wp-json\/wp\/v2\/pages"}],"about":[{"href":"https:\/\/vienna.wordcamp.org\/2024\/wp-json\/wp\/v2\/types\/page"}],"author":[{"embeddable":true,"href":"https:\/\/vienna.wordcamp.org\/2024\/wp-json\/wp\/v2\/users\/17105202"}],"replies":[{"embeddable":true,"href":"https:\/\/vienna.wordcamp.org\/2024\/wp-json\/wp\/v2\/comments?post=370"}],"version-history":[{"count":11,"href":"https:\/\/vienna.wordcamp.org\/2024\/wp-json\/wp\/v2\/pages\/370\/revisions"}],"predecessor-version":[{"id":2949,"href":"https:\/\/vienna.wordcamp.org\/2024\/wp-json\/wp\/v2\/pages\/370\/revisions\/2949"}],"wp:attachment":[{"href":"https:\/\/vienna.wordcamp.org\/2024\/wp-json\/wp\/v2\/media?parent=370"}],"curies":[{"name":"wp","href":"https:\/\/api.w.org\/{rel}","templated":true}]}}