{"id":357,"date":"2023-12-15T16:51:21","date_gmt":"2023-12-15T15:51:21","guid":{"rendered":"https:\/\/vienna.wordcamp.org\/2024\/?page_id=357"},"modified":"2024-01-11T09:08:29","modified_gmt":"2024-01-11T08:08:29","slug":"jobs","status":"publish","type":"page","link":"https:\/\/vienna.wordcamp.org\/2024\/jobs\/","title":{"rendered":"Job Board"},"content":{"rendered":"\n<p class=\"wp-block-paragraph\">Our sponsors have the opportunity to present their job offers here. There will also be a job board in the lounge area on the day of the conference.<\/p>\n\n\n\n<p class=\"wp-block-paragraph\">Unsere Sponsoren haben die M\u00f6glichkeit, hier ihre Jobangebote zu pr\u00e4sentieren. Au\u00dferdem gibt es am Konferenztag ein Jobboard im Loungebereich.<\/p>\n\n\n\n<hr class=\"wp-block-separator has-alpha-channel-opacity\" \/>\n\n\n\n<div class=\"wp-block-media-text is-stacked-on-mobile is-vertically-aligned-center has-white-background-color has-background\" style=\"grid-template-columns:19% auto\"><figure class=\"wp-block-media-text__media\"><img loading=\"lazy\" decoding=\"async\" width=\"1024\" height=\"761\" src=\"https:\/\/vienna.wordcamp.org\/2024\/files\/2024\/01\/searvo-1-1024x761.png\" alt=\"\" class=\"wp-image-2264 size-full\" srcset=\"https:\/\/vienna.wordcamp.org\/2024\/files\/2024\/01\/searvo-1-1024x761.png 1024w, https:\/\/vienna.wordcamp.org\/2024\/files\/2024\/01\/searvo-1-300x223.png 300w, https:\/\/vienna.wordcamp.org\/2024\/files\/2024\/01\/searvo-1-768x571.png 768w, https:\/\/vienna.wordcamp.org\/2024\/files\/2024\/01\/searvo-1-403x300.png 403w, https:\/\/vienna.wordcamp.org\/2024\/files\/2024\/01\/searvo-1.png 1400w\" sizes=\"auto, (max-width: 1024px) 100vw, 1024px\" \/><\/figure><div class=\"wp-block-media-text__content\">\n<div class=\"wp-block-group\" style=\"padding-top:2em;padding-right:2em;padding-bottom:2em;padding-left:2em\"><div class=\"wp-block-group__inner-container is-layout-flow wp-block-group-is-layout-flow\">\n<p class=\"has-medium-font-size wp-block-paragraph\" style=\"line-height:1.2\">Want to work with premium WordPress hosting and upkeep? Interested in career opportunities at Seravo? Read more on our website (<a href=\"https:\/\/seravo.com\/en\/careers\/\" rel=\"nofollow\">https:\/\/seravo.com\/en\/careers\/<\/a>) or send us a job inquiry by email,\u00a0<a href=\"mailto:careers@seravo.com\">careers@seravo.com<\/a>!<\/p>\n<\/div><\/div>\n<\/div><\/div>\n","protected":false},"excerpt":{"rendered":"<p>Our sponsors have the opportunity to present their job offers here. There will also be a job board in the lounge area on the day of the conference. Unsere Sponsoren haben die M\u00f6glichkeit, hier ihre Jobangebote zu pr\u00e4sentieren. Au\u00dferdem gibt es am Konferenztag ein Jobboard im Loungebereich.<\/p>\n","protected":false},"author":17105202,"featured_media":0,"parent":0,"menu_order":0,"comment_status":"closed","ping_status":"closed","template":"","meta":{"_crdt_document":"","jetpack_post_was_ever_published":false,"footnotes":""},"class_list":["post-357","page","type-page","status-publish","hentry"],"jetpack_sharing_enabled":true,"_links":{"self":[{"href":"https:\/\/vienna.wordcamp.org\/2024\/wp-json\/wp\/v2\/pages\/357","targetHints":{"allow":["GET"]}}],"collection":[{"href":"https:\/\/vienna.wordcamp.org\/2024\/wp-json\/wp\/v2\/pages"}],"about":[{"href":"https:\/\/vienna.wordcamp.org\/2024\/wp-json\/wp\/v2\/types\/page"}],"author":[{"embeddable":true,"href":"https:\/\/vienna.wordcamp.org\/2024\/wp-json\/wp\/v2\/users\/17105202"}],"replies":[{"embeddable":true,"href":"https:\/\/vienna.wordcamp.org\/2024\/wp-json\/wp\/v2\/comments?post=357"}],"version-history":[{"count":2,"href":"https:\/\/vienna.wordcamp.org\/2024\/wp-json\/wp\/v2\/pages\/357\/revisions"}],"predecessor-version":[{"id":2265,"href":"https:\/\/vienna.wordcamp.org\/2024\/wp-json\/wp\/v2\/pages\/357\/revisions\/2265"}],"wp:attachment":[{"href":"https:\/\/vienna.wordcamp.org\/2024\/wp-json\/wp\/v2\/media?parent=357"}],"curies":[{"name":"wp","href":"https:\/\/api.w.org\/{rel}","templated":true}]}}