{"id":3318,"date":"2024-03-06T11:21:29","date_gmt":"2024-03-06T11:21:29","guid":{"rendered":"https:\/\/vienna.wordcamp.org\/2024\/?page_id=3318"},"modified":"2025-02-13T08:03:15","modified_gmt":"2025-02-13T08:03:15","slug":"presse","status":"publish","type":"page","link":"https:\/\/vienna.wordcamp.org\/2024\/presse\/","title":{"rendered":"Presse"},"content":{"rendered":"\n<div class=\"wp-block-group\"><div class=\"wp-block-group__inner-container is-layout-constrained wp-block-group-is-layout-constrained\">\n<p class=\"wp-block-paragraph\">Wir laden Journalistinnen und Journalisten herzlich ein, \u00fcber diese einzigartige Veranstaltung zu berichten und Teil des WordCamp Vienna 2024 zu werden.<\/p>\n\n\n\n<p class=\"wp-block-paragraph\"><strong>Wir sind offen f\u00fcr Kooperationen<\/strong> und k\u00f6nnen Ihnen als <strong>Medien-Partner<\/strong> Sichtbarkeit auf dieser Website und vor Ort bieten.<\/p>\n\n\n\n<p class=\"wp-block-paragraph\">F\u00fcr Presseakkreditierungen, Interviews und weitere Informationen kontaktieren Sie bitte unser Organisationsteam.<\/p>\n<\/div><\/div>\n\n\n\n<div class=\"wp-block-group\"><div class=\"wp-block-group__inner-container is-layout-constrained wp-block-group-is-layout-constrained\">\n<h2 class=\"wp-block-heading\">Kontakt<\/h2>\n\n\n\n<p class=\"wp-block-paragraph\">WordCamp Vienna 2024 Lead Organizer<br>Miguel Fern\u00e1ndez Vega<br>vienna@wordcamp.org<br>+43 688 9782593<\/p>\n<\/div><\/div>\n\n\n\n<div class=\"wp-block-group\"><div class=\"wp-block-group__inner-container is-layout-constrained wp-block-group-is-layout-constrained\">\n<h2 class=\"wp-block-heading\">Presseaussendungen<\/h2>\n\n\n\n<p class=\"wp-block-paragraph\"><a href=\"https:\/\/www.ots.at\/presseaussendung\/OTS_20240229_OTS0094\/wordcamp-vienna-2024-am-5-und-6-april-trifft-sich-die-wordpress-community-in-wien-bild\" target=\"_blank\" rel=\"noreferrer noopener\"><strong>WordCamp Vienna 2024 &#8211; Am 5 und 6. April trifft sich die WordPress-Community in Wien<\/strong><\/a><br><em>Wien, 29.2.2024, OTS-APA<br><\/em><a href=\"https:\/\/www.ots.at\/presseaussendung\/OTS_20240229_OTS0094\/wordcamp-vienna-2024-am-5-und-6-april-trifft-sich-die-wordpress-community-in-wien-bild\" target=\"_blank\" rel=\"noreferrer noopener\">In APA-OTS Website lesen<br><\/a><a href=\"https:\/\/vienna.wordcamp.org\/2024\/files\/2024\/03\/OTS_20240229_OTS0094.pdf\" target=\"_blank\" rel=\"noreferrer noopener\">Als PDF herunterladen<\/a><\/p>\n\n\n\n<p class=\"wp-block-paragraph\"><strong>WordCamp Vienna 2024: Ein Treffpunkt f\u00fcr Web-Expert:innen und WordPress-Enthusiasten<\/strong><br><em>Wien, 6.3.2024, WordCamp Vienna<br><\/em><a href=\"https:\/\/vienna.wordcamp.org\/2024\/files\/2024\/03\/WordCamp-Vienna-2024-Pressetext.pdf\" target=\"_blank\" rel=\"noreferrer noopener\">Als PDF herunterladen<\/a><br><a href=\"https:\/\/vienna.wordcamp.org\/2024\/files\/2024\/03\/WordCamp-Vienna-2024-Pressetext.docx\" target=\"_blank\" rel=\"noreferrer noopener\">Als MS Word herunterladen<\/a><\/p>\n<\/div><\/div>\n\n\n\n<div class=\"wp-block-group\"><div class=\"wp-block-group__inner-container is-layout-constrained wp-block-group-is-layout-constrained\">\n<h3 class=\"wp-block-heading\">APA-OTS<\/h3>\n\n\n\n<p class=\"wp-block-paragraph\"><a href=\"https:\/\/www.ots.at\/pressemappe\/32142\/wordcamp-vienna\" target=\"_blank\" rel=\"noreferrer noopener\">WordCamp Vienna Pressemappe in OTS-APA Website<\/a><\/p>\n<\/div><\/div>\n\n\n\n<div class=\"wp-block-group\"><div class=\"wp-block-group__inner-container is-layout-constrained wp-block-group-is-layout-constrained\">\n<h3 class=\"wp-block-heading\">Auf WordPress TV<\/h3>\n\n\n\n<p class=\"wp-block-paragraph\"><a href=\"https:\/\/wordpress.tv\/2023\/04\/17\/website-radar-2023-zustand-osterreichischer-webseiten\/\" target=\"_blank\" rel=\"noreferrer noopener\">Website-Radar 2023: Zustand \u00f6sterreichischer Webseiten<br><\/a>(60% aller \u00f6sterreichische Webseiten sind WordPress basiert)<\/p>\n\n\n\n<ul class=\"wp-block-list\">\n<li><a href=\"https:\/\/wordpress.tv\/event\/wordcamp-vienna-2023\/\" target=\"_blank\" rel=\"noreferrer noopener\">WordCamp 2023<\/a><\/li>\n\n\n\n<li><a href=\"https:\/\/wordpress.tv\/event\/wordcamp-vienna-2022\/\" target=\"_blank\" rel=\"noreferrer noopener\">WordCamp 2022<\/a><\/li>\n\n\n\n<li><a href=\"https:\/\/wordpress.tv\/event\/wordcamp-vienna-2020\/\" target=\"_blank\" rel=\"noreferrer noopener\">WordCamp 2020<\/a><\/li>\n\n\n\n<li><a href=\"https:\/\/wordpress.tv\/event\/wordcamp-vienna-2019\/\" target=\"_blank\" rel=\"noreferrer noopener\">WordCamp 2019<\/a><\/li>\n\n\n\n<li><a href=\"https:\/\/wordpress.tv\/event\/wordcamp-vienna-2018\/\" target=\"_blank\" rel=\"noreferrer noopener\">WordCamp 2018<\/a><\/li>\n<\/ul>\n<\/div><\/div>\n\n\n\n<div class=\"wp-block-group\"><div class=\"wp-block-group__inner-container is-layout-constrained wp-block-group-is-layout-constrained\">\n<h2 class=\"wp-block-heading\">Bilder<\/h2>\n\n\n\n<p class=\"wp-block-paragraph\">Fotocredit: WordCamp Vienna \/ Klaus Prokop<br>Fotograf: Klaus Prokop \u2013&nbsp;<a href=\"https:\/\/www.klausprokop.eu\/\">https:\/\/www.klausprokop.eu\/<\/a><\/p>\n\n\n\n<figure class=\"wp-block-gallery has-nested-images columns-default is-cropped wp-block-gallery-1 is-layout-flex wp-block-gallery-is-layout-flex\">\n<figure class=\"wp-block-image size-large\"><a href=\"https:\/\/vienna.wordcamp.org\/2024\/files\/2024\/03\/wordcamp-vienna-teilnehmer.jpg\" target=\"_blank\" rel=\"noopener\"><img loading=\"lazy\" decoding=\"async\" width=\"1024\" height=\"682\" data-id=\"3331\" src=\"https:\/\/vienna.wordcamp.org\/2024\/files\/2024\/03\/wordcamp-vienna-teilnehmer-1024x682.jpg\" alt=\"\" class=\"wp-image-3331\" srcset=\"https:\/\/vienna.wordcamp.org\/2024\/files\/2024\/03\/wordcamp-vienna-teilnehmer-1024x682.jpg 1024w, https:\/\/vienna.wordcamp.org\/2024\/files\/2024\/03\/wordcamp-vienna-teilnehmer-300x200.jpg 300w, https:\/\/vienna.wordcamp.org\/2024\/files\/2024\/03\/wordcamp-vienna-teilnehmer-768x512.jpg 768w, https:\/\/vienna.wordcamp.org\/2024\/files\/2024\/03\/wordcamp-vienna-teilnehmer-450x300.jpg 450w, https:\/\/vienna.wordcamp.org\/2024\/files\/2024\/03\/wordcamp-vienna-teilnehmer-1536x1023.jpg 1536w, https:\/\/vienna.wordcamp.org\/2024\/files\/2024\/03\/wordcamp-vienna-teilnehmer.jpg 1600w\" sizes=\"auto, (max-width: 1024px) 100vw, 1024px\" \/><\/a><figcaption class=\"wp-element-caption\">Teilnehmer am WordCamp Vienna<\/figcaption><\/figure>\n\n\n\n<figure class=\"wp-block-image size-large\"><a href=\"https:\/\/vienna.wordcamp.org\/2024\/files\/2024\/03\/wordcamp-vienna-gute-laune.jpg\" target=\"_blank\" rel=\"noopener\"><img loading=\"lazy\" decoding=\"async\" width=\"1024\" height=\"683\" data-id=\"3337\" src=\"https:\/\/vienna.wordcamp.org\/2024\/files\/2024\/03\/wordcamp-vienna-gute-laune-1024x683.jpg\" alt=\"\" class=\"wp-image-3337\" srcset=\"https:\/\/vienna.wordcamp.org\/2024\/files\/2024\/03\/wordcamp-vienna-gute-laune-1024x683.jpg 1024w, https:\/\/vienna.wordcamp.org\/2024\/files\/2024\/03\/wordcamp-vienna-gute-laune-300x200.jpg 300w, https:\/\/vienna.wordcamp.org\/2024\/files\/2024\/03\/wordcamp-vienna-gute-laune-768x512.jpg 768w, https:\/\/vienna.wordcamp.org\/2024\/files\/2024\/03\/wordcamp-vienna-gute-laune-450x300.jpg 450w, https:\/\/vienna.wordcamp.org\/2024\/files\/2024\/03\/wordcamp-vienna-gute-laune-1536x1024.jpg 1536w, https:\/\/vienna.wordcamp.org\/2024\/files\/2024\/03\/wordcamp-vienna-gute-laune.jpg 1600w\" sizes=\"auto, (max-width: 1024px) 100vw, 1024px\" \/><\/a><figcaption class=\"wp-element-caption\">Gute Laune beim WordCamp Vienna<\/figcaption><\/figure>\n\n\n\n<figure class=\"wp-block-image size-large\"><a href=\"https:\/\/vienna.wordcamp.org\/2024\/files\/2024\/03\/wordcamp-vienna-organizers.jpg\" target=\"_blank\" rel=\"noopener\"><img loading=\"lazy\" decoding=\"async\" width=\"1024\" height=\"683\" data-id=\"3334\" src=\"https:\/\/vienna.wordcamp.org\/2024\/files\/2024\/03\/wordcamp-vienna-organizers-1024x683.jpg\" alt=\"\" class=\"wp-image-3334\" srcset=\"https:\/\/vienna.wordcamp.org\/2024\/files\/2024\/03\/wordcamp-vienna-organizers-1024x683.jpg 1024w, https:\/\/vienna.wordcamp.org\/2024\/files\/2024\/03\/wordcamp-vienna-organizers-300x200.jpg 300w, https:\/\/vienna.wordcamp.org\/2024\/files\/2024\/03\/wordcamp-vienna-organizers-768x512.jpg 768w, https:\/\/vienna.wordcamp.org\/2024\/files\/2024\/03\/wordcamp-vienna-organizers-450x300.jpg 450w, https:\/\/vienna.wordcamp.org\/2024\/files\/2024\/03\/wordcamp-vienna-organizers-1536x1024.jpg 1536w, https:\/\/vienna.wordcamp.org\/2024\/files\/2024\/03\/wordcamp-vienna-organizers.jpg 1600w\" sizes=\"auto, (max-width: 1024px) 100vw, 1024px\" \/><\/a><figcaption class=\"wp-element-caption\">Die Organisatorinnen und Organisatoren des WordCamp Vienna<\/figcaption><\/figure>\n\n\n\n<figure class=\"wp-block-image size-large\"><a href=\"https:\/\/vienna.wordcamp.org\/2024\/files\/2024\/03\/wordcamp-vienna-speakers.jpg\" target=\"_blank\" rel=\"noopener\"><img loading=\"lazy\" decoding=\"async\" width=\"1024\" height=\"683\" data-id=\"3333\" src=\"https:\/\/vienna.wordcamp.org\/2024\/files\/2024\/03\/wordcamp-vienna-speakers-1024x683.jpg\" alt=\"\" class=\"wp-image-3333\" srcset=\"https:\/\/vienna.wordcamp.org\/2024\/files\/2024\/03\/wordcamp-vienna-speakers-1024x683.jpg 1024w, https:\/\/vienna.wordcamp.org\/2024\/files\/2024\/03\/wordcamp-vienna-speakers-300x200.jpg 300w, https:\/\/vienna.wordcamp.org\/2024\/files\/2024\/03\/wordcamp-vienna-speakers-768x512.jpg 768w, https:\/\/vienna.wordcamp.org\/2024\/files\/2024\/03\/wordcamp-vienna-speakers-450x300.jpg 450w, https:\/\/vienna.wordcamp.org\/2024\/files\/2024\/03\/wordcamp-vienna-speakers-1536x1024.jpg 1536w, https:\/\/vienna.wordcamp.org\/2024\/files\/2024\/03\/wordcamp-vienna-speakers.jpg 1600w\" sizes=\"auto, (max-width: 1024px) 100vw, 1024px\" \/><\/a><figcaption class=\"wp-element-caption\">Spannende Vortr\u00e4ge<\/figcaption><\/figure>\n\n\n\n<figure class=\"wp-block-image size-large\"><a href=\"https:\/\/vienna.wordcamp.org\/2024\/files\/2024\/03\/wordcamp-vienna-helpdesk.jpg\" target=\"_blank\" rel=\"noopener\"><img loading=\"lazy\" decoding=\"async\" width=\"1024\" height=\"682\" data-id=\"3336\" src=\"https:\/\/vienna.wordcamp.org\/2024\/files\/2024\/03\/wordcamp-vienna-helpdesk-1024x682.jpg\" alt=\"\" class=\"wp-image-3336\" srcset=\"https:\/\/vienna.wordcamp.org\/2024\/files\/2024\/03\/wordcamp-vienna-helpdesk-1024x682.jpg 1024w, https:\/\/vienna.wordcamp.org\/2024\/files\/2024\/03\/wordcamp-vienna-helpdesk-300x200.jpg 300w, https:\/\/vienna.wordcamp.org\/2024\/files\/2024\/03\/wordcamp-vienna-helpdesk-768x512.jpg 768w, https:\/\/vienna.wordcamp.org\/2024\/files\/2024\/03\/wordcamp-vienna-helpdesk-450x300.jpg 450w, https:\/\/vienna.wordcamp.org\/2024\/files\/2024\/03\/wordcamp-vienna-helpdesk-1536x1023.jpg 1536w, https:\/\/vienna.wordcamp.org\/2024\/files\/2024\/03\/wordcamp-vienna-helpdesk.jpg 1600w\" sizes=\"auto, (max-width: 1024px) 100vw, 1024px\" \/><\/a><figcaption class=\"wp-element-caption\">Helpdesk am WordCamp Vienna<\/figcaption><\/figure>\n\n\n\n<figure class=\"wp-block-image size-large\"><a href=\"https:\/\/vienna.wordcamp.org\/2024\/files\/2024\/03\/wordcamp-vienna-entwickler.jpg\" target=\"_blank\" rel=\"noopener\"><img loading=\"lazy\" decoding=\"async\" width=\"1024\" height=\"683\" data-id=\"3338\" src=\"https:\/\/vienna.wordcamp.org\/2024\/files\/2024\/03\/wordcamp-vienna-entwickler-1024x683.jpg\" alt=\"\" class=\"wp-image-3338\" srcset=\"https:\/\/vienna.wordcamp.org\/2024\/files\/2024\/03\/wordcamp-vienna-entwickler-1024x683.jpg 1024w, https:\/\/vienna.wordcamp.org\/2024\/files\/2024\/03\/wordcamp-vienna-entwickler-300x200.jpg 300w, https:\/\/vienna.wordcamp.org\/2024\/files\/2024\/03\/wordcamp-vienna-entwickler-768x512.jpg 768w, https:\/\/vienna.wordcamp.org\/2024\/files\/2024\/03\/wordcamp-vienna-entwickler-450x300.jpg 450w, https:\/\/vienna.wordcamp.org\/2024\/files\/2024\/03\/wordcamp-vienna-entwickler-1536x1024.jpg 1536w, https:\/\/vienna.wordcamp.org\/2024\/files\/2024\/03\/wordcamp-vienna-entwickler.jpg 1600w\" sizes=\"auto, (max-width: 1024px) 100vw, 1024px\" \/><\/a><figcaption class=\"wp-element-caption\">Workshops auch f\u00fcr Entwicklerinnen und Entwickler in WordCamp Vienna<\/figcaption><\/figure>\n\n\n\n<figure class=\"wp-block-image size-large\"><a href=\"https:\/\/vienna.wordcamp.org\/2024\/files\/2024\/03\/wordcamp-vienna-networking.jpg\" target=\"_blank\" rel=\"noopener\"><img loading=\"lazy\" decoding=\"async\" width=\"1024\" height=\"683\" data-id=\"3335\" src=\"https:\/\/vienna.wordcamp.org\/2024\/files\/2024\/03\/wordcamp-vienna-networking-1024x683.jpg\" alt=\"\" class=\"wp-image-3335\" srcset=\"https:\/\/vienna.wordcamp.org\/2024\/files\/2024\/03\/wordcamp-vienna-networking-1024x683.jpg 1024w, https:\/\/vienna.wordcamp.org\/2024\/files\/2024\/03\/wordcamp-vienna-networking-300x200.jpg 300w, https:\/\/vienna.wordcamp.org\/2024\/files\/2024\/03\/wordcamp-vienna-networking-768x512.jpg 768w, https:\/\/vienna.wordcamp.org\/2024\/files\/2024\/03\/wordcamp-vienna-networking-450x300.jpg 450w, https:\/\/vienna.wordcamp.org\/2024\/files\/2024\/03\/wordcamp-vienna-networking-1536x1024.jpg 1536w, https:\/\/vienna.wordcamp.org\/2024\/files\/2024\/03\/wordcamp-vienna-networking.jpg 1600w\" sizes=\"auto, (max-width: 1024px) 100vw, 1024px\" \/><\/a><figcaption class=\"wp-element-caption\">Networking am WordCamp Vienna<\/figcaption><\/figure>\n\n\n\n<figure class=\"wp-block-image size-large\"><a href=\"https:\/\/vienna.wordcamp.org\/2024\/files\/2024\/03\/wordcamp-vienna-sponsors.jpg\" target=\"_blank\" rel=\"noopener\"><img loading=\"lazy\" decoding=\"async\" width=\"1024\" height=\"683\" data-id=\"3332\" src=\"https:\/\/vienna.wordcamp.org\/2024\/files\/2024\/03\/wordcamp-vienna-sponsors-1024x683.jpg\" alt=\"\" class=\"wp-image-3332\" srcset=\"https:\/\/vienna.wordcamp.org\/2024\/files\/2024\/03\/wordcamp-vienna-sponsors-1024x683.jpg 1024w, https:\/\/vienna.wordcamp.org\/2024\/files\/2024\/03\/wordcamp-vienna-sponsors-300x200.jpg 300w, https:\/\/vienna.wordcamp.org\/2024\/files\/2024\/03\/wordcamp-vienna-sponsors-768x512.jpg 768w, https:\/\/vienna.wordcamp.org\/2024\/files\/2024\/03\/wordcamp-vienna-sponsors-450x300.jpg 450w, https:\/\/vienna.wordcamp.org\/2024\/files\/2024\/03\/wordcamp-vienna-sponsors-1536x1024.jpg 1536w, https:\/\/vienna.wordcamp.org\/2024\/files\/2024\/03\/wordcamp-vienna-sponsors.jpg 1600w\" sizes=\"auto, (max-width: 1024px) 100vw, 1024px\" \/><\/a><figcaption class=\"wp-element-caption\">Gro\u00dfer Andrang bei den Sponsorenst\u00e4nden des WordCamp Vienna<\/figcaption><\/figure>\n\n\n\n<figure class=\"wp-block-image size-large\"><a href=\"https:\/\/vienna.wordcamp.org\/2024\/files\/2024\/03\/wordcamp-vienna-checkin.jpg\" target=\"_blank\" rel=\"noopener\"><img loading=\"lazy\" decoding=\"async\" width=\"1024\" height=\"683\" data-id=\"3339\" src=\"https:\/\/vienna.wordcamp.org\/2024\/files\/2024\/03\/wordcamp-vienna-checkin-1024x683.jpg\" alt=\"\" class=\"wp-image-3339\" srcset=\"https:\/\/vienna.wordcamp.org\/2024\/files\/2024\/03\/wordcamp-vienna-checkin-1024x683.jpg 1024w, https:\/\/vienna.wordcamp.org\/2024\/files\/2024\/03\/wordcamp-vienna-checkin-300x200.jpg 300w, https:\/\/vienna.wordcamp.org\/2024\/files\/2024\/03\/wordcamp-vienna-checkin-768x512.jpg 768w, https:\/\/vienna.wordcamp.org\/2024\/files\/2024\/03\/wordcamp-vienna-checkin-450x300.jpg 450w, https:\/\/vienna.wordcamp.org\/2024\/files\/2024\/03\/wordcamp-vienna-checkin-1536x1024.jpg 1536w, https:\/\/vienna.wordcamp.org\/2024\/files\/2024\/03\/wordcamp-vienna-checkin.jpg 1600w\" sizes=\"auto, (max-width: 1024px) 100vw, 1024px\" \/><\/a><figcaption class=\"wp-element-caption\">Check-in am WordCamp Vienna<\/figcaption><\/figure>\n<\/figure>\n<\/div><\/div>\n\n\n\n<div class=\"wp-block-group\"><div class=\"wp-block-group__inner-container is-layout-constrained wp-block-group-is-layout-constrained\">\n<h2 class=\"wp-block-heading\">Graphik<\/h2>\n\n\n\n<p class=\"wp-block-paragraph\">Logo, Badge, und Banners<\/p>\n\n\n\n<figure class=\"wp-block-gallery has-nested-images columns-4 wp-block-gallery-2 is-layout-flex wp-block-gallery-is-layout-flex\">\n<figure class=\"wp-block-image size-large\"><a href=\"https:\/\/vienna.wordcamp.org\/2024\/files\/2023\/12\/Wordcamp2024-Logo1.jpg\" target=\"_blank\" rel=\"noopener\"><img loading=\"lazy\" decoding=\"async\" width=\"1024\" height=\"1024\" data-id=\"318\" src=\"https:\/\/vienna.wordcamp.org\/2024\/files\/2023\/12\/Wordcamp2024-Logo1-1024x1024.jpg\" alt=\"\" class=\"wp-image-318\" srcset=\"https:\/\/vienna.wordcamp.org\/2024\/files\/2023\/12\/Wordcamp2024-Logo1-1024x1024.jpg 1024w, https:\/\/vienna.wordcamp.org\/2024\/files\/2023\/12\/Wordcamp2024-Logo1-300x300.jpg 300w, https:\/\/vienna.wordcamp.org\/2024\/files\/2023\/12\/Wordcamp2024-Logo1-150x150.jpg 150w, https:\/\/vienna.wordcamp.org\/2024\/files\/2023\/12\/Wordcamp2024-Logo1-768x768.jpg 768w, https:\/\/vienna.wordcamp.org\/2024\/files\/2023\/12\/Wordcamp2024-Logo1-1536x1536.jpg 1536w, https:\/\/vienna.wordcamp.org\/2024\/files\/2023\/12\/Wordcamp2024-Logo1.jpg 1667w\" sizes=\"auto, (max-width: 1024px) 100vw, 1024px\" \/><\/a><figcaption class=\"wp-element-caption\">Logo<\/figcaption><\/figure>\n\n\n\n<figure class=\"wp-block-image size-full\"><a href=\"https:\/\/vienna.wordcamp.org\/2024\/files\/2024\/03\/Wordcamp2024-fb-event.jpg\" target=\"_blank\" rel=\"noopener\"><img loading=\"lazy\" decoding=\"async\" width=\"1200\" height=\"628\" data-id=\"4254\" src=\"https:\/\/vienna.wordcamp.org\/2024\/files\/2024\/03\/Wordcamp2024-fb-event.jpg\" alt=\"\" class=\"wp-image-4254\" srcset=\"https:\/\/vienna.wordcamp.org\/2024\/files\/2024\/03\/Wordcamp2024-fb-event.jpg 1200w, https:\/\/vienna.wordcamp.org\/2024\/files\/2024\/03\/Wordcamp2024-fb-event-300x157.jpg 300w, https:\/\/vienna.wordcamp.org\/2024\/files\/2024\/03\/Wordcamp2024-fb-event-1024x536.jpg 1024w, https:\/\/vienna.wordcamp.org\/2024\/files\/2024\/03\/Wordcamp2024-fb-event-768x402.jpg 768w, https:\/\/vienna.wordcamp.org\/2024\/files\/2024\/03\/Wordcamp2024-fb-event-500x262.jpg 500w\" sizes=\"auto, (max-width: 1200px) 100vw, 1200px\" \/><\/a><figcaption class=\"wp-element-caption\">Banner 1<\/figcaption><\/figure>\n\n\n\n<figure class=\"wp-block-image size-full\"><a href=\"https:\/\/vienna.wordcamp.org\/2024\/files\/2024\/03\/Wordcamp2024-banner2.jpg\" target=\"_blank\" rel=\"noopener\"><img loading=\"lazy\" decoding=\"async\" width=\"1852\" height=\"320\" data-id=\"4253\" src=\"https:\/\/vienna.wordcamp.org\/2024\/files\/2024\/03\/Wordcamp2024-banner2.jpg\" alt=\"\" class=\"wp-image-4253\" srcset=\"https:\/\/vienna.wordcamp.org\/2024\/files\/2024\/03\/Wordcamp2024-banner2.jpg 1852w, https:\/\/vienna.wordcamp.org\/2024\/files\/2024\/03\/Wordcamp2024-banner2-300x52.jpg 300w, https:\/\/vienna.wordcamp.org\/2024\/files\/2024\/03\/Wordcamp2024-banner2-1024x177.jpg 1024w, https:\/\/vienna.wordcamp.org\/2024\/files\/2024\/03\/Wordcamp2024-banner2-768x133.jpg 768w, https:\/\/vienna.wordcamp.org\/2024\/files\/2024\/03\/Wordcamp2024-banner2-500x86.jpg 500w, https:\/\/vienna.wordcamp.org\/2024\/files\/2024\/03\/Wordcamp2024-banner2-1536x265.jpg 1536w\" sizes=\"auto, (max-width: 1852px) 100vw, 1852px\" \/><\/a><figcaption class=\"wp-element-caption\">Banner 2<\/figcaption><\/figure>\n\n\n\n<figure class=\"wp-block-image size-full\"><a href=\"https:\/\/vienna.wordcamp.org\/2024\/files\/2024\/03\/Wordcamp2024-banner-meetup3.jpg\" target=\"_blank\" rel=\"noopener\"><img loading=\"lazy\" decoding=\"async\" width=\"958\" height=\"129\" data-id=\"4252\" src=\"https:\/\/vienna.wordcamp.org\/2024\/files\/2024\/03\/Wordcamp2024-banner-meetup3.jpg\" alt=\"\" class=\"wp-image-4252\" srcset=\"https:\/\/vienna.wordcamp.org\/2024\/files\/2024\/03\/Wordcamp2024-banner-meetup3.jpg 958w, https:\/\/vienna.wordcamp.org\/2024\/files\/2024\/03\/Wordcamp2024-banner-meetup3-300x40.jpg 300w, https:\/\/vienna.wordcamp.org\/2024\/files\/2024\/03\/Wordcamp2024-banner-meetup3-768x103.jpg 768w, https:\/\/vienna.wordcamp.org\/2024\/files\/2024\/03\/Wordcamp2024-banner-meetup3-500x67.jpg 500w\" sizes=\"auto, (max-width: 958px) 100vw, 958px\" \/><\/a><figcaption class=\"wp-element-caption\">Header 1<\/figcaption><\/figure>\n<\/figure>\n<\/div><\/div>\n","protected":false},"excerpt":{"rendered":"<p>Wir laden Journalistinnen und Journalisten herzlich ein, \u00fcber diese einzigartige Veranstaltung zu berichten und Teil des WordCamp Vienna 2024 zu werden. Wir sind offen f\u00fcr Kooperationen und k\u00f6nnen Ihnen als Medien-Partner Sichtbarkeit auf dieser Website und vor Ort bieten. F\u00fcr Presseakkreditierungen, Interviews und weitere Informationen kontaktieren Sie bitte unser Organisationsteam. Kontakt WordCamp Vienna 2024 Lead &hellip; <a href=\"https:\/\/vienna.wordcamp.org\/2024\/presse\/\" class=\"more-link\">Continue reading<span class=\"screen-reader-text\"> &#8220;Presse&#8221;<\/span><\/a><\/p>\n","protected":false},"author":12536008,"featured_media":0,"parent":0,"menu_order":0,"comment_status":"closed","ping_status":"closed","template":"","meta":{"_crdt_document":"","footnotes":""},"class_list":["post-3318","page","type-page","status-publish","hentry"],"jetpack_sharing_enabled":true,"_links":{"self":[{"href":"https:\/\/vienna.wordcamp.org\/2024\/wp-json\/wp\/v2\/pages\/3318","targetHints":{"allow":["GET"]}}],"collection":[{"href":"https:\/\/vienna.wordcamp.org\/2024\/wp-json\/wp\/v2\/pages"}],"about":[{"href":"https:\/\/vienna.wordcamp.org\/2024\/wp-json\/wp\/v2\/types\/page"}],"author":[{"embeddable":true,"href":"https:\/\/vienna.wordcamp.org\/2024\/wp-json\/wp\/v2\/users\/12536008"}],"replies":[{"embeddable":true,"href":"https:\/\/vienna.wordcamp.org\/2024\/wp-json\/wp\/v2\/comments?post=3318"}],"version-history":[{"count":21,"href":"https:\/\/vienna.wordcamp.org\/2024\/wp-json\/wp\/v2\/pages\/3318\/revisions"}],"predecessor-version":[{"id":7491,"href":"https:\/\/vienna.wordcamp.org\/2024\/wp-json\/wp\/v2\/pages\/3318\/revisions\/7491"}],"wp:attachment":[{"href":"https:\/\/vienna.wordcamp.org\/2024\/wp-json\/wp\/v2\/media?parent=3318"}],"curies":[{"name":"wp","href":"https:\/\/api.w.org\/{rel}","templated":true}]}}