{"id":519,"date":"2018-01-30T09:50:30","date_gmt":"2018-01-30T09:50:30","guid":{"rendered":"https:\/\/2018.vienna.wordcamp.org\/?page_id=519"},"modified":"2023-04-12T11:53:11","modified_gmt":"2023-04-12T09:53:11","slug":"tickets-de","status":"publish","type":"page","link":"https:\/\/vienna.wordcamp.org\/2023\/tickets-de\/","title":{"rendered":"Tickets kaufen"},"content":{"rendered":"<div style=\"text-align: center;padding-bottom: 20px\"><strong><a href=\"\/2023\/tickets\/\">English<\/a><\/strong> \/ Deutsch<\/div>\n<div><\/div>\n<div style=\"text-align: center;padding-bottom: 20px\">Hol dir dein WordPress WordCamp Vienna Ticket <strong>JETZT!<\/strong><\/div>\n<p>Dein WordCamp-Ticket berechtigt dich sowohl zur Teilnahme an der Konferenz mit 2 Tracks am Samstag, den 15. April 2023 mit vielen spannenden Vortr\u00e4gen (in Deutsch und Englisch) als auch zum Contributor\/Workshop-Tag am Sonntag, den 16. April.<\/p>\n<p>Der Preis beinhaltet den Zugang zu allen Vortr\u00e4gen, das Mittagessen, Kaffeepausen und ein gratis Getr\u00e4nk bei der <strong>Afterparty<\/strong>. Au\u00dferdem erh\u00e4ltst du auch ein cooles <strong>exklusives T-Shirt<\/strong>, Aufkleber und jede Menge andere gro\u00dfartige &#8220;Goodies&#8221;.<\/p>\n<p>Es gelten die zum Zeitpunkt der Veranstaltung aktuellen Covid-Richtlinien der Stadt Wien.<\/p>\n<a href=\"https:\/\/vienna.wordcamp.org\/2023\/tickets-de\/\">Please view this page in a browser to purchase or manage tickets.<\/a>\n<p>F\u00fcr Community-Building- und Werbezwecke wird es auf dem WordCamp-Event freiwillige und auch professionelle FotografInnen und VideofilmerInnen geben. Durch die Teilnahme an der Veranstaltung stimmt ihr zu, dass euer Bild in den resultierenden Fotos oder Videos verwendet wird, die eure Teilnahme am WordCamp zeigen k\u00f6nnten.<\/p>\n<p>Bitte beachtet: <strong>R\u00fcckerstattungen<\/strong> sind leider nicht m\u00f6glich. Es ist kein Problem, wenn ihr ein Ticket, das ihr gekauft habt, als Geschenk weitergebt, mehrere Tickets f\u00fcr euer Team kauft oder es an jemand anderen verkaufen wollt. Ihr k\u00f6nnt die Details zum Ticketkauf \u00fcber den Link bearbeiten, den ihr in der Ticketbest\u00e4tigungs-Mail erhalten habt. Danke f\u00fcr euer Verst\u00e4ndnis!<\/p>\n","protected":false},"excerpt":{"rendered":"<p>English \/ Deutsch Hol dir dein WordPress WordCamp Vienna Ticket JETZT! Dein WordCamp-Ticket berechtigt dich sowohl zur Teilnahme an der Konferenz mit 2 Tracks am Samstag, den 15. April 2023 mit vielen spannenden Vortr\u00e4gen (in Deutsch und Englisch) als auch zum Contributor\/Workshop-Tag am Sonntag, den 16. April. Der Preis beinhaltet den Zugang zu allen Vortr\u00e4gen, &hellip; <a href=\"https:\/\/vienna.wordcamp.org\/2023\/tickets-de\/\" class=\"more-link\">Continue reading<span class=\"screen-reader-text\"> &#8220;Tickets kaufen&#8221;<\/span><\/a><\/p>\n","protected":false},"author":15449508,"featured_media":0,"parent":0,"menu_order":0,"comment_status":"closed","ping_status":"closed","template":"","meta":{"_crdt_document":"","jetpack_post_was_ever_published":false,"footnotes":""},"class_list":["post-519","page","type-page","status-publish","hentry"],"jetpack_sharing_enabled":true,"_links":{"self":[{"href":"https:\/\/vienna.wordcamp.org\/2023\/wp-json\/wp\/v2\/pages\/519","targetHints":{"allow":["GET"]}}],"collection":[{"href":"https:\/\/vienna.wordcamp.org\/2023\/wp-json\/wp\/v2\/pages"}],"about":[{"href":"https:\/\/vienna.wordcamp.org\/2023\/wp-json\/wp\/v2\/types\/page"}],"author":[{"embeddable":true,"href":"https:\/\/vienna.wordcamp.org\/2023\/wp-json\/wp\/v2\/users\/15449508"}],"replies":[{"embeddable":true,"href":"https:\/\/vienna.wordcamp.org\/2023\/wp-json\/wp\/v2\/comments?post=519"}],"version-history":[{"count":6,"href":"https:\/\/vienna.wordcamp.org\/2023\/wp-json\/wp\/v2\/pages\/519\/revisions"}],"predecessor-version":[{"id":6636,"href":"https:\/\/vienna.wordcamp.org\/2023\/wp-json\/wp\/v2\/pages\/519\/revisions\/6636"}],"wp:attachment":[{"href":"https:\/\/vienna.wordcamp.org\/2023\/wp-json\/wp\/v2\/media?parent=519"}],"curies":[{"name":"wp","href":"https:\/\/api.w.org\/{rel}","templated":true}]}}