{"id":4731,"date":"2022-12-10T11:14:14","date_gmt":"2022-12-10T10:14:14","guid":{"rendered":"https:\/\/vienna.wordcamp.org\/2023\/?page_id=4731"},"modified":"2023-04-12T13:02:44","modified_gmt":"2023-04-12T11:02:44","slug":"jobboard","status":"publish","type":"page","link":"https:\/\/vienna.wordcamp.org\/2023\/jobboard\/","title":{"rendered":"Jobboard"},"content":{"rendered":"\n<p class=\"wp-block-paragraph\">Our sponsors have the opportunity to present their job offers here. There will also be a job board in the lounge area on the day of the conference.<\/p>\n\n\n\n<p class=\"wp-block-paragraph\">Unsere Sponsoren haben die M\u00f6glichkeit, hier ihre Jobangebote zu pr\u00e4sentieren. Au\u00dferdem gibt es am Konferenztag ein Jobboard im Loungebereich.<\/p>\n\n\n\n<div class=\"wp-block-columns is-layout-flex wp-container-core-columns-is-layout-8f761849 wp-block-columns-is-layout-flex\">\n<div class=\"wp-block-column is-layout-flow wp-block-column-is-layout-flow\">\n<figure class=\"wp-block-image size-full\"><img loading=\"lazy\" decoding=\"async\" width=\"350\" height=\"135\" src=\"https:\/\/vienna.wordcamp.org\/2023\/files\/2022\/12\/krone-at_Logo-web.png\" alt=\"\" class=\"wp-image-4775\" srcset=\"https:\/\/vienna.wordcamp.org\/2023\/files\/2022\/12\/krone-at_Logo-web.png 350w, https:\/\/vienna.wordcamp.org\/2023\/files\/2022\/12\/krone-at_Logo-web-300x116.png 300w\" sizes=\"auto, (max-width: 350px) 100vw, 350px\" \/><\/figure>\n<\/div>\n\n\n\n<div class=\"wp-block-column is-vertically-aligned-center is-layout-flow wp-block-column-is-layout-flow\">\n<p class=\"wp-block-paragraph\"><a href=\"https:\/\/www.krone.at\/392364\" rel=\"nofollow\">https:\/\/www.krone.at\/392364<\/a><\/p>\n<\/div>\n<\/div>\n\n\n\n<figure class=\"wp-block-image size-large\"><img loading=\"lazy\" decoding=\"async\" width=\"726\" height=\"1024\" src=\"https:\/\/vienna.wordcamp.org\/2023\/files\/2023\/04\/Blockonomics_hiring-726x1024.png\" alt=\"\" class=\"wp-image-6617\" srcset=\"https:\/\/vienna.wordcamp.org\/2023\/files\/2023\/04\/Blockonomics_hiring-726x1024.png 726w, https:\/\/vienna.wordcamp.org\/2023\/files\/2023\/04\/Blockonomics_hiring-213x300.png 213w, https:\/\/vienna.wordcamp.org\/2023\/files\/2023\/04\/Blockonomics_hiring-768x1083.png 768w, https:\/\/vienna.wordcamp.org\/2023\/files\/2023\/04\/Blockonomics_hiring-1090x1536.png 1090w, https:\/\/vienna.wordcamp.org\/2023\/files\/2023\/04\/Blockonomics_hiring.png 1240w\" sizes=\"auto, (max-width: 726px) 100vw, 726px\" \/><\/figure>\n","protected":false},"excerpt":{"rendered":"<p>Our sponsors have the opportunity to present their job offers here. There will also be a job board in the lounge area on the day of the conference. Unsere Sponsoren haben die M\u00f6glichkeit, hier ihre Jobangebote zu pr\u00e4sentieren. Au\u00dferdem gibt es am Konferenztag ein Jobboard im Loungebereich. https:\/\/www.krone.at\/392364<\/p>\n","protected":false},"author":14422084,"featured_media":0,"parent":0,"menu_order":0,"comment_status":"closed","ping_status":"closed","template":"","meta":{"_crdt_document":"","jetpack_post_was_ever_published":false,"footnotes":""},"class_list":["post-4731","page","type-page","status-publish","hentry"],"jetpack_sharing_enabled":true,"_links":{"self":[{"href":"https:\/\/vienna.wordcamp.org\/2023\/wp-json\/wp\/v2\/pages\/4731","targetHints":{"allow":["GET"]}}],"collection":[{"href":"https:\/\/vienna.wordcamp.org\/2023\/wp-json\/wp\/v2\/pages"}],"about":[{"href":"https:\/\/vienna.wordcamp.org\/2023\/wp-json\/wp\/v2\/types\/page"}],"author":[{"embeddable":true,"href":"https:\/\/vienna.wordcamp.org\/2023\/wp-json\/wp\/v2\/users\/14422084"}],"replies":[{"embeddable":true,"href":"https:\/\/vienna.wordcamp.org\/2023\/wp-json\/wp\/v2\/comments?post=4731"}],"version-history":[{"count":6,"href":"https:\/\/vienna.wordcamp.org\/2023\/wp-json\/wp\/v2\/pages\/4731\/revisions"}],"predecessor-version":[{"id":6643,"href":"https:\/\/vienna.wordcamp.org\/2023\/wp-json\/wp\/v2\/pages\/4731\/revisions\/6643"}],"wp:attachment":[{"href":"https:\/\/vienna.wordcamp.org\/2023\/wp-json\/wp\/v2\/media?parent=4731"}],"curies":[{"name":"wp","href":"https:\/\/api.w.org\/{rel}","templated":true}]}}