{"id":2979,"date":"2019-01-31T16:35:17","date_gmt":"2019-01-31T14:35:17","guid":{"rendered":"https:\/\/2019.vienna.wordcamp.org\/?page_id=2979"},"modified":"2023-04-08T16:34:51","modified_gmt":"2023-04-08T14:34:51","slug":"zugang","status":"publish","type":"page","link":"https:\/\/vienna.wordcamp.org\/2023\/zugang\/","title":{"rendered":"Informationen zu Barrierefreiheit und Inklusion"},"content":{"rendered":"\r\n<p class=\"wp-block-paragraph\" style=\"text-align: center\"><a href=\"\/2023\/access\/\">English<\/a> \/ Deutsch<\/p>\r\n\r\n\r\n\r\n<p class=\"wp-block-paragraph\">Wir versuchen unser Bestes eine barrierefreie und inklusive Veranstaltung zu sein, auch wenn wir nat\u00fcrlich an gewisse Grenzen hinsichtlich Budget und allgemeiner Machbarkeit sto\u00dfen.<\/p>\r\n\r\n\r\n\r\n<p class=\"wp-block-paragraph\">Deswegen findest du hier eine Auflistung was wir an barrierefreien und inklusiven Angeboten bieten k\u00f6nnen und was leider nicht.<\/p>\r\n\r\n\r\n\r\n<p class=\"wp-block-paragraph\">Wenn wir etwas \u00fcbersehen haben, oder wenn du weitere Fragen hast, bitte <a href=\"\/2023\/contact\/\">schreib uns<\/a>.<\/p>\r\n\r\n\r\n\r\n<p class=\"wp-block-paragraph\" style=\"text-align: center\"><a href=\"#konferenz-tag\">Veranstaltungsort der Konferenz<\/a><br \/><a href=\"#after-party\">Veranstaltungsort der Afterparty<\/a><br \/><a href=\"#contributor-day\">Veranstaltungsort des Contributor Day<\/a><\/p>\r\n\r\n\r\n\r\n<p><!--more--><\/p>\r\n\r\n\r\n\r\n<h2 class=\"wp-block-heading\" id=\"konferenz-tag\">Veranstaltungsort der Konferenz<\/h2>\r\n\r\n\r\n\r\n<h3 class=\"wp-block-heading\">Assistenztiere<\/h3>\r\n\r\n\r\n\r\n<p class=\"wp-block-paragraph\">Blindenf\u00fchrhunde und Partnerhunde sind am Veranstaltungsort willkommen. (Wie in der <a href=\"https:\/\/satzung.univie.ac.at\/hausordnung\/\">Hausordnung<\/a> der Universit\u00e4t explizit erlaubt.)<\/p>\r\n\r\n\r\n\r\n<h3 class=\"wp-block-heading\">Behindertenparkpl\u00e4tze<\/h3>\r\n\r\n\r\n\r\n<p class=\"wp-block-paragraph\">Es gibt einige Parkplatz rund um den Veranstaltungsort. Au\u00dferdem sind alle Kurzparkpl\u00e4tze in Wien f\u00fcr gehbehinderte Personen zeitlich unbeschr\u00e4nkt und geb\u00fchrenfreie benutzbar.<\/p>\r\n\r\n\r\n\r\n<p class=\"wp-block-paragraph\">Allgemeine Informationen zu (Behinderten)parkpl\u00e4tzen findest du auf der <a href=\"https:\/\/www.wien.gv.at\/verkehr\/parken\/behindertenparkplaetze\/\">Webseite der Stadt Wien<\/a> wo du au\u00dferdem eine <a href=\"https:\/\/www.wien.gv.at\/stadtplan\/grafik.aspx?lang=de&amp;bookmark=bAVVRmW-aN0ZPJ1FEDUfjQ-a5RpplcVfVpEg-b-b&amp;bmadr=10202640\">Karte mit Parkpl\u00e4tzen und -garagen in der N\u00e4he des Veranstaltungsorts<\/a> findest.<\/p>\r\n\r\n\r\n\r\n<p class=\"wp-block-paragraph\">Die Parkpl\u00e4tze die dem Veranstaltungsort am n\u00e4chsten sind findest du hier:<\/p>\r\n\r\n\r\n\r\n<ul class=\"wp-block-list\">\r\n<li>Spitalgasse 2, 1090 Wien<\/li>\r\n<li>Garnisongasse 13, 1090 Wien<\/li>\r\n<\/ul>\r\n\r\n\r\n\r\n<p class=\"wp-block-paragraph\">Es gibt au\u00dferdem eine nahe gelegene <a href=\"http:\/\/bestinparking.at\/garage\/wien\/otto-wagnerplatz\">Parkgarage am Otto Wagnerplatz<\/a>.<\/p>\r\n\r\n\r\n\r\n<h3 class=\"wp-block-heading\">Diversit\u00e4t Tickets<\/h3>\r\n\r\n\r\n\r\n<p class=\"wp-block-paragraph\">In unseren Bem\u00fchungen WordCamp Vienna zu einem freundlichen und einladendem Event zu machen vergeben wir 10 kostenlose Diversit\u00e4ts-Tickets. <em>Mehr Informationen zu diesen Tickets folgen in K\u00fcrze.<\/em><\/p>\r\n\r\n\r\n\r\n<h3 class=\"wp-block-heading\">Induktionsschleifen<\/h3>\r\n\r\n\r\n\r\n<p class=\"wp-block-paragraph\">H\u00f6rsaal C1 und C2 sind mit Induktionsschleifen ausgestattet. Der Empfang sollte seitlich und in den ersten Reihen am besten sein.<\/p>\r\n\r\n\r\n\r\n<p class=\"wp-block-paragraph\">Auch wenn alles funktionsf\u00e4hig und einsatzbereit sein sollte: Um die einwandfreie Funktion zu gew\u00e4hrleisten <a href=\"\/2023\/contact\/\">kontaktiere uns<\/a> bitte im Vorhinein oder erw\u00e4hne deinen Bedarf bei der Registrierung. So k\u00f6nnen wir pr\u00fcfen dass alles funktioniert nachdem niemand in unserem Team pers\u00f6nliche Erfahrung mit dieser Infrastruktur hat.<\/p>\r\n\r\n\r\n\r\n\r\n\r\n<h3 class=\"wp-block-heading\">Kostenlose Tickets f\u00fcr Begleitpersonen<\/h3>\r\n\r\n\r\n\r\n<p class=\"wp-block-paragraph\">Begleitpersonen sind herzlich willkommen und k\u00f6nnen behinderte Besucher kostenlos begleiten. Bitte <a href=\"\/2023\/tickets\/\">kaufe ein Standard-Ticket<\/a> und kontaktiere uns dann damit wir bei der Registrierung ein kostenloses Ticket f\u00fcr deine Begleitperson bereithalten k\u00f6nnen.<\/p>\r\n\r\n\r\n\r\n<h3 class=\"wp-block-heading\">N\u00e4chste Station der \u00f6ffentlichen Verkehrsmittel<\/h3>\r\n\r\n\r\n\r\n<p class=\"wp-block-paragraph\">Die n\u00e4chste Station beim Veranstaltungsort ist &#8220;Lange Gasse&#8221; welche von den Stra\u00dfenbahnen 5, 33, 43 und 44 angefahren wird.<\/p>\r\n\r\n\r\n\r\n<p class=\"wp-block-paragraph\">Um deine Anreise zu planen kannst du den <a href=\"https:\/\/www.wienerlinien.at\/eportal3\/ep\/channelView.do\/pageTypeId\/66526\/channelId\/-46649\">Routenplaner<\/a> der Wiener Linien verwenden.<\/p>\r\n\r\n\r\n\r\n<p class=\"wp-block-paragraph\">In jedem Fall: Nachdem nicht alle Stra\u00dfenbahnen barrierefrei sind schadet es sicher nicht wenn du etwas mehr Zeit einplanst falls du ein oder zwei Z\u00fcge auslassen musst.<\/p>\r\n\r\n\r\n\r\n<h3 class=\"wp-block-heading\">Rollstuhlzugang<\/h3>\r\n\r\n\r\n\r\n<p class=\"wp-block-paragraph\">Der Campus der Universit\u00e4t Wien \u2013 Altes AKH ist weitestgehend barrierefrei zug\u00e4nglich. Nachdem es ein Universit\u00e4tscampus mit H\u00f6rs\u00e4len, Instituten und Lokalen ist gibt es einige barrierefreie Toiletten, aber du brauchst evtl. einen <a href=\"https:\/\/www.behindertenrat.at\/barrierefreiheit\/mobilitaet-und-verkehr\/euro-key\/\">Eurokey<\/a>.<\/p>\r\n\r\n\r\n\r\n<p class=\"wp-block-paragraph\">H\u00f6rsaal C1 liegt im Erdgeschoss und ist mit einer fixen, aufsteigenden Bestuhlung ausgestattet. H\u00f6rsaal C2 liegt im Zwischengescho\u00df KG. Der barrierefreie Zugang f\u00fcr RollstuhlfahrerInnen ist \u00fcber eine Brandschutz-T\u00fcre m\u00f6glich.<\/p>\r\n\r\n\r\n\r\n<p class=\"wp-block-paragraph\">Au\u00dferdem sind alle R\u00e4ume in denen Essen und Trinken serviert wird und alle G\u00e4nge dazwischen (wo sich die St\u00e4nde der SponsorInnen befinden und Besucher sich unterhalten k\u00f6nnen) mit dem Rollstuhl ben\u00fctzbar.<\/p>\r\n\r\n\r\n\r\n<h3 class=\"wp-block-heading\">Ruheraum \/ Stillraum<\/h3>\r\n\r\n\r\n\r\n<p class=\"wp-block-paragraph\">Es gibt einige (eingeschr\u00e4nkt) ruhige Ecken in und um (wenn das Wetter mitspielt) des Veranstaltungsorts. Dar\u00fcber hinaus haben wir leider keine eigenen R\u00e4ume f\u00fcr diese Zwecke zur Verf\u00fcgung.<\/p>\r\n\r\n\r\n\r\n<p class=\"wp-block-paragraph\"><a href=\"https:\/\/vienna.wordcamp.org\/2023\/contact\/\">Kontaktiere uns<\/a> bitte trotzdem, evtl. finden wir eine andere L\u00f6sung f\u00fcr dich.<\/p>\r\n\r\n\r\n\r\n<h3 class=\"wp-block-heading\">Spezielle Ern\u00e4hrungsbed\u00fcrfnisse<\/h3>\r\n\r\n\r\n\r\n<p class=\"wp-block-paragraph\">Wir bieten vegetarische, glutenfreie und vegane Optionen. Bitte gib deine Bed\u00fcrfnisse beim <a href=\"\/2023\/tickets\/\">Ticketkauf<\/a> an damit wir entsprechend planen k\u00f6nnen.<\/p>\r\n\r\n\r\n\r\n<p class=\"wp-block-paragraph\">Falls du dar\u00fcber hinausgehende spezielle Bed\u00fcrfnisse kannst du gerne dein eigenes Essen mitbringen oder uns <a href=\"\/2023\/contact\/\">kontaktieren<\/a> damit wir sehen k\u00f6nnen was wir f\u00fcr dich tun k\u00f6nnen.<\/p>\r\n\r\n\r\n\r\n<h2 class=\"wp-block-heading\" id=\"after-party\">Afterparty am Samstag<\/h2>\r\n\r\n\r\n\r\n<p class=\"wp-block-paragraph\">Die Afterparty wird nur wenige Meter vom Veranstaltungsort entfernt im Bierheurigen zum Gangl stattfinden. Noch innerhalb des Campus der Universit\u00e4t Wien \u2013 Altes AKH.<\/p>\r\n\r\n\r\n\r\n<h3 class=\"wp-block-heading\">Essen und Trinken<\/h3>\r\n\r\n\r\n\r\n<p class=\"wp-block-paragraph\">Als Teil deines Tickets bekommst du ein kostenloses Getr\u00e4nk (Bier oder nicht-alkoholisches Getr\u00e4nk). Auch wenn es vegetarisches Essen gibt m\u00f6chten wir darauf hinweisen dass diese aufgrund der klassisch \u00d6sterreichischen K\u00fcche eingeschr\u00e4nkt sind.<\/p>\r\n\r\n\r\n\r\n<p class=\"wp-block-paragraph\">Lokal ist barrierefrei, mit barrierefreies WC und Blindenhunde sind erlaubt.<\/p>\r\n\r\n\r\n<hr class=\"wp-block-separator is-style-dots\" \/>\r\n\r\n\r\n<h2 class=\"wp-block-heading\" id=\"contributor-day\">Contributor Day<\/h2>\r\n\r\n\r\n\r\n<p>Der Tag nach der Hauptkonferenz ist dem &#8220;Contributor Day&#8221; gewidmet, mehrere Teams treffen sich um gemeinsam Erfahrungen auszutauschen und in Workshops ihr Wissen rund um WordPress zu vertiefen.<\/p>\r\n<p><em>Derzeit stehen Location und Programm noch nicht fest, mehr Informationen wo der &#8220;Contributor Day&#8221; stattfindet und was euch erwartet werden in K\u00fcrze bekannt gegeben.<\/em><\/p>\r\n\r\n\r\n\r\n<p class=\"wp-block-paragraph\">Um deine Anreise zu planen kannst du den <a href=\"https:\/\/www.wienerlinien.at\/eportal3\/ep\/channelView.do\/pageTypeId\/66526\/channelId\/-46649\">Routenplaner<\/a> der Wiener Linien verwenden.<\/p>\r\n\r\n\r\n\r\n<p>&nbsp;<\/p>\r\n\r\n\r\n<hr class=\"wp-block-separator is-style-dots\" \/>\r\n\r\n\r\n<h2 class=\"wp-block-heading\">Fragen?<\/h2>\r\n\r\n\r\n\r\n<p class=\"wp-block-paragraph\">Wenn du weitere Informationen ben\u00f6tigst oder wir dir sonst irgendwie behilflich sein k\u00f6nnen kannst du uns gerne jederzeit <a href=\"\/2023\/contact\/\">kontaktieren<\/a>.<\/p>\r\n","protected":false},"excerpt":{"rendered":"<p>English \/ Deutsch Wir versuchen unser Bestes eine barrierefreie und inklusive Veranstaltung zu sein, auch wenn wir nat\u00fcrlich an gewisse Grenzen hinsichtlich Budget und allgemeiner Machbarkeit sto\u00dfen. Deswegen findest du hier eine Auflistung was wir an barrierefreien und inklusiven Angeboten bieten k\u00f6nnen und was leider nicht. Wenn wir etwas \u00fcbersehen haben, oder wenn du weitere &hellip; <a href=\"https:\/\/vienna.wordcamp.org\/2023\/zugang\/\" class=\"more-link\">Continue reading<span class=\"screen-reader-text\"> &#8220;Informationen zu Barrierefreiheit und Inklusion&#8221;<\/span><\/a><\/p>\n","protected":false},"author":15449508,"featured_media":2690,"parent":0,"menu_order":0,"comment_status":"closed","ping_status":"closed","template":"","meta":{"_crdt_document":"","jetpack_post_was_ever_published":false,"footnotes":""},"class_list":["post-2979","page","type-page","status-publish","has-post-thumbnail","hentry"],"jetpack_sharing_enabled":true,"_links":{"self":[{"href":"https:\/\/vienna.wordcamp.org\/2023\/wp-json\/wp\/v2\/pages\/2979","targetHints":{"allow":["GET"]}}],"collection":[{"href":"https:\/\/vienna.wordcamp.org\/2023\/wp-json\/wp\/v2\/pages"}],"about":[{"href":"https:\/\/vienna.wordcamp.org\/2023\/wp-json\/wp\/v2\/types\/page"}],"author":[{"embeddable":true,"href":"https:\/\/vienna.wordcamp.org\/2023\/wp-json\/wp\/v2\/users\/15449508"}],"replies":[{"embeddable":true,"href":"https:\/\/vienna.wordcamp.org\/2023\/wp-json\/wp\/v2\/comments?post=2979"}],"version-history":[{"count":3,"href":"https:\/\/vienna.wordcamp.org\/2023\/wp-json\/wp\/v2\/pages\/2979\/revisions"}],"predecessor-version":[{"id":6544,"href":"https:\/\/vienna.wordcamp.org\/2023\/wp-json\/wp\/v2\/pages\/2979\/revisions\/6544"}],"wp:featuredmedia":[{"embeddable":true,"href":"https:\/\/vienna.wordcamp.org\/2023\/wp-json\/"}],"wp:attachment":[{"href":"https:\/\/vienna.wordcamp.org\/2023\/wp-json\/wp\/v2\/media?parent=2979"}],"curies":[{"name":"wp","href":"https:\/\/api.w.org\/{rel}","templated":true}]}}