{"id":541,"date":"2018-02-02T10:35:34","date_gmt":"2018-02-02T09:35:34","guid":{"rendered":"https:\/\/2018.vienna.wordcamp.org\/?page_id=541"},"modified":"2018-03-09T12:22:10","modified_gmt":"2018-03-09T11:22:10","slug":"freiwillige-helferinnen-gesucht","status":"publish","type":"page","link":"https:\/\/vienna.wordcamp.org\/2018\/freiwillige-helferinnen-gesucht\/","title":{"rendered":"Freiwillige HelferInnen gesucht"},"content":{"rendered":"<div><img loading=\"lazy\" decoding=\"async\" data-attachment-id=\"1257\" data-permalink=\"https:\/\/vienna.wordcamp.org\/2018\/its-all-about-the-community\/team\/\" data-orig-file=\"https:\/\/vienna.wordcamp.org\/2018\/files\/2018\/03\/Team.jpg\" data-orig-size=\"1024,684\" data-comments-opened=\"1\" data-image-meta=\"{&quot;aperture&quot;:&quot;0&quot;,&quot;credit&quot;:&quot;&quot;,&quot;camera&quot;:&quot;&quot;,&quot;caption&quot;:&quot;&quot;,&quot;created_timestamp&quot;:&quot;0&quot;,&quot;copyright&quot;:&quot;&quot;,&quot;focal_length&quot;:&quot;0&quot;,&quot;iso&quot;:&quot;0&quot;,&quot;shutter_speed&quot;:&quot;0&quot;,&quot;title&quot;:&quot;&quot;,&quot;orientation&quot;:&quot;0&quot;}\" data-image-title=\"Team\" data-image-description=\"\" data-image-caption=\"\" data-large-file=\"https:\/\/vienna.wordcamp.org\/2018\/files\/2018\/03\/Team-1024x684.jpg\" class=\"aligncenter wp-image-1257 size-full\" src=\"https:\/\/2018.vienna.wordcamp.org\/files\/2018\/03\/Team.jpg\" alt=\"\" width=\"1024\" height=\"684\" srcset=\"https:\/\/vienna.wordcamp.org\/2018\/files\/2018\/03\/Team.jpg 1024w, https:\/\/vienna.wordcamp.org\/2018\/files\/2018\/03\/Team-300x200.jpg 300w, https:\/\/vienna.wordcamp.org\/2018\/files\/2018\/03\/Team-768x513.jpg 768w, https:\/\/vienna.wordcamp.org\/2018\/files\/2018\/03\/Team-449x300.jpg 449w\" sizes=\"auto, (max-width: 1024px) 100vw, 1024px\" \/><\/div>\n<div style=\"text-align: center;padding-bottom: 20px\"><strong><a href=\"\/call-for-volunteers\/\">English<\/a> \/ Deutsch<\/strong><\/div>\n<p>Ein Freiwilliger beim WordCamp Vienna zu sein ist eine lohnende und auch erf\u00fcllende Erfahrung. Es bietet euch die M\u00f6glichkeit, sich mit Teilnehmern aus der ganzen Welt zu treffen und zu plaudern, aber auch die Vortragenden und Organisatoren bei ihrer Arbeit zu unterst\u00fctzen. Die Unterst\u00fctzung von freiwilligen HelferInnnen ist enorm wichtig, ohne diese Hilfe k\u00f6nnte das WordCamp Vienna nicht so erfolgreich sein wie es ist.<\/p>\n<p>Als freiwilliger Helfer ben\u00f6tigst du keinerlei Erfahrung bei der Organisation von WordCamps. Alles, was du mitbringen solltest, ist Energie, Enthusiasmus, bequemes Schuhwerk und die Liebe zur WordPress-Community.<\/p>\n<p>Das Aufgabengebiet w\u00e4hrende der Veranstaltung wird abwechslungsreich sein und ihr k\u00f6nnt eure freiwilligen T\u00e4tigkeiten auch unterbrechen, um bestimmte, f\u00fcr euch interessante Vortr\u00e4ge der Konferenz zu besuchen.<\/p>\n<p>Solltet ihr euch freiwillig melden, dann kauft jetzt noch kein Ticket, ihr bekommt von uns eine gratis Eintrittskarte f\u00fcr das WordCamp Vienna. Bitte f\u00fcllt unten stehendes Formular mit euren Daten aus und schreibt uns auch welche Position f\u00fcr euch interessant w\u00e4re:<\/p>\n<div data-test='contact-form'\n\t\t\tid='contact-form-541'\n\t\t\tclass='jetpack-contact-form-container '\n\t\t\tdata-wp-interactive='jetpack\/form' data-wp-context='{\"formId\":\"541\",\"formHash\":\"70d5707d105514cd1735511af53c936f4ad49429\",\"showErrors\":false,\"errors\":[],\"fields\":[],\"isMultiStep\":false,\"useAjax\":true,\"submissionData\":null,\"formattedSubmissionData\":[],\"submissionSuccess\":false,\"submissionError\":null,\"elementId\":\"jp-form-70d5707d105514cd1735511af53c936f4ad49429\",\"isSingleInputForm\":false,\"isForcedHorizontal\":false}'\n\t\t\tdata-wp-watch--scroll-to-wrapper=\"callbacks.scrollToWrapper\"\n\t\t>\n<div class=\"contact-form-submission contact-form-ajax-submission\" data-wp-bind--aria-hidden=\"state.isSuccessMessageAriaHidden\" data-wp-class--submission-success=\"context.submissionSuccess\" id=\"contact-form-success-70d5707d105514cd1735511af53c936f4ad49429\" tabindex=\"-1\" aria-labelledby=\"contact-form-success-header-70d5707d105514cd1735511af53c936f4ad49429\"><p class=\"go-back-message\"><a class=\"link\" role=\"button\" tabindex=\"0\" data-wp-on--click=\"actions.goBack\" href=\"\/2018\/wp-json\/wp\/v2\/pages\/541\">\u2190 Back<\/a><\/p><h4 data-wp-bind--aria-hidden=\"state.isSuccessMessageAriaHidden\" id=\"contact-form-success-header-70d5707d105514cd1735511af53c936f4ad49429\">Thank you for your response. \u2728<\/h4>\n\n<template data-wp-each--submission=\"context.formattedSubmissionData\">\n\t\t\t\t\t<div class=\"jetpack_forms_contact-form-success-summary\">\n\t\t\t\t\t\t<div class=\"field-name-wrapper\">\n\t\t\t\t\t\t\t<div class=\"field-type-icon\" data-wp-watch=\"callbacks.watchFieldTypeIcon\"><\/div>\n\t\t\t\t\t\t\t<div class=\"field-name\" data-wp-text=\"context.submission.label\" data-wp-bind--hidden=\"!context.submission.label\"><\/div>\n\t\t\t\t\t\t<\/div>\n\t\t\t\t\t\t<div class=\"field-value\" data-wp-text=\"context.submission.value\" data-wp-bind--hidden=\"!context.submission.showPlainValue\"><\/div>\n\t\t\t\t\t\t<a class=\"field-url\" data-wp-bind--href=\"context.submission.url\" data-wp-text=\"context.submission.value\" data-wp-bind--hidden=\"!context.submission.url\" target=\"_blank\" rel=\"noopener noreferrer\"><\/a>\n\t\t\t\t\t\t<div class=\"field-rating\" data-wp-bind--hidden=\"!context.submission.rating\" data-wp-watch=\"callbacks.watchRatingIcons\"><\/div>\n\t\t\t\t\t\t<div class=\"field-images\" data-wp-bind--hidden=\"!context.submission.images\">\n\t\t\t\t\t\t\t<template data-wp-each--image=\"context.submission.images\">\n\t\t\t\t\t\t\t\t<div class=\"field-image-option\" data-wp-class--is-empty=\"!context.image.src\">\n\t\t\t\t\t\t\t\t\t<figure class=\"field-image-option__image\" data-wp-class--is-empty=\"!context.image.src\">\n\t\t\t\t\t\t\t\t\t\t<img data-wp-bind--src=\"context.image.src\" data-wp-bind--hidden=\"!context.image.src\" \/>\n\t\t\t\t\t\t\t\t\t\t<img decoding=\"async\" src=\"data:image\/gif;base64,R0lGODlhAQABAAD\/ACwAAAAAAQABAAACADs=\" data-wp-bind--hidden=\"context.image.src\" \/>\n\t\t\t\t\t\t\t\t\t<\/figure>\n\t\t\t\t\t\t\t\t\t<div class=\"field-image-option__label-wrapper\">\n\t\t\t\t\t\t\t\t\t\t<span class=\"field-image-option__label-code\" data-wp-text=\"context.image.letterCode\"><\/span>\n\t\t\t\t\t\t\t\t\t\t<span class=\"field-image-option__label\" data-wp-text=\"context.image.label\" data-wp-bind--hidden=\"!context.image.label\"><\/span>\n\t\t\t\t\t\t\t\t\t<\/div>\n\t\t\t\t\t\t\t\t<\/div>\n\t\t\t\t\t\t\t<\/template>\n\t\t\t\t\t\t<\/div>\n\t\t\t\t\t\t<div class=\"field-files\" data-wp-bind--hidden=\"!context.submission.files\">\n\t\t\t\t\t\t\t<template data-wp-each--file=\"context.submission.files\">\n\t\t\t\t\t\t\t\t<div class=\"field-file\">\n\t\t\t\t\t\t\t\t\t<div class=\"field-file__thumbnail\" data-wp-style--background-image=\"context.file.previewUrl\" data-wp-style--mask-image=\"context.file.iconUrl\" data-wp-bind--hidden=\"!context.file.hasPreview\"><\/div>\n\t\t\t\t\t\t\t\t\t<svg class=\"field-file__icon\" data-wp-bind--hidden=\"context.file.hasPreview\" width=\"20\" height=\"20\" viewBox=\"0 0 24 24\" fill=\"none\" xmlns=\"http:\/\/www.w3.org\/2000\/svg\" aria-hidden=\"true\">\n\t\t\t\t\t\t\t\t\t\t<path d=\"M14 2H6C4.9 2 4 2.9 4 4V20C4 21.1 4.89 22 5.99 22H18C19.1 22 20 21.1 20 20V8L14 2ZM18 20H6V4H13V9H18V20Z\" fill=\"currentColor\"\/>\n\t\t\t\t\t\t\t\t\t<\/svg>\n\t\t\t\t\t\t\t\t\t<span class=\"field-file__name\" data-wp-text=\"context.file.name\"><\/span>\n\t\t\t\t\t\t\t\t\t<span class=\"field-file__size\" data-wp-text=\"context.file.size\"><\/span>\n\t\t\t\t\t\t\t\t<\/div>\n\t\t\t\t\t\t\t<\/template>\n\t\t\t\t\t\t<\/div>\n\t\t\t\t\t<\/div>\n\t\t\t\t<\/template><\/div><form action='https:\/\/vienna.wordcamp.org\/2018\/freiwillige-helferinnen-gesucht\/'\n\t\t\t\tid='jp-form-70d5707d105514cd1735511af53c936f4ad49429'\n\t\t\t\tmethod='post'\n\t\t\t\tclass='contact-form commentsblock jetpack-contact-form__form has-no-jetpack-form-layout' aria-label=\"Freiwillige HelferInnen gesucht\"\n\t\t\t\tdata-wp-on--submit=\"actions.onFormSubmit\"\n\t\t\t\tdata-wp-on--reset=\"actions.onFormReset\"\n\t\t\t\tdata-wp-class--submission-success=\"context.submissionSuccess\"\n\t\t\t\tdata-wp-class--is-first-step=\"state.isFirstStep\"\n\t\t\t\tdata-wp-class--is-last-step=\"state.isLastStep\"\n\t\t\t\tdata-wp-class--is-ajax-form=\"context.useAjax\"\n\t\t\t\tnovalidate >\n<input type='hidden' name='jetpack_contact_form_jwt' value='eyJ0eXAiOiJKV1QiLCJhbGciOiJIUzI1NiJ9.eyJlbmNyeXB0ZWRfYXR0cmlidXRlcyI6Inoyb3FtWkFTaDNmL2xuSmMxRXlxR3dacnM0RmJJOTA4UUJScnMyRWVxQTl6Z2UxM1l4TmtqUlltaXJvZW44Q29oT2tpdk94eVNsZlFZa2FBcDJZOXN1Mm1vVldIRlBKZ2h3V1p0WVEzcnA2UTVFQmFSaVYvOHEyYndmSWZ3TC8rQnhUQVo4UWlEU01wcmtaalFSSlY2d0Y4SjFJVHI3NTBkaFFtY0Q1eTkwR0ZUZzhsSGxENVZyeXJoYUk2Y1pSTzNsY2tiYmdJblB0WGhuam02WUo4WTI5UXM2VmFFeUk3cHhZVjBab1NyTG5uK3ZHaklab1dGR2QzSFc1SHBmREtFRTJ5bS9Scll5VFBYUkpxT25lQ0NwcisyVnFqVE91UDVlaHdFMUVxRFcwZ0txN3dFaWZqNGV5d3VFa0p1QVFqcE5HR1o1ZUpFMkRWYWJUZ2JWRllINHN6ZVVEeklPNTlqSyt1L1dNUjVSbHMvK041VktOWHJGWFlPNVJqNjRDQzFUcSsrb3BuVWNmdm5vU2tPRDAxSEgvZC9VTWl5TTNmc2F2YTNQVUlrN2lCM3YxSTJCbTN6KzJwQXBVSDFOTzNJbzd1RkNjV0doaUwxdk1kM0piWER5bG5iY1lMdUJGamJiUlowVTFLa3FyQmt1SmZpUTFYblYzeExka3BTMkQxZWowdi9YZkpXTERvQ2o5MjR3UEFteDBJK1ovbmdmMFlLa2NZSndnUXJjMVEydUVrNnBhNTljOXBCWUxvZkpKYlg1RngrSjgzczV0WHpBakVLRXBRTWc0bUVqeVkzbWViY3VXdy9mRkkwZWxxenM5NWxtTWs3TTAzTkJScS9reWVDUHdUL2RlVWw4K2o1ZjN3aVk4REpQOUdMVVU2TlJRMkMrdVRVRlpMMVJiTHNhOW9SVFR1NTV4QmlwWkxDSldGcm85Rlg1MExlL3pkU2ZpMTNzWWwwa01YMGZ0NVRyZzF6dHZoc082aTFsL1pXVWo3a3BCR2MxcUpUSHIrV3l4WTE4QVFxaWFDZnNoVXRUR3BNRWlxR1RhL1BNQ0dwZ0tTTmZoNGdmUHY2WDQ1NUZBQ1pwRVBzMGlmaUVnZnR4WVpSc2V0bVkvVWJhUDQ2Nk80eGRISnVnNlE3NG9qM3dJMnFDRGZqWUxPTExObmkyYnZ3aE1JZ25zcHI1SHJVOW8vZDZ6NldISDNyaUN4RHBGK3AyU0djRG9DZ0E9PSIsImNvbnRlbnQiOiJbY29udGFjdC1maWVsZCBsYWJlbD0nTmFtZScgdHlwZT0nbmFtZScgcmVxdWlyZWQ9JzEnL11bY29udGFjdC1maWVsZCBsYWJlbD0nRW1haWwnIHR5cGU9J2VtYWlsJyByZXF1aXJlZD0nMScvXVtjb250YWN0LWZpZWxkIGxhYmVsPSdUZWxlcGhvbmUnIHR5cGU9J25hbWUnL11bY29udGFjdC1maWVsZCBsYWJlbD0nQ29tbWVudCcgdHlwZT0ndGV4dGFyZWEnIHJlcXVpcmVkPScxJy9dIiwiaGFzaCI6IjcwZDU3MDdkMTA1NTE0Y2QxNzM1NTExYWY1M2M5MzZmNGFkNDk0MjkiLCJzb3VyY2UiOnsiZW50cnlfdGl0bGUiOiJGcmVpd2lsbGlnZSBIZWxmZXJJbm5lbiBnZXN1Y2h0IiwiZW50cnlfcGFnZSI6MSwic291cmNlX2lkIjo1NDEsInNvdXJjZV90eXBlIjoic2luZ2xlIiwicmVxdWVzdF91cmwiOiJodHRwczovL3ZpZW5uYS53b3JkY2FtcC5vcmcvMjAxOC93cC1qc29uL3dwL3YyL3BhZ2VzLzU0MSJ9LCJ2ZXJzaW9uIjoyLCJjaXBoZXIiOiJhZXMtMjU2LWdjbSJ9.mZaoe1nnR4QhgW7agZj3DlH0-zamkX7Vscr2BrKPcVQ' \/>\n\n<div style=\"\"  data-wp-interactive=\"jetpack\/form\" data-wp-context='{\"fieldId\":\"g541-name\",\"fieldType\":\"name\",\"fieldLabel\":\"Name\",\"fieldValue\":\"\",\"fieldPlaceholder\":\"\",\"fieldIsRequired\":\"1\",\"fieldErrorMessage\":\"\",\"fieldExtra\":[],\"formHash\":\"70d5707d105514cd1735511af53c936f4ad49429\"}'  class='grunion-field-name-wrap grunion-field-wrap'  data-wp-init='callbacks.initializeField' data-wp-on--jetpack-form-reset='callbacks.initializeField' >\n<label\n\t\t\t\tfor='g541-name' class=\"grunion-field-label name\" >Name<span class=\"grunion-label-required\" aria-hidden=\"true\">(required)<\/span><\/label>\n<input\n\t\t\t\t\ttype='text'\n\t\t\t\t\tname='g541-name'\n\t\t\t\t\tid='g541-name'\n\t\t\t\t\tvalue=''\n\n\t\t\t\t\tdata-wp-bind--aria-invalid='state.fieldAriaInvalid'\n\t\t\t\t\tdata-wp-bind--value='state.getFieldValue'\n\t\t\t\t\taria-describedby='g541-name-text-error-message'\n\t\t\t\t\tdata-wp-on--input='actions.onFieldChange'\n\t\t\t\t\tdata-wp-on--blur='actions.onFieldBlur'\n\t\t\t\t\tdata-wp-class--has-value='state.hasFieldValue'\n\n\t\t\t\t\tclass='name  grunion-field' \n\t\t\t\t\trequired='true' aria-required='true'  \/>\n \n\t\t\t<div id=\"g541-name-text-error\" class=\"contact-form__input-error\" data-wp-class--has-errors=\"state.fieldHasErrors\">\n\t\t\t\t<span class=\"contact-form__warning-icon\" aria-hidden=\"true\">\n\t\t\t\t\t<svg width=\"16\" height=\"16\" viewBox=\"0 0 16 16\" fill=\"none\" xmlns=\"http:\/\/www.w3.org\/2000\/svg\">\n\t\t\t\t\t\t<path d=\"M8.50015 11.6402H7.50015V10.6402H8.50015V11.6402Z\" \/>\n\t\t\t\t\t\t<path d=\"M7.50015 9.64018H8.50015V6.30684H7.50015V9.64018Z\" \/>\n\t\t\t\t\t\t<path fill-rule=\"evenodd\" clip-rule=\"evenodd\" d=\"M6.98331 3.0947C7.42933 2.30177 8.57096 2.30177 9.01698 3.09469L13.8771 11.7349C14.3145 12.5126 13.7525 13.4735 12.8602 13.4735H3.14004C2.24774 13.4735 1.68575 12.5126 2.12321 11.7349L6.98331 3.0947ZM8.14541 3.58496C8.08169 3.47168 7.9186 3.47168 7.85488 3.58496L2.99478 12.2251C2.93229 12.3362 3.01257 12.4735 3.14004 12.4735H12.8602C12.9877 12.4735 13.068 12.3362 13.0055 12.2251L8.14541 3.58496Z\" \/>\n\t\t\t\t\t<\/svg>\n\t\t\t\t<\/span>\n\t\t\t\t<span data-wp-text=\"state.errorMessage\" id=\"g541-name-text-error-message\"><\/span>\n\t\t\t<\/div> \n\t<\/div>\n\n<div style=\"\"  data-wp-interactive=\"jetpack\/form\" data-wp-context='{\"fieldId\":\"g541-email\",\"fieldType\":\"email\",\"fieldLabel\":\"Email\",\"fieldValue\":\"\",\"fieldPlaceholder\":\"\",\"fieldIsRequired\":\"1\",\"fieldErrorMessage\":\"\",\"fieldExtra\":[],\"formHash\":\"70d5707d105514cd1735511af53c936f4ad49429\"}'  class='grunion-field-email-wrap grunion-field-wrap'  data-wp-init='callbacks.initializeField' data-wp-on--jetpack-form-reset='callbacks.initializeField' >\n<label\n\t\t\t\tfor='g541-email' class=\"grunion-field-label email\" >Email<span class=\"grunion-label-required\" aria-hidden=\"true\">(required)<\/span><\/label>\n<input\n\t\t\t\t\ttype='email'\n\t\t\t\t\tname='g541-email'\n\t\t\t\t\tid='g541-email'\n\t\t\t\t\tvalue=''\n\n\t\t\t\t\tdata-wp-bind--aria-invalid='state.fieldAriaInvalid'\n\t\t\t\t\tdata-wp-bind--value='state.getFieldValue'\n\t\t\t\t\taria-describedby='g541-email-email-error-message'\n\t\t\t\t\tdata-wp-on--input='actions.onFieldChange'\n\t\t\t\t\tdata-wp-on--blur='actions.onFieldBlur'\n\t\t\t\t\tdata-wp-class--has-value='state.hasFieldValue'\n\n\t\t\t\t\tclass='email  grunion-field' \n\t\t\t\t\trequired='true' aria-required='true'  \/>\n \n\t\t\t<div id=\"g541-email-email-error\" class=\"contact-form__input-error\" data-wp-class--has-errors=\"state.fieldHasErrors\">\n\t\t\t\t<span class=\"contact-form__warning-icon\" aria-hidden=\"true\">\n\t\t\t\t\t<svg width=\"16\" height=\"16\" viewBox=\"0 0 16 16\" fill=\"none\" xmlns=\"http:\/\/www.w3.org\/2000\/svg\">\n\t\t\t\t\t\t<path d=\"M8.50015 11.6402H7.50015V10.6402H8.50015V11.6402Z\" \/>\n\t\t\t\t\t\t<path d=\"M7.50015 9.64018H8.50015V6.30684H7.50015V9.64018Z\" \/>\n\t\t\t\t\t\t<path fill-rule=\"evenodd\" clip-rule=\"evenodd\" d=\"M6.98331 3.0947C7.42933 2.30177 8.57096 2.30177 9.01698 3.09469L13.8771 11.7349C14.3145 12.5126 13.7525 13.4735 12.8602 13.4735H3.14004C2.24774 13.4735 1.68575 12.5126 2.12321 11.7349L6.98331 3.0947ZM8.14541 3.58496C8.08169 3.47168 7.9186 3.47168 7.85488 3.58496L2.99478 12.2251C2.93229 12.3362 3.01257 12.4735 3.14004 12.4735H12.8602C12.9877 12.4735 13.068 12.3362 13.0055 12.2251L8.14541 3.58496Z\" \/>\n\t\t\t\t\t<\/svg>\n\t\t\t\t<\/span>\n\t\t\t\t<span data-wp-text=\"state.errorMessage\" id=\"g541-email-email-error-message\"><\/span>\n\t\t\t<\/div> \n\t<\/div>\n\n<div style=\"\"  data-wp-interactive=\"jetpack\/form\" data-wp-context='{\"fieldId\":\"g541-telephone\",\"fieldType\":\"name\",\"fieldLabel\":\"Telephone\",\"fieldValue\":\"\",\"fieldPlaceholder\":\"\",\"fieldIsRequired\":\"\",\"fieldErrorMessage\":\"\",\"fieldExtra\":[],\"formHash\":\"70d5707d105514cd1735511af53c936f4ad49429\"}'  class='grunion-field-name-wrap grunion-field-wrap'  data-wp-init='callbacks.initializeField' data-wp-on--jetpack-form-reset='callbacks.initializeField' >\n<label\n\t\t\t\tfor='g541-telephone' class=\"grunion-field-label name\" >Telephone<\/label>\n<input\n\t\t\t\t\ttype='text'\n\t\t\t\t\tname='g541-telephone'\n\t\t\t\t\tid='g541-telephone'\n\t\t\t\t\tvalue=''\n\n\t\t\t\t\tdata-wp-bind--aria-invalid='state.fieldAriaInvalid'\n\t\t\t\t\tdata-wp-bind--value='state.getFieldValue'\n\t\t\t\t\taria-describedby='g541-telephone-text-error-message'\n\t\t\t\t\tdata-wp-on--input='actions.onFieldChange'\n\t\t\t\t\tdata-wp-on--blur='actions.onFieldBlur'\n\t\t\t\t\tdata-wp-class--has-value='state.hasFieldValue'\n\n\t\t\t\t\tclass='name  grunion-field' \n\t\t\t\t\t \/>\n \n\t\t\t<div id=\"g541-telephone-text-error\" class=\"contact-form__input-error\" data-wp-class--has-errors=\"state.fieldHasErrors\">\n\t\t\t\t<span class=\"contact-form__warning-icon\" aria-hidden=\"true\">\n\t\t\t\t\t<svg width=\"16\" height=\"16\" viewBox=\"0 0 16 16\" fill=\"none\" xmlns=\"http:\/\/www.w3.org\/2000\/svg\">\n\t\t\t\t\t\t<path d=\"M8.50015 11.6402H7.50015V10.6402H8.50015V11.6402Z\" \/>\n\t\t\t\t\t\t<path d=\"M7.50015 9.64018H8.50015V6.30684H7.50015V9.64018Z\" \/>\n\t\t\t\t\t\t<path fill-rule=\"evenodd\" clip-rule=\"evenodd\" d=\"M6.98331 3.0947C7.42933 2.30177 8.57096 2.30177 9.01698 3.09469L13.8771 11.7349C14.3145 12.5126 13.7525 13.4735 12.8602 13.4735H3.14004C2.24774 13.4735 1.68575 12.5126 2.12321 11.7349L6.98331 3.0947ZM8.14541 3.58496C8.08169 3.47168 7.9186 3.47168 7.85488 3.58496L2.99478 12.2251C2.93229 12.3362 3.01257 12.4735 3.14004 12.4735H12.8602C12.9877 12.4735 13.068 12.3362 13.0055 12.2251L8.14541 3.58496Z\" \/>\n\t\t\t\t\t<\/svg>\n\t\t\t\t<\/span>\n\t\t\t\t<span data-wp-text=\"state.errorMessage\" id=\"g541-telephone-text-error-message\"><\/span>\n\t\t\t<\/div> \n\t<\/div>\n\n<div style=\"\"  data-wp-interactive=\"jetpack\/form\" data-wp-context='{\"fieldId\":\"g541-comment\",\"fieldType\":\"textarea\",\"fieldLabel\":\"Comment\",\"fieldValue\":\"\",\"fieldPlaceholder\":\"\",\"fieldIsRequired\":\"1\",\"fieldErrorMessage\":\"\",\"fieldExtra\":[],\"formHash\":\"70d5707d105514cd1735511af53c936f4ad49429\"}'  class='grunion-field-textarea-wrap grunion-field-wrap'  data-wp-init='callbacks.initializeField' data-wp-on--jetpack-form-reset='callbacks.initializeField' >\n<label\n\t\t\t\tfor='contact-form-comment-g541-comment' class=\"grunion-field-label textarea\" >Comment<span class=\"grunion-label-required\" aria-hidden=\"true\">(required)<\/span><\/label>\n<textarea\n\t\t                style=''\n\t\t                name='g541-comment'\n\t\t                id='contact-form-comment-g541-comment'\n\t\t                rows='20'\n\t\t\t\t\t\tdata-wp-text='state.getFieldValue'\n\t\t\t\t\t\tdata-wp-on--input='actions.onFieldChange'\n\t\t\t\t\t\tdata-wp-on--blur='actions.onFieldBlur'\n\t\t\t\t\t\tdata-wp-class--has-value='state.hasFieldValue'\n\t\t\t\t\t\taria-describedby='g541-comment-textarea-error-message'\n\t\t\t\t\t\tdata-wp-bind--aria-invalid='state.fieldAriaInvalid'\n\t\t\t\t\t\tclass='textarea  grunion-field'  required aria-required='true'><\/textarea>\n \n\t\t\t<div id=\"g541-comment-textarea-error\" class=\"contact-form__input-error\" data-wp-class--has-errors=\"state.fieldHasErrors\">\n\t\t\t\t<span class=\"contact-form__warning-icon\" aria-hidden=\"true\">\n\t\t\t\t\t<svg width=\"16\" height=\"16\" viewBox=\"0 0 16 16\" fill=\"none\" xmlns=\"http:\/\/www.w3.org\/2000\/svg\">\n\t\t\t\t\t\t<path d=\"M8.50015 11.6402H7.50015V10.6402H8.50015V11.6402Z\" \/>\n\t\t\t\t\t\t<path d=\"M7.50015 9.64018H8.50015V6.30684H7.50015V9.64018Z\" \/>\n\t\t\t\t\t\t<path fill-rule=\"evenodd\" clip-rule=\"evenodd\" d=\"M6.98331 3.0947C7.42933 2.30177 8.57096 2.30177 9.01698 3.09469L13.8771 11.7349C14.3145 12.5126 13.7525 13.4735 12.8602 13.4735H3.14004C2.24774 13.4735 1.68575 12.5126 2.12321 11.7349L6.98331 3.0947ZM8.14541 3.58496C8.08169 3.47168 7.9186 3.47168 7.85488 3.58496L2.99478 12.2251C2.93229 12.3362 3.01257 12.4735 3.14004 12.4735H12.8602C12.9877 12.4735 13.068 12.3362 13.0055 12.2251L8.14541 3.58496Z\" \/>\n\t\t\t\t\t<\/svg>\n\t\t\t\t<\/span>\n\t\t\t\t<span data-wp-text=\"state.errorMessage\" id=\"g541-comment-textarea-error-message\"><\/span>\n\t\t\t<\/div>\n\t<\/div>\n\t<p class='contact-submit'>\n<div class=\"contact-form__error\" data-wp-class--show-errors=\"state.showFormErrors\"><span class=\"contact-form__warning-icon\" aria-hidden=\"true\"><i><\/i><\/span><span class=\"contact-form__error-message\" tabindex=\"-1\" data-wp-watch=\"callbacks.focusOnValidationError\" data-wp-text=\"state.getFormErrorMessage\"><\/span><ul aria-label=\"Form errors\">\n\t\t\t\t<template data-wp-each=\"state.getErrorList\" data-wp-key=\"context.item.id\">\n\t\t\t\t\t<li><a data-wp-bind--href=\"context.item.anchor\" data-wp-on--click=\"actions.scrollIntoView\" data-wp-text=\"context.item.label\"><\/a><\/li>\n\t\t\t\t<\/template>\n\t\t\t\t<\/ul><\/div><div class=\"contact-form__error\" data-wp-class--show-errors=\"state.showSubmissionError\" data-wp-text=\"context.submissionError\" tabindex=\"-1\" data-wp-watch=\"callbacks.focusOnSubmissionError\"><\/div>\t\t<button type='submit' class='pushbutton-wide'>Submit<\/button>\t\t<input type='hidden' name='contact-form-id' value='541' \/>\n\t\t<input type='hidden' name='action' value='grunion-contact-form' \/>\n\t\t<input type='hidden' name='contact-form-hash' value='70d5707d105514cd1735511af53c936f4ad49429' \/>\n\t<\/p>\n<p style=\"display: none !important;\" class=\"akismet-fields-container\" data-prefix=\"ak_\"><label>&#916;<textarea name=\"ak_hp_textarea\" cols=\"45\" rows=\"8\" maxlength=\"100\"><\/textarea><\/label><input type=\"hidden\" id=\"ak_js_1\" name=\"ak_js\" value=\"127\"\/><script type=\"text\/javascript\">\n\/* <![CDATA[ *\/\ndocument.getElementById( \"ak_js_1\" ).setAttribute( \"value\", ( new Date() ).getTime() );\n\/* ]]> *\/\n<\/script>\n<\/p><\/form>\n<\/div>\n<h3>Als HelferIn beim WordCamp Vienna, bekommst du:<\/h3>\n<ul>\n<li>Die M\u00f6glichkeit einen Blick hinter die Kulissen der Veranstaltung zu werfen<\/li>\n<li>Ein wichtiger Teil der Veranstaltung an diesem Tag zu sein<\/li>\n<li>Die M\u00f6glichkeit interessante Leute zu treffen die mit WordPress zu tun haben<\/li>\n<li>Mitten drin sein und WordCamp-Teilnehmer aus der ganzen Welt treffen<\/li>\n<li>Ein exklusives T-Shirt speziell f\u00fcr alle HelferInnen<\/li>\n<li>Eine gratis Eintrittskarte f\u00fcr das WordCamp<\/li>\n<li>Anerkennung f\u00fcr eure Zeit, Aufmerksamkeit und Bem\u00fchungen<\/li>\n<\/ul>\n<h3>Zu besetzende Positionen:<\/h3>\n<ul>\n<li><strong>Team bei der Registration<\/strong> \u2013 Teilnehmer einchecken und Namensschilder verteilen. WordCamp-T-Shirts ausgeben und Goodies am Nachmittag verteilen.<\/li>\n<li><strong>Happiness Bar<\/strong> \u2013 Hilf anderen Word-Press Nutzern bei ihren Webseiten.<\/li>\n<li><strong>Raum\u00fcberwachung<\/strong> \u2013 Sorge daf\u00fcr, dass die Konferenzr\u00e4ume nicht \u00fcberf\u00fcllt sind und verhindere zu lautes T\u00fcr\u00f6ffnen, wenn Personen den Raum betreten und verlassen.<\/li>\n<li><strong>Zeit-Manager<\/strong> \u2013 Arbeite mit den Organisatoren, Filmern, Rednern und allen anderen zusammen, damit die Vortr\u00e4ge reibungslos und p\u00fcnktlich ablaufen k\u00f6nnen!<\/li>\n<li><strong>Mikrol\u00e4ufer<\/strong> \u2013 W\u00e4hrend den Frage- und Antwortzeiten das Mikrofon zum n\u00e4chsten Fragesteller bringen.<\/li>\n<li><strong>Video\/Fotografie<\/strong> &#8211; Hilf mit die Veranstaltung mit Fotos und Videomaterial zu unterst\u00fctzen.<\/li>\n<li><strong>Security<\/strong> \u2013 Auf den Vortragsraum achten, in dem Redner und Freiwillige ihre Sachen lassen.<\/li>\n<li><strong>Essens-Crew<\/strong> \u2013 F\u00fcr Ordnung in den Speises\u00e4len sorgen!<\/li>\n<li><strong>Contributor Day<\/strong> \u2013 Allgemeine Hilfe f\u00fcr die Anmeldung und Vorbereitung der R\u00e4umlichkeiten und Verteilung von Goodies.<\/li>\n<li><strong>Fr\u00fchaufsteher<\/strong> \u2013 Fr\u00fch am Samstag morgen ben\u00f6tigen wir ein Team von Freiwilligen um in der N\u00e4he Beschriftungen f\u00fcr die Veranstaltung anzubringen. (Fr\u00fchst\u00fcck und Kaffee wird zur Verf\u00fcgung gestellt).<\/li>\n<\/ul>\n","protected":false},"excerpt":{"rendered":"<p>English \/ Deutsch Ein Freiwilliger beim WordCamp Vienna zu sein ist eine lohnende und auch erf\u00fcllende Erfahrung. Es bietet euch die M\u00f6glichkeit, sich mit Teilnehmern aus der ganzen Welt zu treffen und zu plaudern, aber auch die Vortragenden und Organisatoren bei ihrer Arbeit zu unterst\u00fctzen. Die Unterst\u00fctzung von freiwilligen HelferInnnen ist enorm wichtig, ohne diese [&hellip;]<\/p>\n","protected":false},"author":15449508,"featured_media":1257,"parent":0,"menu_order":0,"comment_status":"closed","ping_status":"closed","template":"","meta":{"_crdt_document":"","footnotes":""},"class_list":["post-541","page","type-page","status-publish","has-post-thumbnail","hentry"],"jetpack_sharing_enabled":true,"jetpack_shortlink":"https:\/\/wp.me\/PheLTZ-8J","_links":{"self":[{"href":"https:\/\/vienna.wordcamp.org\/2018\/wp-json\/wp\/v2\/pages\/541","targetHints":{"allow":["GET"]}}],"collection":[{"href":"https:\/\/vienna.wordcamp.org\/2018\/wp-json\/wp\/v2\/pages"}],"about":[{"href":"https:\/\/vienna.wordcamp.org\/2018\/wp-json\/wp\/v2\/types\/page"}],"author":[{"embeddable":true,"href":"https:\/\/vienna.wordcamp.org\/2018\/wp-json\/wp\/v2\/users\/15449508"}],"replies":[{"embeddable":true,"href":"https:\/\/vienna.wordcamp.org\/2018\/wp-json\/wp\/v2\/comments?post=541"}],"version-history":[{"count":4,"href":"https:\/\/vienna.wordcamp.org\/2018\/wp-json\/wp\/v2\/pages\/541\/revisions"}],"predecessor-version":[{"id":1292,"href":"https:\/\/vienna.wordcamp.org\/2018\/wp-json\/wp\/v2\/pages\/541\/revisions\/1292"}],"wp:featuredmedia":[{"embeddable":true,"href":"https:\/\/vienna.wordcamp.org\/2018\/wp-json\/wp\/v2\/media\/1257"}],"wp:attachment":[{"href":"https:\/\/vienna.wordcamp.org\/2018\/wp-json\/wp\/v2\/media?parent=541"}],"curies":[{"name":"wp","href":"https:\/\/api.w.org\/{rel}","templated":true}]}}