{"id":9,"date":"2015-01-12T18:32:46","date_gmt":"2015-01-12T18:32:46","guid":{"rendered":"https:\/\/2015.vienna.wordcamp.org\/location\/"},"modified":"2015-03-19T16:42:41","modified_gmt":"2015-03-19T15:42:41","slug":"location","status":"publish","type":"page","link":"https:\/\/vienna.wordcamp.org\/2015\/location\/","title":{"rendered":"Location"},"content":{"rendered":"<h3>When<\/h3>\n<p>April 11, 2015 from 9:00 to 18:00<\/p>\n<h3>Where<\/h3>\n<p><a href=\"https:\/\/www.google.com\/maps\/embed?pb=!1m18!1m12!1m3!1d664.5713780051184!2d16.35639367608868!3d48.22037658956496!2m3!1f0!2f0!3f0!3m2!1i1024!2i768!4f13.1!3m3!1m2!1s0x476d07c77902a505:0x37538533a6ffe573!2sUniversit%C3%A4t%20Wien%20-%20Fakult%C3%A4t%20f%C3%BCr%20Informatik!5e0!3m2!1sde!2sat!4v1423068529475\">Universit\u00e4t Wien \/ Vienna University<br \/>\nW\u00e4hringerstrasse 29, 1090 Vienna, Austria<\/a><\/p>\n<div class=\"googlemaps\">\n\t\t\t\t<iframe loading=\"lazy\" width=\"600\" height=\"450\" frameborder=\"0\" scrolling=\"no\" marginheight=\"0\" marginwidth=\"0\"  src=\"https:\/\/www.google.com\/maps\/embed?pb=!1m18!1m12!1m3!1d664.5713780051184!2d16.35639367608868!3d48.22037658956496!2m3!1f0!2f0!3f0!3m2!1i1024!2i768!4f13.1!3m3!1m2!1s0x476d07c77902a505:0x37538533a6ffe573!2sUniversit\u00e4t%20Wien%20-%20Fakult\u00e4t%20f\u00fcr%20Informatik!5e0!3m2!1sde!2sat!4v1423068529475\"><\/iframe>\n\t\t\t<\/div>\n","protected":false},"excerpt":{"rendered":"<p>When April 11, 2015 from 9:00 to 18:00 Where Universit\u00e4t Wien \/ Vienna University W\u00e4hringerstrasse 29, 1090 Vienna, Austria<\/p>\n","protected":false},"author":7488871,"featured_media":0,"parent":0,"menu_order":0,"comment_status":"closed","ping_status":"open","template":"","meta":{"_crdt_document":"","jetpack_post_was_ever_published":false,"footnotes":""},"class_list":["post-9","page","type-page","status-publish","hentry"],"jetpack_sharing_enabled":true,"jetpack_shortlink":"https:\/\/wp.me\/P5Bn2d-9","_links":{"self":[{"href":"https:\/\/vienna.wordcamp.org\/2015\/wp-json\/wp\/v2\/pages\/9","targetHints":{"allow":["GET"]}}],"collection":[{"href":"https:\/\/vienna.wordcamp.org\/2015\/wp-json\/wp\/v2\/pages"}],"about":[{"href":"https:\/\/vienna.wordcamp.org\/2015\/wp-json\/wp\/v2\/types\/page"}],"author":[{"embeddable":true,"href":"https:\/\/vienna.wordcamp.org\/2015\/wp-json\/wp\/v2\/users\/7488871"}],"replies":[{"embeddable":true,"href":"https:\/\/vienna.wordcamp.org\/2015\/wp-json\/wp\/v2\/comments?post=9"}],"version-history":[{"count":6,"href":"https:\/\/vienna.wordcamp.org\/2015\/wp-json\/wp\/v2\/pages\/9\/revisions"}],"predecessor-version":[{"id":509,"href":"https:\/\/vienna.wordcamp.org\/2015\/wp-json\/wp\/v2\/pages\/9\/revisions\/509"}],"wp:attachment":[{"href":"https:\/\/vienna.wordcamp.org\/2015\/wp-json\/wp\/v2\/media?parent=9"}],"curies":[{"name":"wp","href":"https:\/\/api.w.org\/{rel}","templated":true}]}}